{"id":938,"date":"2025-10-07T12:03:14","date_gmt":"2025-10-07T10:03:14","guid":{"rendered":"https:\/\/poshoorn.nl\/?page_id=938"},"modified":"2025-10-07T12:06:45","modified_gmt":"2025-10-07T10:06:45","slug":"vrienden-van-de-poshoorn","status":"publish","type":"page","link":"https:\/\/poshoorn.nl\/fr\/vrienden-van-de-poshoorn\/","title":{"rendered":"Amis du Poshoorn"},"content":{"rendered":"<div data-elementor-type=\"wp-page\" data-elementor-id=\"938\" class=\"elementor elementor-938\" data-elementor-post-type=\"page\">\n\t\t\t\t<div class=\"elementor-element elementor-element-0033ddd e-con-full e-flex elementor-invisible e-con e-parent\" data-id=\"0033ddd\" data-element_type=\"container\" data-e-type=\"container\" data-settings=\"{&quot;background_background&quot;:&quot;classic&quot;,&quot;animation&quot;:&quot;fadeIn&quot;,&quot;jet_parallax_layout_list&quot;:[]}\">\n\t\t<div class=\"elementor-element elementor-element-22b1396 e-con-full e-flex e-con e-child\" data-id=\"22b1396\" data-element_type=\"container\" data-e-type=\"container\" data-settings=\"{&quot;jet_parallax_layout_list&quot;:[]}\">\n\t\t\t\t<div class=\"elementor-element elementor-element-451697e elementor-widget elementor-widget-heading\" data-id=\"451697e\" data-element_type=\"widget\" data-e-type=\"widget\" data-widget_type=\"heading.default\">\n\t\t\t\t<div class=\"elementor-widget-container\">\n\t\t\t\t\t<h1 class=\"elementor-heading-title elementor-size-default\">Amis du Poshoorn<\/h1>\t\t\t\t<\/div>\n\t\t\t\t<\/div>\n\t\t\t\t<\/div>\n\t\t\t\t<\/div>\n\t\t<div class=\"elementor-element elementor-element-480e160 animated-slow e-grid e-con-boxed elementor-invisible e-con e-parent\" data-id=\"480e160\" data-element_type=\"container\" data-e-type=\"container\" data-settings=\"{&quot;background_background&quot;:&quot;classic&quot;,&quot;animation&quot;:&quot;fadeIn&quot;,&quot;jet_parallax_layout_list&quot;:[]}\">\n\t\t\t\t\t<div class=\"e-con-inner\">\n\t\t<div class=\"elementor-element elementor-element-4117100 e-con-full e-flex e-con e-child\" data-id=\"4117100\" data-element_type=\"container\" data-e-type=\"container\" data-settings=\"{&quot;jet_parallax_layout_list&quot;:[]}\">\n\t\t\t\t<div class=\"elementor-element elementor-element-630544d elementor-widget elementor-widget-heading\" data-id=\"630544d\" data-element_type=\"widget\" data-e-type=\"widget\" data-widget_type=\"heading.default\">\n\t\t\t\t<div class=\"elementor-widget-container\">\n\t\t\t\t\t<h2 class=\"elementor-heading-title elementor-size-default\">Carte des amis du Poshoorn<\/h2>\t\t\t\t<\/div>\n\t\t\t\t<\/div>\n\t\t\t\t<div class=\"elementor-element elementor-element-30de3a2 elementor-widget__width-initial elementor-widget elementor-widget-text-editor\" data-id=\"30de3a2\" data-element_type=\"widget\" data-e-type=\"widget\" data-widget_type=\"text-editor.default\">\n\t\t\t\t<div class=\"elementor-widget-container\">\n\t\t\t\t\t\t\t\t\t<div class=\"x_elementToProof\" data-olk-copy-source=\"MessageBody\">\ud83c\udf89 Devenez AMI de De Poshoorn !<\/div><div class=\"x_elementToProof\">\u00a0<\/div><div class=\"x_elementToProof\">Avec la carte \u00ab Les Amis de De Poshoorn \u00bb, vous b\u00e9n\u00e9ficiez d'avantages suppl\u00e9mentaires :<\/div><div class=\"x_elementToProof\">\ud83c\udf7a Offres bourguignonnes<\/div><div class=\"x_elementToProof\">\ud83e\uddc0 Amuse-bouches gratuits<\/div><div class=\"x_elementToProof\">\ud83c\udf82 Friandises d'anniversaire<\/div><div class=\"x_elementToProof\">\u26bd Et une promotion sp\u00e9ciale pour le match du MVV !<\/div><div class=\"x_elementToProof\">\u00a0<\/div><div class=\"x_elementToProof\">Utilisez le lien ou scannez le code QR, ajoutez la carte \u00e0 votre portefeuille et profitez imm\u00e9diatement de votre premier avantage.<\/div><div class=\"x_elementToProof\">\u00a0<\/div><div class=\"x_elementToProof\">\ud83d\udc49 La carte des amis du Poshoorn : parce que l'amiti\u00e9 se c\u00e9l\u00e8bre mieux autour d'un bon verre au c\u0153ur de Wyck !<\/div>\t\t\t\t\t\t\t\t<\/div>\n\t\t\t\t<\/div>\n\t\t\t\t<div class=\"elementor-element elementor-element-1e03305 elementor-widget elementor-widget-button\" data-id=\"1e03305\" data-element_type=\"widget\" data-e-type=\"widget\" data-widget_type=\"button.default\">\n\t\t\t\t<div class=\"elementor-widget-container\">\n\t\t\t\t\t\t\t\t\t<div class=\"elementor-button-wrapper\">\n\t\t\t\t\t<a class=\"elementor-button elementor-button-link elementor-size-sm\" href=\"https:\/\/qr.any.id\/poshoorn\" target=\"_blank\" rel=\"noopener\">\n\t\t\t\t\t\t<span class=\"elementor-button-content-wrapper\">\n\t\t\t\t\t\t\t\t\t<span class=\"elementor-button-text\">Devenez ami !<\/span>\n\t\t\t\t\t<\/span>\n\t\t\t\t\t<\/a>\n\t\t\t\t<\/div>\n\t\t\t\t\t\t\t\t<\/div>\n\t\t\t\t<\/div>\n\t\t\t\t<\/div>\n\t\t<div class=\"elementor-element elementor-element-a814adf e-grid e-con-full e-con e-child\" data-id=\"a814adf\" data-element_type=\"container\" data-e-type=\"container\" data-settings=\"{&quot;jet_parallax_layout_list&quot;:[]}\">\n\t\t\t\t<div class=\"elementor-element elementor-element-b99fffb elementor-widget elementor-widget-image\" data-id=\"b99fffb\" data-element_type=\"widget\" data-e-type=\"widget\" data-widget_type=\"image.default\">\n\t\t\t\t<div class=\"elementor-widget-container\">\n\t\t\t\t\t\t\t\t\t\t\t\t\t\t\t<img fetchpriority=\"high\" decoding=\"async\" width=\"1844\" height=\"2560\" src=\"https:\/\/poshoorn.nl\/wp-content\/uploads\/2025\/10\/A5-Front-side-Cafe-Poshoorn-NL-scaled.jpg\" class=\"attachment-full size-full wp-image-939\" alt=\"\" srcset=\"https:\/\/poshoorn.nl\/wp-content\/uploads\/2025\/10\/A5-Front-side-Cafe-Poshoorn-NL-scaled.jpg 1844w, https:\/\/poshoorn.nl\/wp-content\/uploads\/2025\/10\/A5-Front-side-Cafe-Poshoorn-NL-216x300.jpg 216w, https:\/\/poshoorn.nl\/wp-content\/uploads\/2025\/10\/A5-Front-side-Cafe-Poshoorn-NL-738x1024.jpg 738w, https:\/\/poshoorn.nl\/wp-content\/uploads\/2025\/10\/A5-Front-side-Cafe-Poshoorn-NL-768x1066.jpg 768w, https:\/\/poshoorn.nl\/wp-content\/uploads\/2025\/10\/A5-Front-side-Cafe-Poshoorn-NL-1107x1536.jpg 1107w, https:\/\/poshoorn.nl\/wp-content\/uploads\/2025\/10\/A5-Front-side-Cafe-Poshoorn-NL-1475x2048.jpg 1475w, https:\/\/poshoorn.nl\/wp-content\/uploads\/2025\/10\/A5-Front-side-Cafe-Poshoorn-NL-9x12.jpg 9w\" sizes=\"(max-width: 1844px) 100vw, 1844px\" title=\"\">\t\t\t\t\t\t\t\t\t\t\t\t\t\t\t<\/div>\n\t\t\t\t<\/div>\n\t\t\t\t<\/div>\n\t\t\t\t\t<\/div>\n\t\t\t\t<\/div>\n\t\t<div class=\"elementor-element elementor-element-22e0c08 animated-slow elementor-hidden-desktop elementor-hidden-tablet elementor-hidden-mobile e-flex e-con-boxed elementor-invisible e-con e-parent\" data-id=\"22e0c08\" data-element_type=\"container\" data-e-type=\"container\" data-settings=\"{&quot;background_background&quot;:&quot;classic&quot;,&quot;animation&quot;:&quot;fadeIn&quot;,&quot;jet_parallax_layout_list&quot;:[]}\">\n\t\t\t\t\t<div class=\"e-con-inner\">\n\t\t<div class=\"elementor-element elementor-element-78e85b4 e-con-full e-flex e-con e-child\" data-id=\"78e85b4\" data-element_type=\"container\" data-e-type=\"container\" data-settings=\"{&quot;jet_parallax_layout_list&quot;:[]}\">\n\t\t\t\t<div class=\"elementor-element elementor-element-06d536b elementor-widget elementor-widget-heading\" data-id=\"06d536b\" data-element_type=\"widget\" data-e-type=\"widget\" data-widget_type=\"heading.default\">\n\t\t\t\t<div class=\"elementor-widget-container\">\n\t\t\t\t\t<h2 class=\"elementor-heading-title elementor-size-default\">D\u00c9GUSTATIONS DE BI\u00c8RES<\/h2>\t\t\t\t<\/div>\n\t\t\t\t<\/div>\n\t\t\t\t<div class=\"elementor-element elementor-element-4482ae9 elementor-widget elementor-widget-text-editor\" data-id=\"4482ae9\" data-element_type=\"widget\" data-e-type=\"widget\" data-widget_type=\"text-editor.default\">\n\t\t\t\t<div class=\"elementor-widget-container\">\n\t\t\t\t\t\t\t\t\t<p>Rejoignez-nous pour explorer le paysage dynamique des bi\u00e8res de sp\u00e9cialit\u00e9. D\u00e9couvrez de nouvelles saveurs et laissez-vous inspirer par de fantastiques combinaisons de bi\u00e8res et de mets.<span class=\"Apple-converted-space\">\u00a0<\/span><\/p><p>Sur la base de notre propre passion pour la gastronomie et les boissons, nous organisons des d\u00eeners et des d\u00e9gustations de bi\u00e8res dans diff\u00e9rentes compositions. Des bi\u00e8res accessibles pour les curieux de la premi\u00e8re heure aux bi\u00e8res de sp\u00e9cialit\u00e9 pour les connaisseurs, les d\u00eeners et les d\u00e9gustations de bi\u00e8res se d\u00e9roulent dans une ambiance conviviale et chaleureuse. <i>beargeeks<\/i>. Nos sommeliers de la bi\u00e8re, sp\u00e9cialement form\u00e9s, connaissent parfaitement les saveurs et les combinaisons parfaites avec les bi\u00e8res. <i>morsures<\/i> <i>sur le c\u00f4t\u00e9<\/i> et des plats complets. A d\u00e9couvrir <a href=\"\/fr\/proeflokaal\/\">ici<\/a>\u00a0nos forfaits.<\/p>\t\t\t\t\t\t\t\t<\/div>\n\t\t\t\t<\/div>\n\t\t\t\t<div class=\"elementor-element elementor-element-5283482 elementor-widget__width-initial elementor-widget elementor-widget-button\" data-id=\"5283482\" data-element_type=\"widget\" data-e-type=\"widget\" data-widget_type=\"button.default\">\n\t\t\t\t<div class=\"elementor-widget-container\">\n\t\t\t\t\t\t\t\t\t<div class=\"elementor-button-wrapper\">\n\t\t\t\t\t<a class=\"elementor-button elementor-button-link elementor-size-sm\" href=\"\/fr\/proeflokaal\/\">\n\t\t\t\t\t\t<span class=\"elementor-button-content-wrapper\">\n\t\t\t\t\t\t\t\t\t<span class=\"elementor-button-text\">Se rendre \u00e0 la salle de d\u00e9gustation<\/span>\n\t\t\t\t\t<\/span>\n\t\t\t\t\t<\/a>\n\t\t\t\t<\/div>\n\t\t\t\t\t\t\t\t<\/div>\n\t\t\t\t<\/div>\n\t\t\t\t<\/div>\n\t\t<div class=\"elementor-element elementor-element-fd4475d e-con-full e-flex e-con e-child\" data-id=\"fd4475d\" data-element_type=\"container\" data-e-type=\"container\" data-settings=\"{&quot;jet_parallax_layout_list&quot;:[]}\">\n\t\t\t\t<div class=\"elementor-element elementor-element-3b1ec72 elementor-widget elementor-widget-heading\" data-id=\"3b1ec72\" data-element_type=\"widget\" data-e-type=\"widget\" data-widget_type=\"heading.default\">\n\t\t\t\t<div class=\"elementor-widget-container\">\n\t\t\t\t\t<h2 class=\"elementor-heading-title elementor-size-default\">D\u00c9GUSTATIONS DE VINS<\/h2>\t\t\t\t<\/div>\n\t\t\t\t<\/div>\n\t\t\t\t<div class=\"elementor-element elementor-element-735d0b6 elementor-widget elementor-widget-text-editor\" data-id=\"735d0b6\" data-element_type=\"widget\" data-e-type=\"widget\" data-widget_type=\"text-editor.default\">\n\t\t\t\t<div class=\"elementor-widget-container\">\n\t\t\t\t\t\t\t\t\t<p>Les amateurs de vin ne seront pas en reste. Blanc, rouge, ros\u00e9, p\u00e9tillant, au verre, \u00e0 la bouteille ou par le biais d'un forfait vin inspirant.<span class=\"Apple-converted-space\">\u00a0<\/span><\/p><p>Nous achetons nos vins chez Sauter Wijnen \u00e0 Cadier et Keer. Ils sont connus pour leurs vins de qualit\u00e9 exceptionnelle, principalement de France, d'Italie et d'Espagne, produits par de jeunes vignerons authentiques et \u00e0 petite \u00e9chelle. La qualit\u00e9 ne doit pas n\u00e9cessairement \u00eatre ch\u00e8re, c'est leur conviction, et nous sommes tout \u00e0 fait d'accord avec cela.<span class=\"Apple-converted-space\">\u00a0<\/span>En permanence, une dizaine de bouteilles sont ouvertes, alors n'h\u00e9sitez pas \u00e0 demander une \"d\u00e9gustation\". Notre personnel\/expert en vin se fera un plaisir de vous conseiller.<\/p><div dir=\"ltr\"><div><p><em>Deux vins Sauter blancs ou rouges s\u00e9lectionn\u00e9s par nos soins combin\u00e9s \u00e0 une carte de boissons remplie par nos soins<\/em><\/p><\/div><\/div><p><em>\u20ac17,50<span class=\"Apple-converted-space\">\u00a0 <\/span>par habitant<\/em><\/p>\t\t\t\t\t\t\t\t<\/div>\n\t\t\t\t<\/div>\n\t\t\t\t<\/div>\n\t\t\t\t\t<\/div>\n\t\t\t\t<\/div>\n\t\t\t\t<\/div>","protected":false},"excerpt":{"rendered":"<p>Vrienden van de Poshoorn Vrienden van de Poshoorn kaart \ud83c\udf89 Word VRIEND van De Poshoorn!\u00a0Met de Vrienden van De Poshoorn-kaart geniet je van extra\u2019s:\ud83c\udf7a Bourgondische deals\ud83e\uddc0 Gratis borrelhapjes\ud83c\udf82 Verjaardagstraktaties\u26bd En een speciale MVV-matchactie!\u00a0Gebruik de link of scan de QR code, voeg de kaart toe aan je wallet en profiteer meteen van je eerste voordeel.\u00a0\ud83d\udc49 De [&hellip;]<\/p>\n","protected":false},"author":1,"featured_media":0,"parent":0,"menu_order":0,"comment_status":"closed","ping_status":"closed","template":"elementor_header_footer","meta":{"footnotes":""},"class_list":["post-938","page","type-page","status-publish","hentry"],"_links":{"self":[{"href":"https:\/\/poshoorn.nl\/fr\/wp-json\/wp\/v2\/pages\/938","targetHints":{"allow":["GET"]}}],"collection":[{"href":"https:\/\/poshoorn.nl\/fr\/wp-json\/wp\/v2\/pages"}],"about":[{"href":"https:\/\/poshoorn.nl\/fr\/wp-json\/wp\/v2\/types\/page"}],"author":[{"embeddable":true,"href":"https:\/\/poshoorn.nl\/fr\/wp-json\/wp\/v2\/users\/1"}],"replies":[{"embeddable":true,"href":"https:\/\/poshoorn.nl\/fr\/wp-json\/wp\/v2\/comments?post=938"}],"version-history":[{"count":3,"href":"https:\/\/poshoorn.nl\/fr\/wp-json\/wp\/v2\/pages\/938\/revisions"}],"predecessor-version":[{"id":942,"href":"https:\/\/poshoorn.nl\/fr\/wp-json\/wp\/v2\/pages\/938\/revisions\/942"}],"wp:attachment":[{"href":"https:\/\/poshoorn.nl\/fr\/wp-json\/wp\/v2\/media?parent=938"}],"curies":[{"name":"wp","href":"https:\/\/api.w.org\/{rel}","templated":true}]}}