{"id":394,"date":"2025-07-03T13:42:52","date_gmt":"2025-07-03T11:42:52","guid":{"rendered":"https:\/\/ombouwen3.043test.nl\/de-stadsherberg\/"},"modified":"2025-07-03T14:02:45","modified_gmt":"2025-07-03T12:02:45","slug":"de-stadsherberg","status":"publish","type":"page","link":"https:\/\/poshoorn.nl\/fr\/de-stadsherberg\/","title":{"rendered":"De Stadsherberg"},"content":{"rendered":"<div data-elementor-type=\"wp-page\" data-elementor-id=\"394\" class=\"elementor elementor-394\" data-elementor-post-type=\"page\">\n\t\t\t\t\t\t<section class=\"elementor-section elementor-top-section elementor-element elementor-element-3eff1965 elementor-section-stretched elementor-section-full_width elementor-section-height-default elementor-section-height-default elementor-invisible\" data-id=\"3eff1965\" data-element_type=\"section\" data-e-type=\"section\" data-settings=\"{&quot;stretch_section&quot;:&quot;section-stretched&quot;,&quot;background_background&quot;:&quot;classic&quot;,&quot;animation&quot;:&quot;fadeIn&quot;,&quot;jet_parallax_layout_list&quot;:[]}\">\n\t\t\t\t\t\t\t<div class=\"elementor-background-overlay\"><\/div>\n\t\t\t\t\t\t\t<div class=\"elementor-container elementor-column-gap-no\">\n\t\t\t\t\t<div class=\"elementor-column elementor-col-50 elementor-top-column elementor-element elementor-element-28cbd07a\" data-id=\"28cbd07a\" data-element_type=\"column\" data-e-type=\"column\">\n\t\t\t<div class=\"elementor-widget-wrap\">\n\t\t\t\t\t\t\t<\/div>\n\t\t<\/div>\n\t\t\t\t<div class=\"elementor-column elementor-col-50 elementor-top-column elementor-element elementor-element-4add7674\" data-id=\"4add7674\" data-element_type=\"column\" data-e-type=\"column\">\n\t\t\t<div class=\"elementor-widget-wrap elementor-element-populated\">\n\t\t\t\t\t\t<div class=\"elementor-element elementor-element-6abd1551 elementor-widget elementor-widget-heading\" data-id=\"6abd1551\" data-element_type=\"widget\" data-e-type=\"widget\" data-widget_type=\"heading.default\">\n\t\t\t\t<div class=\"elementor-widget-container\">\n\t\t\t\t\t<h1 class=\"elementor-heading-title elementor-size-default\">L'auberge de la ville<\/h1>\t\t\t\t<\/div>\n\t\t\t\t<\/div>\n\t\t\t\t<div class=\"elementor-element elementor-element-5ce50212 elementor-widget elementor-widget-text-editor\" data-id=\"5ce50212\" data-element_type=\"widget\" data-e-type=\"widget\" data-widget_type=\"text-editor.default\">\n\t\t\t\t<div class=\"elementor-widget-container\">\n\t\t\t\t\t\t\t\t\t<p>Le Stadsherberg De Poshoorn se trouve dans le quartier anim\u00e9 de Wyck, en plein centre de Maastricht et \u00e0 deux pas de la gare centrale de Maastricht. Un h\u00f4tel, un restaurant et un bar caract\u00e9ristiques, accueillants et en m\u00eame temps modernes, o\u00f9 l'atmosph\u00e8re familiale et l'attention personnelle sont primordiales. Le b\u00e2timent authentique et atmosph\u00e9rique a \u00e9volu\u00e9 avec le temps, vous permettant de passer une nuit sp\u00e9ciale et de rentrer confortablement \u00e0 la maison en m\u00eame temps. Comme dans une auberge confortable d'antan, mais \u00e0 notre \u00e9poque. Que vous soyez en voyage d'affaires ou en week-end, vous trouverez ici tout le confort dont vous avez besoin.<span class=\"Apple-converted-space\">\u00a0<\/span><\/p>\t\t\t\t\t\t\t\t<\/div>\n\t\t\t\t<\/div>\n\t\t\t\t\t<\/div>\n\t\t<\/div>\n\t\t\t\t\t<\/div>\n\t\t<\/section>\n\t\t\t\t<section class=\"elementor-section elementor-top-section elementor-element elementor-element-4f38b519 elementor-section-stretched elementor-section-full_width elementor-reverse-tablet elementor-section-height-default elementor-section-height-default elementor-invisible\" data-id=\"4f38b519\" data-element_type=\"section\" data-e-type=\"section\" data-settings=\"{&quot;stretch_section&quot;:&quot;section-stretched&quot;,&quot;background_background&quot;:&quot;classic&quot;,&quot;animation&quot;:&quot;fadeIn&quot;,&quot;jet_parallax_layout_list&quot;:[]}\">\n\t\t\t\t\t\t<div class=\"elementor-container elementor-column-gap-default\">\n\t\t\t\t\t<div class=\"elementor-column elementor-col-50 elementor-top-column elementor-element elementor-element-33e15e49\" data-id=\"33e15e49\" data-element_type=\"column\" data-e-type=\"column\">\n\t\t\t<div class=\"elementor-widget-wrap elementor-element-populated\">\n\t\t\t\t\t\t<div class=\"elementor-element elementor-element-58fe54e4 elementor-widget elementor-widget-heading\" data-id=\"58fe54e4\" data-element_type=\"widget\" data-e-type=\"widget\" data-widget_type=\"heading.default\">\n\t\t\t\t<div class=\"elementor-widget-container\">\n\t\t\t\t\t<h2 class=\"elementor-heading-title elementor-size-default\">Un bon sommeil, un bon petit-d\u00e9jeuner, un bon d\u00e9jeuner, une bonne boisson et un bon d\u00eener<\/h2>\t\t\t\t<\/div>\n\t\t\t\t<\/div>\n\t\t\t\t<div class=\"elementor-element elementor-element-7225ea21 elementor-widget__width-initial elementor-widget elementor-widget-text-editor\" data-id=\"7225ea21\" data-element_type=\"widget\" data-e-type=\"widget\" data-widget_type=\"text-editor.default\">\n\t\t\t\t<div class=\"elementor-widget-container\">\n\t\t\t\t\t\t\t\t\t<p>De Poshoorn est situ\u00e9 dans l'un des plus anciens b\u00e2timents de Maastricht et vous pouvez le voir et le sentir tout autour de vous. Que vous soyez ensemble, avec un groupe ou seul lors d'un voyage en ville ou d'un voyage d'affaires, l'ambiance chaleureuse du salon est toujours pr\u00e9sente. Depuis nos onze chambres r\u00e9cemment r\u00e9nov\u00e9es et de tailles diff\u00e9rentes, vous avez une vue directe sur le Wyck. En descendant les escaliers, vous entrez imm\u00e9diatement dans la brasserie. Vous pouvez y d\u00e9guster un bon petit d\u00e9jeuner, un d\u00e9licieux d\u00e9jeuner, des boissons et un d\u00eener. Vous pourrez \u00e9galement profiter de notre vaste terrasse.<span class=\"Apple-converted-space\">\u00a0<\/span><\/p>\t\t\t\t\t\t\t\t<\/div>\n\t\t\t\t<\/div>\n\t\t\t\t\t<\/div>\n\t\t<\/div>\n\t\t\t\t<div class=\"elementor-column elementor-col-50 elementor-top-column elementor-element elementor-element-52ed1cfe\" data-id=\"52ed1cfe\" data-element_type=\"column\" data-e-type=\"column\">\n\t\t\t<div class=\"elementor-widget-wrap elementor-element-populated\">\n\t\t\t\t\t\t<div class=\"elementor-element elementor-element-53a488ca elementor-widget elementor-widget-image\" data-id=\"53a488ca\" data-element_type=\"widget\" data-e-type=\"widget\" data-widget_type=\"image.default\">\n\t\t\t\t<div class=\"elementor-widget-container\">\n\t\t\t\t\t\t\t\t\t\t\t\t\t\t\t<img fetchpriority=\"high\" decoding=\"async\" width=\"800\" height=\"534\" src=\"https:\/\/poshoorn.nl\/wp-content\/uploads\/2025\/07\/poshorn-kamer-overnachten-1024x684.jpg\" class=\"attachment-large size-large wp-image-396\" alt=\"\" srcset=\"https:\/\/poshoorn.nl\/wp-content\/uploads\/2025\/07\/poshorn-kamer-overnachten-1024x684.jpg 1024w, https:\/\/poshoorn.nl\/wp-content\/uploads\/2025\/07\/poshorn-kamer-overnachten-300x200.jpg 300w, https:\/\/poshoorn.nl\/wp-content\/uploads\/2025\/07\/poshorn-kamer-overnachten-768x513.jpg 768w, https:\/\/poshoorn.nl\/wp-content\/uploads\/2025\/07\/poshorn-kamer-overnachten-1536x1025.jpg 1536w, https:\/\/poshoorn.nl\/wp-content\/uploads\/2025\/07\/poshorn-kamer-overnachten-2048x1367.jpg 2048w\" sizes=\"(max-width: 800px) 100vw, 800px\" title=\"\">\t\t\t\t\t\t\t\t\t\t\t\t\t\t\t<\/div>\n\t\t\t\t<\/div>\n\t\t\t\t\t<\/div>\n\t\t<\/div>\n\t\t\t\t\t<\/div>\n\t\t<\/section>\n\t\t\t\t<section class=\"elementor-section elementor-top-section elementor-element elementor-element-78f432a9 elementor-section-stretched elementor-section-full_width elementor-reverse-mobile elementor-section-height-default elementor-section-height-default elementor-invisible\" data-id=\"78f432a9\" data-element_type=\"section\" data-e-type=\"section\" data-settings=\"{&quot;stretch_section&quot;:&quot;section-stretched&quot;,&quot;background_background&quot;:&quot;classic&quot;,&quot;animation&quot;:&quot;fadeIn&quot;,&quot;jet_parallax_layout_list&quot;:[]}\">\n\t\t\t\t\t\t<div class=\"elementor-container elementor-column-gap-default\">\n\t\t\t\t\t<div class=\"elementor-column elementor-col-50 elementor-top-column elementor-element elementor-element-4a01cd1e\" data-id=\"4a01cd1e\" data-element_type=\"column\" data-e-type=\"column\">\n\t\t\t<div class=\"elementor-widget-wrap elementor-element-populated\">\n\t\t\t\t\t\t<div class=\"elementor-element elementor-element-3ea518af elementor-widget elementor-widget-image\" data-id=\"3ea518af\" data-element_type=\"widget\" data-e-type=\"widget\" data-widget_type=\"image.default\">\n\t\t\t\t<div class=\"elementor-widget-container\">\n\t\t\t\t\t\t\t\t\t\t\t\t\t\t\t<img decoding=\"async\" width=\"800\" height=\"534\" src=\"https:\/\/poshoorn.nl\/wp-content\/uploads\/2025\/07\/poshoorn-guy-houben-1024x683.jpg\" class=\"attachment-large size-large wp-image-391\" alt=\"\" srcset=\"https:\/\/poshoorn.nl\/wp-content\/uploads\/2025\/07\/poshoorn-guy-houben-1024x683.jpg 1024w, https:\/\/poshoorn.nl\/wp-content\/uploads\/2025\/07\/poshoorn-guy-houben-300x200.jpg 300w, https:\/\/poshoorn.nl\/wp-content\/uploads\/2025\/07\/poshoorn-guy-houben-768x512.jpg 768w, https:\/\/poshoorn.nl\/wp-content\/uploads\/2025\/07\/poshoorn-guy-houben-1536x1024.jpg 1536w, https:\/\/poshoorn.nl\/wp-content\/uploads\/2025\/07\/poshoorn-guy-houben-2048x1366.jpg 2048w\" sizes=\"(max-width: 800px) 100vw, 800px\" title=\"\">\t\t\t\t\t\t\t\t\t\t\t\t\t\t\t<\/div>\n\t\t\t\t<\/div>\n\t\t\t\t\t<\/div>\n\t\t<\/div>\n\t\t\t\t<div class=\"elementor-column elementor-col-50 elementor-top-column elementor-element elementor-element-7cf3766a\" data-id=\"7cf3766a\" data-element_type=\"column\" data-e-type=\"column\">\n\t\t\t<div class=\"elementor-widget-wrap elementor-element-populated\">\n\t\t\t\t\t\t<div class=\"elementor-element elementor-element-37e9c2e4 elementor-widget elementor-widget-heading\" data-id=\"37e9c2e4\" data-element_type=\"widget\" data-e-type=\"widget\" data-widget_type=\"heading.default\">\n\t\t\t\t<div class=\"elementor-widget-container\">\n\t\t\t\t\t<h2 class=\"elementor-heading-title elementor-size-default\">L'endroit id\u00e9al pour une journ\u00e9e \u00e0 Maastricht <\/h2>\t\t\t\t<\/div>\n\t\t\t\t<\/div>\n\t\t\t\t<div class=\"elementor-element elementor-element-7aba5183 elementor-widget elementor-widget-text-editor\" data-id=\"7aba5183\" data-element_type=\"widget\" data-e-type=\"widget\" data-widget_type=\"text-editor.default\">\n\t\t\t\t<div class=\"elementor-widget-container\">\n\t\t\t\t\t\t\t\t\t<p>Ce n'est pas seulement l'apparence du b\u00e2timent qui rend De Poshoorn unique, mais aussi son emplacement. En moins de cinq minutes, vous pouvez vous rendre \u00e0 pied de Maastricht CS \u00e0 notre auberge de ville, en plein c\u0153ur de l'agr\u00e9able Wyck et de ses nombreuses boutiques pittoresques. Cinq minutes plus tard, vous \u00eates d\u00e9j\u00e0 sur le Sint Servaesbrug, qui m\u00e8ne de l'autre c\u00f4t\u00e9 de la Meuse \u00e0 l'autre partie du centre-ville, y compris Vrijthof et Onze Lieve Vrouweplein. Un parking est disponible \u00e0 proximit\u00e9, dans l'une des rues de la ville. <a href=\"https:\/\/www.maastrichtbereikbaar.nl\/hoe-reis-ik\/ik-neem-de-auto\/parkeergarages-en-terreinen\" target=\"_blank\" rel=\"noopener\"><span style=\"text-decoration: underline;\">parkings<\/span><\/a><span style=\"text-decoration: underline;\">,<\/span> P&amp;R Maastricht Central Station ou <span style=\"text-decoration: underline;\"><a href=\"https:\/\/www.maastrichtbereikbaar.nl\/parkride-limburg\" target=\"_blank\" rel=\"noopener\">P+R Maastricht Nord<\/a> <\/span>(Q-park <span style=\"text-decoration: underline;\"><a href=\"https:\/\/www.q-park.nl\/nl-nl\/parkeren\/maastricht\/de-colonel\/\" target=\"_blank\" rel=\"noopener\">Le colonel<\/a><\/span> est la possibilit\u00e9 la plus proche). Vous venez en v\u00e9lo ? Pas de probl\u00e8me non plus. Sous la gare centrale, la municipalit\u00e9 de Maastricht offre un parking \u00e0 v\u00e9los couvert et s\u00e9curis\u00e9.<span class=\"Apple-converted-space\">\u00a0<\/span><\/p>\t\t\t\t\t\t\t\t<\/div>\n\t\t\t\t<\/div>\n\t\t\t\t\t<\/div>\n\t\t<\/div>\n\t\t\t\t\t<\/div>\n\t\t<\/section>\n\t\t\t\t<\/div>","protected":false},"excerpt":{"rendered":"<p>De stadsherberg In het bruisende Wyck, midden in het centrum van Maastricht en op steenworp afstand van Centraal Station Maastricht, ligt Stadsherberg De Poshoorn. Een karakteristiek, gezellig en tegelijkertijd modern hotel, eet- en borrelcaf\u00e9, waar huiselijke sfeer en persoonlijke aandacht bovenaan staan. Het sfeervolle authentieke pand is met haar tijd meegegaan, waardoor je bijzonder kunt [&hellip;]<\/p>\n","protected":false},"author":1,"featured_media":0,"parent":0,"menu_order":0,"comment_status":"closed","ping_status":"closed","template":"elementor_header_footer","meta":{"footnotes":""},"class_list":["post-394","page","type-page","status-publish","hentry"],"_links":{"self":[{"href":"https:\/\/poshoorn.nl\/fr\/wp-json\/wp\/v2\/pages\/394","targetHints":{"allow":["GET"]}}],"collection":[{"href":"https:\/\/poshoorn.nl\/fr\/wp-json\/wp\/v2\/pages"}],"about":[{"href":"https:\/\/poshoorn.nl\/fr\/wp-json\/wp\/v2\/types\/page"}],"author":[{"embeddable":true,"href":"https:\/\/poshoorn.nl\/fr\/wp-json\/wp\/v2\/users\/1"}],"replies":[{"embeddable":true,"href":"https:\/\/poshoorn.nl\/fr\/wp-json\/wp\/v2\/comments?post=394"}],"version-history":[{"count":7,"href":"https:\/\/poshoorn.nl\/fr\/wp-json\/wp\/v2\/pages\/394\/revisions"}],"predecessor-version":[{"id":482,"href":"https:\/\/poshoorn.nl\/fr\/wp-json\/wp\/v2\/pages\/394\/revisions\/482"}],"wp:attachment":[{"href":"https:\/\/poshoorn.nl\/fr\/wp-json\/wp\/v2\/media?parent=394"}],"curies":[{"name":"wp","href":"https:\/\/api.w.org\/{rel}","templated":true}]}}