{"id":389,"date":"2025-07-03T13:42:48","date_gmt":"2025-07-03T11:42:48","guid":{"rendered":"https:\/\/ombouwen3.043test.nl\/eten-drinken\/"},"modified":"2026-01-05T10:19:51","modified_gmt":"2026-01-05T09:19:51","slug":"eten-drinken","status":"publish","type":"page","link":"https:\/\/poshoorn.nl\/fr\/eten-drinken\/","title":{"rendered":"MANGER ET BOIRE"},"content":{"rendered":"<div data-elementor-type=\"wp-page\" data-elementor-id=\"389\" class=\"elementor elementor-389\" data-elementor-post-type=\"page\">\n\t\t\t\t<div class=\"elementor-element elementor-element-0033ddd e-con-full e-flex elementor-invisible e-con e-parent\" data-id=\"0033ddd\" data-element_type=\"container\" data-e-type=\"container\" data-settings=\"{&quot;background_background&quot;:&quot;classic&quot;,&quot;animation&quot;:&quot;fadeIn&quot;,&quot;jet_parallax_layout_list&quot;:[]}\">\n\t\t<div class=\"elementor-element elementor-element-22b1396 e-con-full e-flex e-con e-child\" data-id=\"22b1396\" data-element_type=\"container\" data-e-type=\"container\" data-settings=\"{&quot;jet_parallax_layout_list&quot;:[]}\">\n\t\t\t\t<div class=\"elementor-element elementor-element-451697e elementor-widget elementor-widget-heading\" data-id=\"451697e\" data-element_type=\"widget\" data-e-type=\"widget\" data-widget_type=\"heading.default\">\n\t\t\t\t<div class=\"elementor-widget-container\">\n\t\t\t\t\t<h1 class=\"elementor-heading-title elementor-size-default\">MANGER ET BOIRE<\/h1>\t\t\t\t<\/div>\n\t\t\t\t<\/div>\n\t\t\t\t<div class=\"elementor-element elementor-element-0f4186d elementor-widget elementor-widget-text-editor\" data-id=\"0f4186d\" data-element_type=\"widget\" data-e-type=\"widget\" data-widget_type=\"text-editor.default\">\n\t\t\t\t<div class=\"elementor-widget-container\">\n\t\t\t\t\t\t\t\t\t<p>Apr\u00e8s une journ\u00e9e riche en impressions \u00e0 Maastricht et dans les magnifiques collines du Limbourg, vous voulez pouvoir vous d\u00e9tendre. C'est possible dans notre brasserie, o\u00f9 se c\u00f4toient les meilleurs plats locaux, les classiques indestructibles et les plats inspirants du monde entier.<\/p>\t\t\t\t\t\t\t\t<\/div>\n\t\t\t\t<\/div>\n\t\t\t\t<\/div>\n\t\t\t\t<\/div>\n\t\t<div class=\"elementor-element elementor-element-480e160 animated-slow e-grid e-con-boxed elementor-invisible e-con e-parent\" data-id=\"480e160\" data-element_type=\"container\" data-e-type=\"container\" data-settings=\"{&quot;background_background&quot;:&quot;classic&quot;,&quot;animation&quot;:&quot;fadeIn&quot;,&quot;jet_parallax_layout_list&quot;:[]}\">\n\t\t\t\t\t<div class=\"e-con-inner\">\n\t\t<div class=\"elementor-element elementor-element-4117100 e-con-full e-flex e-con e-child\" data-id=\"4117100\" data-element_type=\"container\" data-e-type=\"container\" data-settings=\"{&quot;jet_parallax_layout_list&quot;:[]}\">\n\t\t\t\t<div class=\"elementor-element elementor-element-630544d elementor-widget elementor-widget-heading\" data-id=\"630544d\" data-element_type=\"widget\" data-e-type=\"widget\" data-widget_type=\"heading.default\">\n\t\t\t\t<div class=\"elementor-widget-container\">\n\t\t\t\t\t<h2 class=\"elementor-heading-title elementor-size-default\">Carte de menu<\/h2>\t\t\t\t<\/div>\n\t\t\t\t<\/div>\n\t\t\t\t<div class=\"elementor-element elementor-element-30de3a2 elementor-widget__width-initial elementor-widget elementor-widget-text-editor\" data-id=\"30de3a2\" data-element_type=\"widget\" data-e-type=\"widget\" data-widget_type=\"text-editor.default\">\n\t\t\t\t<div class=\"elementor-widget-container\">\n\t\t\t\t\t\t\t\t\t<p data-start=\"159\" data-end=\"465\">Notre menu propose un savoureux m\u00e9lange de cuisine classique et de cuisine de rue. Pensez \u00e0 la viande aigre du Limbourg, au rendang, aux hamburgers au porc effiloch\u00e9 et aux surprenantes options v\u00e9g\u00e9tariennes. Tout est fait maison, avec des produits de saison et une attention particuli\u00e8re \u00e0 la qualit\u00e9. Besoins di\u00e9t\u00e9tiques ou allergies ? Faites-le nous savoir et nous en tiendrons compte.<\/p><p data-start=\"159\" data-end=\"465\">\u00a0<\/p><p data-start=\"467\" data-end=\"758\">Notre carte des boissons vaut \u00e9galement la peine d'\u00eatre explor\u00e9e. Nous tirons 18 bi\u00e8res diff\u00e9rentes, servons 80 bi\u00e8res sp\u00e9ciales en bouteille, une s\u00e9lection de vins et des cocktails savoureux. Sp\u00e9cial, mais accessible. Laissez-vous surprendre ou demandez-nous conseil, par exemple pour le choix de notre propre bi\u00e8re Poshoorn House.<\/p>\t\t\t\t\t\t\t\t<\/div>\n\t\t\t\t<\/div>\n\t\t\t\t<\/div>\n\t\t<div class=\"elementor-element elementor-element-a814adf e-grid e-con-full e-con e-child\" data-id=\"a814adf\" data-element_type=\"container\" data-e-type=\"container\" data-settings=\"{&quot;jet_parallax_layout_list&quot;:[]}\">\n\t\t\t\t<div class=\"elementor-element elementor-element-a8aa57d elementor-widget__width-inherit elementor-widget elementor-widget-jet-listing-dynamic-field\" data-id=\"a8aa57d\" data-element_type=\"widget\" data-e-type=\"widget\" data-widget_type=\"jet-listing-dynamic-field.default\">\n\t\t\t\t<div class=\"elementor-widget-container\">\n\t\t\t\t\t<style>.elementor-element-a8aa57d{display:none !important}<\/style>\t\t\t\t<\/div>\n\t\t\t\t<\/div>\n\t\t\t\t<div class=\"elementor-element elementor-element-ac07227 elementor-widget__width-inherit elementor-widget elementor-widget-jet-listing-dynamic-field\" data-id=\"ac07227\" data-element_type=\"widget\" data-e-type=\"widget\" data-widget_type=\"jet-listing-dynamic-field.default\">\n\t\t\t\t<div class=\"elementor-widget-container\">\n\t\t\t\t\t<div class=\"jet-listing jet-listing-dynamic-field display-inline\"><div class=\"jet-listing-dynamic-field__inline-wrap\"><div class=\"jet-listing-dynamic-field__content\" ><div class=\"_df_thumb\" id=\"df_rand1406279552\"  data-title=\"\" wpoptions=\"true\" thumb=\"https:\/\/poshoorn.nl\/wp-content\/uploads\/2026\/04\/Scherm__afbeelding_2026-04-09_om_16_35_27.webp\" thumbtype=\"\" source=\"https:\/\/poshoorn.nl\/wp-content\/uploads\/2026\/04\/ENG-Menukaart-april-2026-3.pdf\" >Livre ouvert<\/div><\/div><\/div><\/div>\t\t\t\t<\/div>\n\t\t\t\t<\/div>\n\t\t\t\t<div class=\"elementor-element elementor-element-0186973 elementor-widget__width-inherit elementor-hidden-desktop elementor-hidden-tablet elementor-hidden-mobile elementor-widget elementor-widget-jet-listing-dynamic-field\" data-id=\"0186973\" data-element_type=\"widget\" data-e-type=\"widget\" data-widget_type=\"jet-listing-dynamic-field.default\">\n\t\t\t\t<div class=\"elementor-widget-container\">\n\t\t\t\t\t<div class=\"jet-listing jet-listing-dynamic-field display-inline\"><div class=\"jet-listing-dynamic-field__inline-wrap\"><div class=\"jet-listing-dynamic-field__content\" ><div class=\"_df_thumb\" id=\"df_rand3162094481\"  data-title=\"\" wpoptions=\"true\" thumb=\"https:\/\/poshoorn.nl\/wp-content\/uploads\/2025\/10\/Kerst-2025-1-Large.jpeg\" thumbtype=\"\" source=\"https:\/\/poshoorn.nl\/wp-content\/uploads\/2025\/10\/Kerst-2025-1.pdf\" >Livre ouvert<\/div><\/div><\/div><\/div>\t\t\t\t<\/div>\n\t\t\t\t<\/div>\n\t\t\t\t<\/div>\n\t\t\t\t\t<\/div>\n\t\t\t\t<\/div>\n\t\t<div class=\"elementor-element elementor-element-22e0c08 animated-slow elementor-hidden-desktop elementor-hidden-tablet elementor-hidden-mobile e-flex e-con-boxed elementor-invisible e-con e-parent\" data-id=\"22e0c08\" data-element_type=\"container\" data-e-type=\"container\" data-settings=\"{&quot;background_background&quot;:&quot;classic&quot;,&quot;animation&quot;:&quot;fadeIn&quot;,&quot;jet_parallax_layout_list&quot;:[]}\">\n\t\t\t\t\t<div class=\"e-con-inner\">\n\t\t<div class=\"elementor-element elementor-element-78e85b4 e-con-full e-flex e-con e-child\" data-id=\"78e85b4\" data-element_type=\"container\" data-e-type=\"container\" data-settings=\"{&quot;jet_parallax_layout_list&quot;:[]}\">\n\t\t\t\t<div class=\"elementor-element elementor-element-06d536b elementor-widget elementor-widget-heading\" data-id=\"06d536b\" data-element_type=\"widget\" data-e-type=\"widget\" data-widget_type=\"heading.default\">\n\t\t\t\t<div class=\"elementor-widget-container\">\n\t\t\t\t\t<h2 class=\"elementor-heading-title elementor-size-default\">D\u00c9GUSTATIONS DE BI\u00c8RES<\/h2>\t\t\t\t<\/div>\n\t\t\t\t<\/div>\n\t\t\t\t<div class=\"elementor-element elementor-element-4482ae9 elementor-widget elementor-widget-text-editor\" data-id=\"4482ae9\" data-element_type=\"widget\" data-e-type=\"widget\" data-widget_type=\"text-editor.default\">\n\t\t\t\t<div class=\"elementor-widget-container\">\n\t\t\t\t\t\t\t\t\t<p>Rejoignez-nous pour explorer le paysage dynamique des bi\u00e8res de sp\u00e9cialit\u00e9. D\u00e9couvrez de nouvelles saveurs et laissez-vous inspirer par de fantastiques combinaisons de bi\u00e8res et de mets.<span class=\"Apple-converted-space\">\u00a0<\/span><\/p><p>Sur la base de notre propre passion pour la gastronomie et les boissons, nous organisons des d\u00eeners et des d\u00e9gustations de bi\u00e8res dans diff\u00e9rentes compositions. Des bi\u00e8res accessibles pour les curieux de la premi\u00e8re heure aux bi\u00e8res de sp\u00e9cialit\u00e9 pour les connaisseurs, les d\u00eeners et les d\u00e9gustations de bi\u00e8res se d\u00e9roulent dans une ambiance conviviale et chaleureuse. <i>beargeeks<\/i>. Nos sommeliers de la bi\u00e8re, sp\u00e9cialement form\u00e9s, connaissent parfaitement les saveurs et les combinaisons parfaites avec les bi\u00e8res. <i>morsures<\/i> <i>sur le c\u00f4t\u00e9<\/i> et des plats complets. A d\u00e9couvrir <a href=\"\/fr\/proeflokaal\/\">ici<\/a>\u00a0nos forfaits.<\/p>\t\t\t\t\t\t\t\t<\/div>\n\t\t\t\t<\/div>\n\t\t\t\t<div class=\"elementor-element elementor-element-5283482 elementor-widget__width-initial elementor-widget elementor-widget-button\" data-id=\"5283482\" data-element_type=\"widget\" data-e-type=\"widget\" data-widget_type=\"button.default\">\n\t\t\t\t<div class=\"elementor-widget-container\">\n\t\t\t\t\t\t\t\t\t<div class=\"elementor-button-wrapper\">\n\t\t\t\t\t<a class=\"elementor-button elementor-button-link elementor-size-sm\" href=\"\/fr\/proeflokaal\/\">\n\t\t\t\t\t\t<span class=\"elementor-button-content-wrapper\">\n\t\t\t\t\t\t\t\t\t<span class=\"elementor-button-text\">Se rendre \u00e0 la salle de d\u00e9gustation<\/span>\n\t\t\t\t\t<\/span>\n\t\t\t\t\t<\/a>\n\t\t\t\t<\/div>\n\t\t\t\t\t\t\t\t<\/div>\n\t\t\t\t<\/div>\n\t\t\t\t<\/div>\n\t\t<div class=\"elementor-element elementor-element-fd4475d e-con-full e-flex e-con e-child\" data-id=\"fd4475d\" data-element_type=\"container\" data-e-type=\"container\" data-settings=\"{&quot;jet_parallax_layout_list&quot;:[]}\">\n\t\t\t\t<div class=\"elementor-element elementor-element-3b1ec72 elementor-widget elementor-widget-heading\" data-id=\"3b1ec72\" data-element_type=\"widget\" data-e-type=\"widget\" data-widget_type=\"heading.default\">\n\t\t\t\t<div class=\"elementor-widget-container\">\n\t\t\t\t\t<h2 class=\"elementor-heading-title elementor-size-default\">D\u00c9GUSTATIONS DE VINS<\/h2>\t\t\t\t<\/div>\n\t\t\t\t<\/div>\n\t\t\t\t<div class=\"elementor-element elementor-element-735d0b6 elementor-widget elementor-widget-text-editor\" data-id=\"735d0b6\" data-element_type=\"widget\" data-e-type=\"widget\" data-widget_type=\"text-editor.default\">\n\t\t\t\t<div class=\"elementor-widget-container\">\n\t\t\t\t\t\t\t\t\t<p>Les amateurs de vin ne seront pas en reste. Blanc, rouge, ros\u00e9, p\u00e9tillant, au verre, \u00e0 la bouteille ou par le biais d'un forfait vin inspirant.<span class=\"Apple-converted-space\">\u00a0<\/span><\/p><p>Nous achetons nos vins chez Sauter Wijnen \u00e0 Cadier et Keer. Ils sont connus pour leurs vins de qualit\u00e9 exceptionnelle, principalement de France, d'Italie et d'Espagne, produits par de jeunes vignerons authentiques et \u00e0 petite \u00e9chelle. La qualit\u00e9 ne doit pas n\u00e9cessairement \u00eatre ch\u00e8re, c'est leur conviction, et nous sommes tout \u00e0 fait d'accord avec cela.<span class=\"Apple-converted-space\">\u00a0<\/span>En permanence, une dizaine de bouteilles sont ouvertes, alors n'h\u00e9sitez pas \u00e0 demander une \"d\u00e9gustation\". Notre personnel\/expert en vin se fera un plaisir de vous conseiller.<\/p><div dir=\"ltr\"><div><p><em>Deux vins Sauter blancs ou rouges s\u00e9lectionn\u00e9s par nos soins combin\u00e9s \u00e0 une carte de boissons remplie par nos soins<\/em><\/p><\/div><\/div><p><em>\u20ac17,50<span class=\"Apple-converted-space\">\u00a0 <\/span>par habitant<\/em><\/p>\t\t\t\t\t\t\t\t<\/div>\n\t\t\t\t<\/div>\n\t\t\t\t<\/div>\n\t\t\t\t\t<\/div>\n\t\t\t\t<\/div>\n\t\t\t\t<\/div>","protected":false},"excerpt":{"rendered":"<p>ETEN &amp; DRINKEN Na een dag vol indrukken in Maastricht en het prachtige Limburgse heuvelland wil je hier ontspannen van kunnen nagenieten. Dat kan in onze brasserie, waar lokale toppers, onverwoestbare klassiekers en inspirerende wereldgerechten samenkomen. Menukaart Onze menukaart biedt een smaakvolle mix van klassiek en streetfood. Denk aan Limburgs zuurvlees, rendang, pulled pork burgers [&hellip;]<\/p>\n","protected":false},"author":1,"featured_media":0,"parent":0,"menu_order":0,"comment_status":"closed","ping_status":"closed","template":"elementor_header_footer","meta":{"footnotes":""},"class_list":["post-389","page","type-page","status-publish","hentry"],"_links":{"self":[{"href":"https:\/\/poshoorn.nl\/fr\/wp-json\/wp\/v2\/pages\/389","targetHints":{"allow":["GET"]}}],"collection":[{"href":"https:\/\/poshoorn.nl\/fr\/wp-json\/wp\/v2\/pages"}],"about":[{"href":"https:\/\/poshoorn.nl\/fr\/wp-json\/wp\/v2\/types\/page"}],"author":[{"embeddable":true,"href":"https:\/\/poshoorn.nl\/fr\/wp-json\/wp\/v2\/users\/1"}],"replies":[{"embeddable":true,"href":"https:\/\/poshoorn.nl\/fr\/wp-json\/wp\/v2\/comments?post=389"}],"version-history":[{"count":109,"href":"https:\/\/poshoorn.nl\/fr\/wp-json\/wp\/v2\/pages\/389\/revisions"}],"predecessor-version":[{"id":1023,"href":"https:\/\/poshoorn.nl\/fr\/wp-json\/wp\/v2\/pages\/389\/revisions\/1023"}],"wp:attachment":[{"href":"https:\/\/poshoorn.nl\/fr\/wp-json\/wp\/v2\/media?parent=389"}],"curies":[{"name":"wp","href":"https:\/\/api.w.org\/{rel}","templated":true}]}}