{"id":383,"date":"2025-07-03T13:42:47","date_gmt":"2025-07-03T11:42:47","guid":{"rendered":"https:\/\/ombouwen3.043test.nl\/terras\/"},"modified":"2025-07-10T11:33:28","modified_gmt":"2025-07-10T09:33:28","slug":"terras","status":"publish","type":"page","link":"https:\/\/poshoorn.nl\/fr\/terras\/","title":{"rendered":"TERRAS"},"content":{"rendered":"<div data-elementor-type=\"wp-page\" data-elementor-id=\"383\" class=\"elementor elementor-383\" data-elementor-post-type=\"page\">\n\t\t\t\t<div class=\"elementor-element elementor-element-0bc3b75 e-flex e-con-boxed elementor-invisible e-con e-parent\" data-id=\"0bc3b75\" data-element_type=\"container\" data-e-type=\"container\" data-settings=\"{&quot;background_background&quot;:&quot;classic&quot;,&quot;animation&quot;:&quot;fadeIn&quot;,&quot;jet_parallax_layout_list&quot;:[]}\">\n\t\t\t\t\t<div class=\"e-con-inner\">\n\t\t<div class=\"elementor-element elementor-element-88a9bc2 e-con-full e-flex e-con e-child\" data-id=\"88a9bc2\" data-element_type=\"container\" data-e-type=\"container\" data-settings=\"{&quot;jet_parallax_layout_list&quot;:[]}\">\n\t\t\t\t<div class=\"elementor-element elementor-element-03f3743 elementor-widget elementor-widget-heading\" data-id=\"03f3743\" data-element_type=\"widget\" data-e-type=\"widget\" data-widget_type=\"heading.default\">\n\t\t\t\t<div class=\"elementor-widget-container\">\n\t\t\t\t\t<h1 class=\"elementor-heading-title elementor-size-default\">TERRAS<\/h1>\t\t\t\t<\/div>\n\t\t\t\t<\/div>\n\t\t\t\t<div class=\"elementor-element elementor-element-c57ece9 elementor-widget elementor-widget-text-editor\" data-id=\"c57ece9\" data-element_type=\"widget\" data-e-type=\"widget\" data-widget_type=\"text-editor.default\">\n\t\t\t\t<div class=\"elementor-widget-container\">\n\t\t\t\t\t\t\t\t\t<p>L'un de nos principaux atouts est notre terrasse anim\u00e9e et accueillante, situ\u00e9e en plein c\u0153ur de Wyck. Vous pouvez y prendre un caf\u00e9, un petit-d\u00e9jeuner, un d\u00e9jeuner, un d\u00eener ou une boisson.<span class=\"Apple-converted-space\">\u00a0<\/span><\/p>\t\t\t\t\t\t\t\t<\/div>\n\t\t\t\t<\/div>\n\t\t\t\t<\/div>\n\t\t\t\t\t<\/div>\n\t\t\t\t<\/div>\n\t\t<div class=\"elementor-element elementor-element-a0d27ac e-flex e-con-boxed elementor-invisible e-con e-parent\" data-id=\"a0d27ac\" data-element_type=\"container\" data-e-type=\"container\" data-settings=\"{&quot;background_background&quot;:&quot;classic&quot;,&quot;animation&quot;:&quot;fadeIn&quot;,&quot;jet_parallax_layout_list&quot;:[]}\">\n\t\t\t\t\t<div class=\"e-con-inner\">\n\t\t<div class=\"elementor-element elementor-element-5095426 e-con-full e-flex e-con e-child\" data-id=\"5095426\" data-element_type=\"container\" data-e-type=\"container\" data-settings=\"{&quot;jet_parallax_layout_list&quot;:[]}\">\n\t\t\t\t<div class=\"elementor-element elementor-element-5b7d6b5 elementor-widget elementor-widget-heading\" data-id=\"5b7d6b5\" data-element_type=\"widget\" data-e-type=\"widget\" data-widget_type=\"heading.default\">\n\t\t\t\t<div class=\"elementor-widget-container\">\n\t\t\t\t\t<h2 class=\"elementor-heading-title elementor-size-default\">Pour le d\u00e9jeuner, les boissons ou le d\u00eener <\/h2>\t\t\t\t<\/div>\n\t\t\t\t<\/div>\n\t\t\t\t<div class=\"elementor-element elementor-element-89d2590 elementor-widget__width-initial elementor-widget elementor-widget-text-editor\" data-id=\"89d2590\" data-element_type=\"widget\" data-e-type=\"widget\" data-widget_type=\"text-editor.default\">\n\t\t\t\t<div class=\"elementor-widget-container\">\n\t\t\t\t\t\t\t\t\t<p>Pour les groupes plus importants, nous avons con\u00e7u des bancs de pique-nique sympas, sur lesquels vous pouvez prendre un verre avec 12 \u00e0 24 personnes. En haut comme en bas, nous avons toujours un endroit agr\u00e9able pour s'asseoir apr\u00e8s une journ\u00e9e de visite de Maastricht, une randonn\u00e9e \u00e0 v\u00e9lo dans les collines du Limbourg ou apr\u00e8s une longue journ\u00e9e d'\u00e9cole ou de travail.<span class=\"Apple-converted-space\">\u00a0 <\/span><\/p><p><span class=\"Apple-converted-space\">L'avantage de notre terrasse est qu'elle est situ\u00e9e entre le Wyck et la gare centrale de Maastricht. Par cons\u00e9quent, il y a toujours un bourdonnement anim\u00e9 des habitants, des acheteurs, des excursionnistes, des touristes et des hommes d'affaires. Sans pour autant \u00eatre assourdissant. En d'autres termes, il s'agit d'une agitation agr\u00e9able. De plus, lorsque le soleil brille, vous \u00eates le bienvenu ici. Du matin au soir. R\u00e9servez votre place sur notre terrasse.<\/span><\/p>\t\t\t\t\t\t\t\t<\/div>\n\t\t\t\t<\/div>\n\t\t\t\t<\/div>\n\t\t<div class=\"elementor-element elementor-element-7d333da e-con-full e-flex e-con e-child\" data-id=\"7d333da\" data-element_type=\"container\" data-e-type=\"container\" data-settings=\"{&quot;jet_parallax_layout_list&quot;:[]}\">\n\t\t\t\t<div class=\"elementor-element elementor-element-1c5fb48 elementor-widget elementor-widget-image\" data-id=\"1c5fb48\" data-element_type=\"widget\" data-e-type=\"widget\" data-widget_type=\"image.default\">\n\t\t\t\t<div class=\"elementor-widget-container\">\n\t\t\t\t\t\t\t\t\t\t\t\t\t\t\t<img fetchpriority=\"high\" decoding=\"async\" width=\"1620\" height=\"1080\" src=\"https:\/\/poshoorn.nl\/wp-content\/uploads\/2025\/07\/de-Poshoorn-23-05-24-Social-Media-39.jpg\" class=\"attachment-full size-full wp-image-385\" alt=\"\" srcset=\"https:\/\/poshoorn.nl\/wp-content\/uploads\/2025\/07\/de-Poshoorn-23-05-24-Social-Media-39.jpg 1620w, https:\/\/poshoorn.nl\/wp-content\/uploads\/2025\/07\/de-Poshoorn-23-05-24-Social-Media-39-300x200.jpg 300w, https:\/\/poshoorn.nl\/wp-content\/uploads\/2025\/07\/de-Poshoorn-23-05-24-Social-Media-39-1024x683.jpg 1024w, https:\/\/poshoorn.nl\/wp-content\/uploads\/2025\/07\/de-Poshoorn-23-05-24-Social-Media-39-768x512.jpg 768w, https:\/\/poshoorn.nl\/wp-content\/uploads\/2025\/07\/de-Poshoorn-23-05-24-Social-Media-39-1536x1024.jpg 1536w\" sizes=\"(max-width: 1620px) 100vw, 1620px\" title=\"\">\t\t\t\t\t\t\t\t\t\t\t\t\t\t\t<\/div>\n\t\t\t\t<\/div>\n\t\t\t\t<\/div>\n\t\t\t\t\t<\/div>\n\t\t\t\t<\/div>\n\t\t<div class=\"elementor-element elementor-element-5a2ffe7 e-flex e-con-boxed elementor-invisible e-con e-parent\" data-id=\"5a2ffe7\" data-element_type=\"container\" data-e-type=\"container\" data-settings=\"{&quot;background_background&quot;:&quot;classic&quot;,&quot;animation&quot;:&quot;fadeIn&quot;,&quot;jet_parallax_layout_list&quot;:[]}\">\n\t\t\t\t\t<div class=\"e-con-inner\">\n\t\t<div class=\"elementor-element elementor-element-c259870 e-con-full e-flex e-con e-child\" data-id=\"c259870\" data-element_type=\"container\" data-e-type=\"container\" data-settings=\"{&quot;jet_parallax_layout_list&quot;:[]}\">\n\t\t\t\t<div class=\"elementor-element elementor-element-62ac31f elementor-widget elementor-widget-image\" data-id=\"62ac31f\" data-element_type=\"widget\" data-e-type=\"widget\" data-widget_type=\"image.default\">\n\t\t\t\t<div class=\"elementor-widget-container\">\n\t\t\t\t\t\t\t\t\t\t\t\t\t\t\t<img decoding=\"async\" src=\"https:\/\/poshoorn.nl\/wp-content\/uploads\/elementor\/thumbs\/de-Poshoorn-23-05-24-Social-Media-26-r8i75e6j9goph7qtjkt2h4kt6tgw10ovgin4toiw6o.jpg\" title=\"de-Poshoorn-23-05-24-Social-Media-26.jpg\" alt=\"de-Poshoorn-23-05-24-Social-Media-26.jpg\" loading=\"lazy\" \/>\t\t\t\t\t\t\t\t\t\t\t\t\t\t\t<\/div>\n\t\t\t\t<\/div>\n\t\t\t\t<\/div>\n\t\t<div class=\"elementor-element elementor-element-2a5ced1 e-con-full e-flex e-con e-child\" data-id=\"2a5ced1\" data-element_type=\"container\" data-e-type=\"container\" data-settings=\"{&quot;jet_parallax_layout_list&quot;:[]}\">\n\t\t\t\t<div class=\"elementor-element elementor-element-140eceb elementor-widget elementor-widget-heading\" data-id=\"140eceb\" data-element_type=\"widget\" data-e-type=\"widget\" data-widget_type=\"heading.default\">\n\t\t\t\t<div class=\"elementor-widget-container\">\n\t\t\t\t\t<h3 class=\"elementor-heading-title elementor-size-default\">Le point de d\u00e9part id\u00e9al pour Maastricht et ses environs<\/h3>\t\t\t\t<\/div>\n\t\t\t\t<\/div>\n\t\t\t\t<div class=\"elementor-element elementor-element-536b78d elementor-widget elementor-widget-text-editor\" data-id=\"536b78d\" data-element_type=\"widget\" data-e-type=\"widget\" data-widget_type=\"text-editor.default\">\n\t\t\t\t<div class=\"elementor-widget-container\">\n\t\t\t\t\t\t\t\t\t<p>Notre terrasse est le point de d\u00e9part id\u00e9al pour une journ\u00e9e \u00e0 Maastricht. Promenez-vous dans les rues de Wyck, admirez la Meuse, visitez la basilique Notre-Dame et le Vrijthof. Le mercredi et le vendredi matin, profitez de l'animation du march\u00e9 hebdomadaire sur le Markt, \u00e0 c\u00f4t\u00e9 de l'h\u00f4tel de ville, et plongez-vous dans la magnifique librairie dominicaine. D'o\u00f9 que vous veniez dans la ville, notre terrasse est toujours accessible \u00e0 pied. De plus, en quelques minutes, vous \u00eates \u00e0 la gare, o\u00f9 vous pouvez prendre le train ou le bus pour le reste du Limbourg. Beaucoup de choses \u00e0 faire, \u00e0 voir et \u00e0 d\u00e9couvrir, avec De Poshoorn comme point de d\u00e9part et d'ancrage.<\/p>\t\t\t\t\t\t\t\t<\/div>\n\t\t\t\t<\/div>\n\t\t\t\t<\/div>\n\t\t\t\t\t<\/div>\n\t\t\t\t<\/div>\n\t\t\t\t<\/div>","protected":false},"excerpt":{"rendered":"<p>TERRAS E\u00e9n van onze grote troeven is ons bruisende en gezellige terras, midden in Wyck. Hier kun je genieten van een kop koffie, ontbijt, lunch, diner of borrel.\u00a0 Voor lunch, borrel of diner Speciaal voor grotere groepen hebben we toffe picknickbanken laten ontwerpen, waaraan je met 12 tot 24 mensen kunt borrelen. Zowel hoog als [&hellip;]<\/p>\n","protected":false},"author":1,"featured_media":0,"parent":0,"menu_order":0,"comment_status":"closed","ping_status":"closed","template":"elementor_header_footer","meta":{"footnotes":""},"class_list":["post-383","page","type-page","status-publish","hentry"],"_links":{"self":[{"href":"https:\/\/poshoorn.nl\/fr\/wp-json\/wp\/v2\/pages\/383","targetHints":{"allow":["GET"]}}],"collection":[{"href":"https:\/\/poshoorn.nl\/fr\/wp-json\/wp\/v2\/pages"}],"about":[{"href":"https:\/\/poshoorn.nl\/fr\/wp-json\/wp\/v2\/types\/page"}],"author":[{"embeddable":true,"href":"https:\/\/poshoorn.nl\/fr\/wp-json\/wp\/v2\/users\/1"}],"replies":[{"embeddable":true,"href":"https:\/\/poshoorn.nl\/fr\/wp-json\/wp\/v2\/comments?post=383"}],"version-history":[{"count":13,"href":"https:\/\/poshoorn.nl\/fr\/wp-json\/wp\/v2\/pages\/383\/revisions"}],"predecessor-version":[{"id":872,"href":"https:\/\/poshoorn.nl\/fr\/wp-json\/wp\/v2\/pages\/383\/revisions\/872"}],"wp:attachment":[{"href":"https:\/\/poshoorn.nl\/fr\/wp-json\/wp\/v2\/media?parent=383"}],"curies":[{"name":"wp","href":"https:\/\/api.w.org\/{rel}","templated":true}]}}