{"id":375,"date":"2025-07-03T13:42:39","date_gmt":"2025-07-03T11:42:39","guid":{"rendered":"https:\/\/ombouwen3.043test.nl\/proeflokaal\/"},"modified":"2025-11-03T16:26:47","modified_gmt":"2025-11-03T15:26:47","slug":"groepen","status":"publish","type":"page","link":"https:\/\/poshoorn.nl\/fr\/groepen\/","title":{"rendered":"Groupes"},"content":{"rendered":"<div data-elementor-type=\"wp-page\" data-elementor-id=\"375\" class=\"elementor elementor-375\" data-elementor-post-type=\"page\">\n\t\t\t\t<div class=\"elementor-element elementor-element-4258a8e e-flex e-con-boxed elementor-invisible e-con e-parent\" data-id=\"4258a8e\" data-element_type=\"container\" data-e-type=\"container\" data-settings=\"{&quot;background_background&quot;:&quot;classic&quot;,&quot;animation&quot;:&quot;fadeIn&quot;,&quot;jet_parallax_layout_list&quot;:[]}\">\n\t\t\t\t\t<div class=\"e-con-inner\">\n\t\t<div class=\"elementor-element elementor-element-a26b282 e-con-full e-flex e-con e-child\" data-id=\"a26b282\" data-element_type=\"container\" data-e-type=\"container\" data-settings=\"{&quot;background_background&quot;:&quot;classic&quot;,&quot;jet_parallax_layout_list&quot;:[]}\">\n\t\t\t\t<div class=\"elementor-element elementor-element-b2effdc elementor-widget elementor-widget-heading\" data-id=\"b2effdc\" data-element_type=\"widget\" data-e-type=\"widget\" data-widget_type=\"heading.default\">\n\t\t\t\t<div class=\"elementor-widget-container\">\n\t\t\t\t\t<h1 class=\"elementor-heading-title elementor-size-default\">Groupes<\/h1>\t\t\t\t<\/div>\n\t\t\t\t<\/div>\n\t\t\t\t<div class=\"elementor-element elementor-element-6a0c64f elementor-widget elementor-widget-text-editor\" data-id=\"6a0c64f\" data-element_type=\"widget\" data-e-type=\"widget\" data-widget_type=\"text-editor.default\">\n\t\t\t\t<div class=\"elementor-widget-container\">\n\t\t\t\t\t\t\t\t\t<p>Vous \u00eates \u00e0 la recherche d'un endroit accueillant, original et plein d'ambiance pour vous r\u00e9unir en groupe ? Qu'il s'agisse d'un anniversaire, d'une f\u00eate pr\u00e9natale, d'un d\u00eener \u00e0 pied, d'un ap\u00e9ritif, d'une r\u00e9union ou d'une sortie d'entreprise, vous \u00eates \u00e0 la bonne adresse chez De Poshoorn, au c\u0153ur de Maastricht. Nous proposons diff\u00e9rents arrangements et emplacements, de notre salle de d\u00e9gustation intime \u00e0 la terrasse anim\u00e9e. Laissez-vous surprendre par notre hospitalit\u00e9 et nos options culinaires.<\/p>\t\t\t\t\t\t\t\t<\/div>\n\t\t\t\t<\/div>\n\t\t\t\t<\/div>\n\t\t\t\t\t<\/div>\n\t\t\t\t<\/div>\n\t\t<div class=\"elementor-element elementor-element-6eb33c2 e-flex e-con-boxed elementor-invisible e-con e-parent\" data-id=\"6eb33c2\" data-element_type=\"container\" data-e-type=\"container\" data-settings=\"{&quot;background_background&quot;:&quot;classic&quot;,&quot;animation&quot;:&quot;fadeIn&quot;,&quot;jet_parallax_layout_list&quot;:[]}\">\n\t\t\t\t\t<div class=\"e-con-inner\">\n\t\t<div class=\"elementor-element elementor-element-6303720 e-con-full e-flex e-con e-child\" data-id=\"6303720\" data-element_type=\"container\" data-e-type=\"container\" data-settings=\"{&quot;jet_parallax_layout_list&quot;:[]}\">\n\t\t\t\t<div class=\"elementor-element elementor-element-8d9ad10 elementor-widget elementor-widget-heading\" data-id=\"8d9ad10\" data-element_type=\"widget\" data-e-type=\"widget\" data-widget_type=\"heading.default\">\n\t\t\t\t<div class=\"elementor-widget-container\">\n\t\t\t\t\t<h2 class=\"elementor-heading-title elementor-size-default\">La salle de d\u00e9gustation<\/h2>\t\t\t\t<\/div>\n\t\t\t\t<\/div>\n\t\t\t\t<div class=\"elementor-element elementor-element-0f2a8fc elementor-widget__width-initial elementor-widget elementor-widget-text-editor\" data-id=\"0f2a8fc\" data-element_type=\"widget\" data-e-type=\"widget\" data-widget_type=\"text-editor.default\">\n\t\t\t\t<div class=\"elementor-widget-container\">\n\t\t\t\t\t\t\t\t\t<p data-start=\"868\" data-end=\"1213\">Notre salle de d\u00e9gustation est le salon et la suite de De Poshoorn. C'est un espace confortable et chaleureux qui peut accueillir jusqu'\u00e0 20 personnes. Id\u00e9al pour ceux qui recherchent un peu plus d'intimit\u00e9, sans compromettre l'atmosph\u00e8re et l'exp\u00e9rience. C'est ici que nous organisons nos d\u00e9gustations de bi\u00e8re et de vin, nos walking dinners, nos petites f\u00eates, nos r\u00e9unions d'affaires et nos d\u00eeners quiz.<br \/><br \/><strong data-start=\"1369\" data-end=\"1377\">Conseil :<\/strong> Vous souhaitez organiser des r\u00e9unions dans une atmosph\u00e8re diff\u00e9rente de celle de votre bureau habituel ? Dans la salle de d\u00e9gustation, le brainstorming est frais et gratuit, avec la possibilit\u00e9 de terminer par un d\u00e9jeuner ou des boissons. L'espace est parfait pour des groupes de 12 personnes maximum et dispose m\u00eame de son propre syst\u00e8me de robinetterie.<\/p>\t\t\t\t\t\t\t\t<\/div>\n\t\t\t\t<\/div>\n\t\t\t\t<\/div>\n\t\t<div class=\"elementor-element elementor-element-89f8ea1 e-con-full e-flex e-con e-child\" data-id=\"89f8ea1\" data-element_type=\"container\" data-e-type=\"container\" data-settings=\"{&quot;jet_parallax_layout_list&quot;:[]}\">\n\t\t\t\t<div class=\"elementor-element elementor-element-ad81b25 elementor-widget elementor-widget-image\" data-id=\"ad81b25\" data-element_type=\"widget\" data-e-type=\"widget\" data-widget_type=\"image.default\">\n\t\t\t\t<div class=\"elementor-widget-container\">\n\t\t\t\t\t\t\t\t\t\t\t\t\t\t\t<img fetchpriority=\"high\" decoding=\"async\" width=\"1980\" height=\"1667\" src=\"https:\/\/poshoorn.nl\/wp-content\/uploads\/2025\/07\/poshoorn-vergaderen-1-1.jpg\" class=\"attachment-full size-full wp-image-860\" alt=\"\" srcset=\"https:\/\/poshoorn.nl\/wp-content\/uploads\/2025\/07\/poshoorn-vergaderen-1-1.jpg 1980w, https:\/\/poshoorn.nl\/wp-content\/uploads\/2025\/07\/poshoorn-vergaderen-1-1-300x253.jpg 300w, https:\/\/poshoorn.nl\/wp-content\/uploads\/2025\/07\/poshoorn-vergaderen-1-1-1024x862.jpg 1024w, https:\/\/poshoorn.nl\/wp-content\/uploads\/2025\/07\/poshoorn-vergaderen-1-1-768x647.jpg 768w, https:\/\/poshoorn.nl\/wp-content\/uploads\/2025\/07\/poshoorn-vergaderen-1-1-1536x1293.jpg 1536w, https:\/\/poshoorn.nl\/wp-content\/uploads\/2025\/07\/poshoorn-vergaderen-1-1-14x12.jpg 14w\" sizes=\"(max-width: 1980px) 100vw, 1980px\" title=\"\">\t\t\t\t\t\t\t\t\t\t\t\t\t\t\t<\/div>\n\t\t\t\t<\/div>\n\t\t\t\t<\/div>\n\t\t\t\t\t<\/div>\n\t\t\t\t<\/div>\n\t\t<div class=\"elementor-element elementor-element-77b748a e-flex e-con-boxed elementor-invisible e-con e-parent\" data-id=\"77b748a\" data-element_type=\"container\" data-e-type=\"container\" data-settings=\"{&quot;background_background&quot;:&quot;classic&quot;,&quot;animation&quot;:&quot;fadeIn&quot;,&quot;jet_parallax_layout_list&quot;:[]}\">\n\t\t\t\t\t<div class=\"e-con-inner\">\n\t\t<div class=\"elementor-element elementor-element-4408153 e-con-full elementor-hidden-mobile e-flex e-con e-child\" data-id=\"4408153\" data-element_type=\"container\" data-e-type=\"container\" data-settings=\"{&quot;jet_parallax_layout_list&quot;:[]}\">\n\t\t\t\t<div class=\"elementor-element elementor-element-ff3a139 elementor-widget elementor-widget-image\" data-id=\"ff3a139\" data-element_type=\"widget\" data-e-type=\"widget\" data-widget_type=\"image.default\">\n\t\t\t\t<div class=\"elementor-widget-container\">\n\t\t\t\t\t\t\t\t\t\t\t\t\t\t\t<img decoding=\"async\" src=\"https:\/\/poshoorn.nl\/wp-content\/uploads\/elementor\/thumbs\/de_Poshoorn_23-05-24_Website-148x-r8jdkhp4kp7r0fkodebcgl75r7y6823eveo6b1v2g8.webp\" title=\"De Poshoorn Wyck Maastricht, nourriture, boissons et h\u00e9bergement\" alt=\"De Poshoorn Wyck Maastricht, eten drinken &amp; overnachten\" loading=\"lazy\" \/>\t\t\t\t\t\t\t\t\t\t\t\t\t\t\t<\/div>\n\t\t\t\t<\/div>\n\t\t\t\t<\/div>\n\t\t<div class=\"elementor-element elementor-element-f2288c9 e-con-full e-flex e-con e-child\" data-id=\"f2288c9\" data-element_type=\"container\" data-e-type=\"container\" data-settings=\"{&quot;jet_parallax_layout_list&quot;:[]}\">\n\t\t\t\t<div class=\"elementor-element elementor-element-ea87e7c elementor-widget elementor-widget-heading\" data-id=\"ea87e7c\" data-element_type=\"widget\" data-e-type=\"widget\" data-widget_type=\"heading.default\">\n\t\t\t\t<div class=\"elementor-widget-container\">\n\t\t\t\t\t<h2 class=\"elementor-heading-title elementor-size-default\">Arrangements<\/h2>\t\t\t\t<\/div>\n\t\t\t\t<\/div>\n\t\t\t\t<div class=\"elementor-element elementor-element-0dc43e2 elementor-widget elementor-widget-text-editor\" data-id=\"0dc43e2\" data-element_type=\"widget\" data-e-type=\"widget\" data-widget_type=\"text-editor.default\">\n\t\t\t\t<div class=\"elementor-widget-container\">\n\t\t\t\t\t\t\t\t\t<p>Nos forfaits pour groupes sont soigneusement \u00e9labor\u00e9s et ne peuvent \u00eatre r\u00e9serv\u00e9s qu'\u00e0 l'avance. Ci-dessous les forfaits pour les possibilit\u00e9s :<\/p>\t\t\t\t\t\t\t\t<\/div>\n\t\t\t\t<\/div>\n\t\t<div class=\"elementor-element elementor-element-b43d6cd e-con-full e-grid e-con e-child\" data-id=\"b43d6cd\" data-element_type=\"container\" data-e-type=\"container\" data-settings=\"{&quot;jet_parallax_layout_list&quot;:[]}\">\n\t\t\t\t<div class=\"elementor-element elementor-element-3c4e547 elementor-widget__width-inherit elementor-widget elementor-widget-jet-listing-dynamic-field\" data-id=\"3c4e547\" data-element_type=\"widget\" data-e-type=\"widget\" data-widget_type=\"jet-listing-dynamic-field.default\">\n\t\t\t\t<div class=\"elementor-widget-container\">\n\t\t\t\t\t<div class=\"jet-listing jet-listing-dynamic-field display-inline\"><div class=\"jet-listing-dynamic-field__inline-wrap\"><div class=\"jet-listing-dynamic-field__content\" ><div class=\"_df_thumb\" id=\"df_rand341080699\"  data-title=\"\" wpoptions=\"true\" thumb=\"https:\/\/poshoorn.nl\/wp-content\/uploads\/2026\/04\/Scherm__afbeelding_2026-04-09_om_16_26_36.webp\" thumbtype=\"\" source=\"https:\/\/poshoorn.nl\/wp-content\/uploads\/2026\/04\/Arrangementen-2026-Stadsherberg-Tapperij-de-Poshoorn-1.pdf\" >Livre ouvert<\/div><\/div><\/div><\/div>\t\t\t\t<\/div>\n\t\t\t\t<\/div>\n\t\t\t\t<\/div>\n\t\t\t\t<\/div>\n\t\t\t\t\t<\/div>\n\t\t\t\t<\/div>\n\t\t<div class=\"elementor-element elementor-element-78cadb3 e-grid e-con-boxed elementor-invisible e-con e-parent\" data-id=\"78cadb3\" data-element_type=\"container\" data-e-type=\"container\" data-settings=\"{&quot;background_background&quot;:&quot;classic&quot;,&quot;animation&quot;:&quot;fadeIn&quot;,&quot;jet_parallax_layout_list&quot;:[]}\">\n\t\t\t\t\t<div class=\"e-con-inner\">\n\t\t<div class=\"elementor-element elementor-element-a2dfcfa e-con-full e-flex e-con e-child\" data-id=\"a2dfcfa\" data-element_type=\"container\" data-e-type=\"container\" data-settings=\"{&quot;jet_parallax_layout_list&quot;:[]}\">\n\t\t\t\t<div class=\"elementor-element elementor-element-03774db elementor-widget elementor-widget-heading\" data-id=\"03774db\" data-element_type=\"widget\" data-e-type=\"widget\" data-widget_type=\"heading.default\">\n\t\t\t\t<div class=\"elementor-widget-container\">\n\t\t\t\t\t<h4 class=\"elementor-heading-title elementor-size-default\">Groupes sur la terrasse<\/h4>\t\t\t\t<\/div>\n\t\t\t\t<\/div>\n\t\t\t\t<div class=\"elementor-element elementor-element-35906d2 elementor-widget elementor-widget-text-editor\" data-id=\"35906d2\" data-element_type=\"widget\" data-e-type=\"widget\" data-widget_type=\"text-editor.default\">\n\t\t\t\t<div class=\"elementor-widget-container\">\n\t\t\t\t\t\t\t\t\t<p data-start=\"3429\" data-end=\"3709\">Notre terrasse spacieuse et anim\u00e9e au c\u0153ur de Wyck est l'endroit id\u00e9al pour les groupes. Ici, vous pouvez ressentir le dynamisme de Maastricht sans qu'il y ait trop de monde. Sp\u00e9cialement pour les groupes, nous disposons de grandes tables de pique-nique (pour 12 \u00e0 24 personnes) o\u00f9 vous pouvez prendre un verre, un d\u00e9jeuner ou un d\u00eener.<\/p><p data-start=\"3711\" data-end=\"3934\">Que vous vous arr\u00eatiez apr\u00e8s une journ\u00e9e de visite, une promenade \u00e0 v\u00e9lo dans les collines du Limbourg ou que vous ayez quelque chose \u00e0 f\u00eater, notre terrasse est toujours l'endroit id\u00e9al. Et quand il fait beau, vous pouvez profiter du soleil de t\u00f4t le matin jusqu'\u00e0 tard le soir !<\/p>\t\t\t\t\t\t\t\t<\/div>\n\t\t\t\t<\/div>\n\t\t\t\t<\/div>\n\t\t<div class=\"elementor-element elementor-element-6f3784b e-con-full e-flex e-con e-child\" data-id=\"6f3784b\" data-element_type=\"container\" data-e-type=\"container\" data-settings=\"{&quot;jet_parallax_layout_list&quot;:[]}\">\n\t\t\t\t<div class=\"elementor-element elementor-element-5cb4000 elementor-widget elementor-widget-heading\" data-id=\"5cb4000\" data-element_type=\"widget\" data-e-type=\"widget\" data-widget_type=\"heading.default\">\n\t\t\t\t<div class=\"elementor-widget-container\">\n\t\t\t\t\t<h4 class=\"elementor-heading-title elementor-size-default\">D\u00eener \u00e0 pied et r\u00e9unions d'affaires\n<\/h4>\t\t\t\t<\/div>\n\t\t\t\t<\/div>\n\t\t\t\t<div class=\"elementor-element elementor-element-6f41fcb elementor-widget elementor-widget-text-editor\" data-id=\"6f41fcb\" data-element_type=\"widget\" data-e-type=\"widget\" data-widget_type=\"text-editor.default\">\n\t\t\t\t<div class=\"elementor-widget-container\">\n\t\t\t\t\t\t\t\t\t<p data-start=\"2969\" data-end=\"3140\">Vous souhaitez offrir \u00e0 vos invit\u00e9s des d\u00e9lices culinaires sans d\u00eener formel ? Le walking dinner est alors id\u00e9al. Nous servons divers en-cas et plats pour des groupes de 25 personnes ou plus.<\/p><p data-start=\"3142\" data-end=\"3399\">Nous proposons \u00e9galement des formules sur mesure pour les r\u00e9unions d'affaires, o\u00f9 r\u00e9union et plaisir se rejoignent. Pensez \u00e0 une s\u00e9ance cr\u00e9ative dans la salle de d\u00e9gustation, suivie de boissons et de bouch\u00e9es. N'h\u00e9sitez pas \u00e0 vous renseigner sur les possibilit\u00e9s qui s'offrent \u00e0 vous - nous serons heureux de r\u00e9fl\u00e9chir avec vous.<\/p>\t\t\t\t\t\t\t\t<\/div>\n\t\t\t\t<\/div>\n\t\t\t\t<\/div>\n\t\t\t\t\t<\/div>\n\t\t\t\t<\/div>\n\t\t<div class=\"elementor-element elementor-element-6aec2ac e-flex e-con-boxed elementor-invisible e-con e-parent\" data-id=\"6aec2ac\" data-element_type=\"container\" data-e-type=\"container\" data-settings=\"{&quot;background_background&quot;:&quot;classic&quot;,&quot;animation&quot;:&quot;fadeIn&quot;,&quot;jet_parallax_layout_list&quot;:[]}\">\n\t\t\t\t\t<div class=\"e-con-inner\">\n\t\t<div class=\"elementor-element elementor-element-9305e84 e-con-full e-flex e-con e-child\" data-id=\"9305e84\" data-element_type=\"container\" data-e-type=\"container\" data-settings=\"{&quot;jet_parallax_layout_list&quot;:[]}\">\n\t\t\t\t<div class=\"elementor-element elementor-element-9666a6d elementor-widget elementor-widget-heading\" data-id=\"9666a6d\" data-element_type=\"widget\" data-e-type=\"widget\" data-widget_type=\"heading.default\">\n\t\t\t\t<div class=\"elementor-widget-container\">\n\t\t\t\t\t<h2 class=\"elementor-heading-title elementor-size-default\">Int\u00e9ress\u00e9(e) ? R\u00e9servez votre moment de groupe<\/h2>\t\t\t\t<\/div>\n\t\t\t\t<\/div>\n\t\t\t\t<div class=\"elementor-element elementor-element-0768820 elementor-widget elementor-widget-text-editor\" data-id=\"0768820\" data-element_type=\"widget\" data-e-type=\"widget\" data-widget_type=\"text-editor.default\">\n\t\t\t\t<div class=\"elementor-widget-container\">\n\t\t\t\t\t\t\t\t\t<p>Nos forfaits ne peuvent \u00eatre r\u00e9serv\u00e9s que par le biais d'une r\u00e9servation. Laissez-nous vos coordonn\u00e9es ci-dessous et nous vous contacterons dans les plus brefs d\u00e9lais.<\/p>\t\t\t\t\t\t\t\t<\/div>\n\t\t\t\t<\/div>\n\t\t\t\t<div class=\"elementor-element elementor-element-0c3fb3e elementor-widget elementor-widget-jet-form-builder-form\" data-id=\"0c3fb3e\" data-element_type=\"widget\" data-e-type=\"widget\" data-widget_type=\"jet-form-builder-form.default\">\n\t\t\t\t<div class=\"elementor-widget-container\">\n\t\t\t\t\t<link rel='stylesheet' id='wp-block-library-css' href='https:\/\/poshoorn.nl\/wp-includes\/css\/dist\/block-library\/style.min.css?ver=4abcb6dca37a17eafe1dc58b85136866' media='all' \/>\n<style id=\"jet-form-builder-702-inline-css\"><\/style><form  class=\"jet-form-builder layout-column submit-type-reload\" action=\"https:\/\/poshoorn.nl\/fr\/wp-json\/wp\/v2\/pages\/375\/?GRH3dY=ygKqFWKc6n&#038;method=reload\" method=\"POST\" data-form-id=\"702\" data-layout=\"column\" enctype=\"multipart\/form-data\" data-clear=\"1\" novalidate=\"null\" ssr_validation_method=\"rest\" data-trp-original-action=\"https:\/\/poshoorn.nl\/fr\/wp-json\/wp\/v2\/pages\/375\/?GRH3dY=ygKqFWKc6n&amp;method=reload\">\r\n<input type=\"hidden\" name=\"_jfb_current_render_states[]\" value=\"DEFAULT.STATE\" data-jfb-sync \/><input type=\"hidden\" class=\"jet-form-builder__field hidden-field\" name=\"_jet_engine_booking_form_id\" data-field-name=\"_jet_engine_booking_form_id\" value=\"702\">\n<input type=\"hidden\" class=\"jet-form-builder__field hidden-field\" name=\"_jet_engine_refer\" data-field-name=\"_jet_engine_refer\" value=\"https:\/\/poshoorn.nl\/fr\/wp-json\/wp\/v2\/pages\/375\/\">\n<input type=\"hidden\" class=\"jet-form-builder__field hidden-field\" name=\"__queried_post_id\" data-field-name=\"__queried_post_id\" value=\"375\">\n<div  class=\"jet-form-builder-row field-type-text-field\" >\n<div class=\"jet-form-builder__label\">\r\n<div class=\"jet-form-builder__label-text\">Nom<\/div><\/div><div class=\"jet-form-builder__field-wrap\">\n\t\t\t\t<input name=\"naam\" id=\"naam\" type=\"text\" data-field-name=\"naam\" class=\"jet-form-builder__field text-field\" data-jfb-sync=\"null\" autocomplete=\"off_cGWYnqT9\">\n\t\t\t\t\t<\/div>\n<\/div>\n\n<div  class=\"jet-form-builder-row field-type-text-field\" >\n<div class=\"jet-form-builder__label\">\r\n<div class=\"jet-form-builder__label-text\">Courriel<\/div><\/div><div class=\"jet-form-builder__field-wrap\">\n\t\t\t\t<input name=\"email\" id=\"email\" type=\"email\" data-field-name=\"email\" class=\"jet-form-builder__field text-field\" data-jfb-sync=\"null\" autocomplete=\"off_ofsQ7G06\">\n\t\t\t\t\t<\/div>\n<\/div>\n\n<div  class=\"jet-form-builder-row field-type-text-field\" >\n<div class=\"jet-form-builder__label\">\r\n<div class=\"jet-form-builder__label-text\">Num\u00e9ro de t\u00e9l\u00e9phone<\/div><\/div><div class=\"jet-form-builder__field-wrap\">\n\t\t\t\t<input name=\"telefoonnummer\" id=\"telefoonnummer\" type=\"text\" data-field-name=\"telefoonnummer\" class=\"jet-form-builder__field text-field\" data-jfb-sync=\"null\" autocomplete=\"off_Ha0iKW6f\">\n\t\t\t\t\t<\/div>\n<\/div>\n\n\n<div class=\"wp-block-columns is-layout-flex wp-container-core-columns-is-layout-28f84493 wp-block-columns-is-layout-flex\">\n<div class=\"wp-block-column is-layout-flow wp-block-column-is-layout-flow\" style=\"flex-basis:50%\"><div  class=\"jet-form-builder-row field-type-date-field\" >\n<div class=\"jet-form-builder__label\">\r\n<div class=\"jet-form-builder__label-text\">Date<\/div><\/div><input class=\"jet-form-builder__field date-field\" name=\"datum\" type=\"date\" data-field-name=\"datum\" id=\"datum\" data-jfb-sync=\"null\" data-min=\"&#039;%CT::CurrentDate|toDate%&#039;\">\n<\/div><\/div>\n\n\n\n<div class=\"wp-block-column is-layout-flow wp-block-column-is-layout-flow\" style=\"flex-basis:50%\"><div  class=\"jet-form-builder-row field-type-text-field\" >\n<div class=\"jet-form-builder__label\">\r\n<div class=\"jet-form-builder__label-text\">L'heure<\/div><\/div><div class=\"jet-form-builder__field-wrap\">\n\t\t\t\t<input name=\"tijd_uur\" id=\"tijd_uur\" type=\"text\" data-field-name=\"tijd_uur\" class=\"jet-form-builder__field text-field\" data-jfb-sync=\"null\" autocomplete=\"off_Z5HWd3gc\">\n\t\t\t\t\t<\/div>\n<\/div><\/div>\n<\/div>\n\n\n\n<div class=\"wp-block-columns is-layout-flex wp-container-core-columns-is-layout-28f84493 wp-block-columns-is-layout-flex\">\n<div class=\"wp-block-column is-layout-flow wp-block-column-is-layout-flow\"><div  class=\"jet-form-builder-row field-type-select-field wp-block-jet-forms-select-field\">\n<div class=\"jet-form-builder__label\">\r\n<div class=\"jet-form-builder__label-text\">Sujet<\/div><\/div><div class=\"jet-form-builder__field-wrap\">\n\t<select class=\"jet-form-builder__field select-field\" name=\"onderwerp\" data-field-name=\"onderwerp\" id=\"onderwerp\" data-jfb-sync=\"null\">\n\t\t<option value=\"Lunch\" >D\u00e9jeuner<\/option><option value=\"Diner\" >D\u00eener<\/option><option value=\"Vergadering\" >R\u00e9union<\/option><option value=\"Anders\" >Sinon...<\/option>\t<\/select>\n<\/div>\n<\/div><\/div>\n\n\n\n<div class=\"wp-block-column is-layout-flow wp-block-column-is-layout-flow\"><div  class=\"jet-form-builder-row field-type-number-field\" >\n<div class=\"jet-form-builder__label\">\r\n<div class=\"jet-form-builder__label-text\">Nombre de personnes<\/div><\/div><div class=\"jet-form-builder__field-wrap\">\n\t\t<input type=\"number\" class=\"jet-form-builder__field text-field\" min=\"12\" step=\"1\" name=\"aantal_personen\" data-field-name=\"aantal_personen\" id=\"aantal_personen\" data-jfb-sync=\"null\">\n\t<\/div>\n<\/div><\/div>\n<\/div>\n\n\n<div  class=\"jet-form-builder-row field-type-textarea-field\" >\n<div class=\"jet-form-builder__label\">\r\n<div class=\"jet-form-builder__label-text\">Commentaires<\/div><\/div><div class=\"jet-form-builder__field-wrap\">\n\t\t<textarea class=\"jet-form-builder__field textarea-field\" placeholder=\"Pensez aux allergies, etc. \" name=\"opmerkingen\" data-field-name=\"opmerkingen\" id=\"opmerkingen\" data-jfb-sync=\"null\"><\/textarea>\n\t<\/div>\n<\/div>\n\n<input type=\"hidden\" class=\"captcha-token\" name=\"_captcha_token\" value=\"\"\/><div  class=\"jet-form-builder-row field-type-submit-field\" >\n\t<div data-type=\"submit\" class=\"jet-form-builder__action-button-wrapper jet-form-builder__submit-wrap\">\n\t<button class=\"jet-form-builder__action-button jet-form-builder__submit submit-type-reload\" type=\"submit\">R\u00e9servation<\/button>\n\t<\/div>\n\t\n<\/div>\t<div class=\"jet-form-builder-messages-wrap\" data-form-id=\"702\"><\/div>\n<input type=\"hidden\" name=\"trp-form-language\" value=\"fr\"\/><\/form>\n\t\t\t\t<\/div>\n\t\t\t\t<\/div>\n\t\t\t\t<\/div>\n\t\t\t\t\t<\/div>\n\t\t\t\t<\/div>\n\t\t\t\t<\/div>","protected":false},"excerpt":{"rendered":"<p>Groepen Ben je op zoek naar een gezellige, originele en sfeervolle plek om samen te komen met een groep? Of het nu gaat om een verjaardag, babyshower, walking dinner, borrel, vergadering of bedrijfsuitje: bij De Poshoorn in hartje Maastricht ben je aan het juiste adres. We bieden verschillende arrangementen en locaties aan, van ons intieme [&hellip;]<\/p>\n","protected":false},"author":1,"featured_media":0,"parent":0,"menu_order":0,"comment_status":"closed","ping_status":"closed","template":"elementor_header_footer","meta":{"footnotes":""},"class_list":["post-375","page","type-page","status-publish","hentry"],"_links":{"self":[{"href":"https:\/\/poshoorn.nl\/fr\/wp-json\/wp\/v2\/pages\/375","targetHints":{"allow":["GET"]}}],"collection":[{"href":"https:\/\/poshoorn.nl\/fr\/wp-json\/wp\/v2\/pages"}],"about":[{"href":"https:\/\/poshoorn.nl\/fr\/wp-json\/wp\/v2\/types\/page"}],"author":[{"embeddable":true,"href":"https:\/\/poshoorn.nl\/fr\/wp-json\/wp\/v2\/users\/1"}],"replies":[{"embeddable":true,"href":"https:\/\/poshoorn.nl\/fr\/wp-json\/wp\/v2\/comments?post=375"}],"version-history":[{"count":104,"href":"https:\/\/poshoorn.nl\/fr\/wp-json\/wp\/v2\/pages\/375\/revisions"}],"predecessor-version":[{"id":960,"href":"https:\/\/poshoorn.nl\/fr\/wp-json\/wp\/v2\/pages\/375\/revisions\/960"}],"wp:attachment":[{"href":"https:\/\/poshoorn.nl\/fr\/wp-json\/wp\/v2\/media?parent=375"}],"curies":[{"name":"wp","href":"https:\/\/api.w.org\/{rel}","templated":true}]}}