{"id":369,"date":"2025-07-03T13:42:35","date_gmt":"2025-07-03T11:42:35","guid":{"rendered":"https:\/\/ombouwen3.043test.nl\/over\/"},"modified":"2025-07-10T07:20:46","modified_gmt":"2025-07-10T05:20:46","slug":"de-poshoorn","status":"publish","type":"page","link":"https:\/\/poshoorn.nl\/fr\/de-poshoorn\/","title":{"rendered":"De Poshoorn"},"content":{"rendered":"<div data-elementor-type=\"wp-page\" data-elementor-id=\"369\" class=\"elementor elementor-369\" data-elementor-post-type=\"page\">\n\t\t\t\t<div class=\"elementor-element elementor-element-b7491d0 e-flex e-con-boxed elementor-invisible e-con e-parent\" data-id=\"b7491d0\" data-element_type=\"container\" data-e-type=\"container\" data-settings=\"{&quot;background_background&quot;:&quot;classic&quot;,&quot;animation&quot;:&quot;fadeIn&quot;,&quot;jet_parallax_layout_list&quot;:[]}\">\n\t\t\t\t\t<div class=\"e-con-inner\">\n\t\t<div class=\"elementor-element elementor-element-2aea75e animated-slow e-con-full e-flex elementor-invisible e-con e-child\" data-id=\"2aea75e\" data-element_type=\"container\" data-e-type=\"container\" data-settings=\"{&quot;animation&quot;:&quot;fadeIn&quot;,&quot;background_background&quot;:&quot;classic&quot;,&quot;jet_parallax_layout_list&quot;:[]}\">\n\t\t\t\t<div class=\"elementor-element elementor-element-c020630 elementor-widget elementor-widget-heading\" data-id=\"c020630\" data-element_type=\"widget\" data-e-type=\"widget\" data-widget_type=\"heading.default\">\n\t\t\t\t<div class=\"elementor-widget-container\">\n\t\t\t\t\t<h1 class=\"elementor-heading-title elementor-size-default\">\u00e0 propos De Poshoorn<\/h1>\t\t\t\t<\/div>\n\t\t\t\t<\/div>\n\t\t\t\t<div class=\"elementor-element elementor-element-1ef5b1e elementor-widget__width-initial elementor-widget elementor-widget-text-editor\" data-id=\"1ef5b1e\" data-element_type=\"widget\" data-e-type=\"widget\" data-widget_type=\"text-editor.default\">\n\t\t\t\t<div class=\"elementor-widget-container\">\n\t\t\t\t\t\t\t\t\t<p>De Poshoorn est dirig\u00e9 par une \u00e9quipe d'une quarantaine de professionnels de l'h\u00f4tellerie. Des hospitaliers motiv\u00e9s qui mettent tout en \u0153uvre pour que vous vous sentiez comme chez vous. Tout simplement parce que c'est leur passion. Cette passion est anim\u00e9e par Yves Mullenders, entrepreneur du secteur de l'h\u00f4tellerie et de la restauration qui s'est forg\u00e9 lui-m\u00eame sa propre identit\u00e9 et qui a une grande exp\u00e9rience de l'h\u00f4tellerie. <i>conduire<\/i> pour l'hospitalit\u00e9 et l'innovation.<\/p>\t\t\t\t\t\t\t\t<\/div>\n\t\t\t\t<\/div>\n\t\t\t\t<\/div>\n\t\t\t\t\t<\/div>\n\t\t\t\t<\/div>\n\t\t<div class=\"elementor-element elementor-element-026cf3b e-flex e-con-boxed elementor-invisible e-con e-parent\" data-id=\"026cf3b\" data-element_type=\"container\" data-e-type=\"container\" data-settings=\"{&quot;background_background&quot;:&quot;classic&quot;,&quot;animation&quot;:&quot;fadeIn&quot;,&quot;jet_parallax_layout_list&quot;:[]}\">\n\t\t\t\t\t<div class=\"e-con-inner\">\n\t\t<div class=\"elementor-element elementor-element-b8bd894 e-con-full e-flex e-con e-child\" data-id=\"b8bd894\" data-element_type=\"container\" data-e-type=\"container\" data-settings=\"{&quot;jet_parallax_layout_list&quot;:[]}\">\n\t\t\t\t<div class=\"elementor-element elementor-element-b13ff01 elementor-widget elementor-widget-heading\" data-id=\"b13ff01\" data-element_type=\"widget\" data-e-type=\"widget\" data-widget_type=\"heading.default\">\n\t\t\t\t<div class=\"elementor-widget-container\">\n\t\t\t\t\t<h2 class=\"elementor-heading-title elementor-size-default\">Ambiance, qualit\u00e9 et confort<\/h2>\t\t\t\t<\/div>\n\t\t\t\t<\/div>\n\t\t\t\t<div class=\"elementor-element elementor-element-f7bcfdf elementor-widget__width-initial elementor-widget elementor-widget-text-editor\" data-id=\"f7bcfdf\" data-element_type=\"widget\" data-e-type=\"widget\" data-widget_type=\"text-editor.default\">\n\t\t\t\t<div class=\"elementor-widget-container\">\n\t\t\t\t\t\t\t\t\t<p>Yves s'est d\u00e9couvert une passion pour l'h\u00f4tellerie il y a une vingtaine d'ann\u00e9es, lorsqu'il a commenc\u00e9 \u00e0 travailler chez De Poshoorn en tant qu'\u00e9tudiant. Parall\u00e8lement, il \u00e9tudiait le marketing et la communication. Il combine aujourd'hui ces deux comp\u00e9tences en tant que propri\u00e9taire de De Poshoorn, apr\u00e8s avoir acquis une exp\u00e9rience professionnelle au cours des vingt derni\u00e8res ann\u00e9es en tant que directeur de plusieurs entreprises h\u00f4teli\u00e8res \u00e0 Maastricht. En accordant une attention particuli\u00e8re \u00e0 l'atmosph\u00e8re, \u00e0 la qualit\u00e9 et au confort, il parvient \u00e0 attirer diff\u00e9rents groupes cibles. Des jeunes aux personnes \u00e2g\u00e9es, des touristes aux personnes \u00e2g\u00e9es, des personnes \u00e2g\u00e9es aux personnes \u00e2g\u00e9es, des personnes \u00e2g\u00e9es aux personnes \u00e2g\u00e9es aux personnes \u00e2g\u00e9es. <i>local<\/i>.<span class=\"Apple-converted-space\">\u00a0<\/span><\/p>\t\t\t\t\t\t\t\t<\/div>\n\t\t\t\t<\/div>\n\t\t\t\t<\/div>\n\t\t<div class=\"elementor-element elementor-element-47438cd e-con-full e-flex e-con e-child\" data-id=\"47438cd\" data-element_type=\"container\" data-e-type=\"container\" data-settings=\"{&quot;jet_parallax_layout_list&quot;:[]}\">\n\t\t\t\t<div class=\"elementor-element elementor-element-e01234f elementor-widget elementor-widget-image\" data-id=\"e01234f\" data-element_type=\"widget\" data-e-type=\"widget\" data-widget_type=\"image.default\">\n\t\t\t\t<div class=\"elementor-widget-container\">\n\t\t\t\t\t\t\t\t\t\t\t\t\t\t\t<img decoding=\"async\" src=\"https:\/\/poshoorn.nl\/wp-content\/uploads\/elementor\/thumbs\/de_Poshoorn_23-05-24_Website-150x-r8jdkfthevx1imgur7oswkol7xyv6j4hhggjgxw3s8.webp\" title=\"De Poshoorn Wyck Maastricht, nourriture, boissons et h\u00e9bergement\" alt=\"De Poshoorn Wyck Maastricht, eten drinken &amp; overnachten\" loading=\"lazy\" \/>\t\t\t\t\t\t\t\t\t\t\t\t\t\t\t<\/div>\n\t\t\t\t<\/div>\n\t\t\t\t<\/div>\n\t\t\t\t\t<\/div>\n\t\t\t\t<\/div>\n\t\t<div class=\"elementor-element elementor-element-697c539 animated-slow e-flex e-con-boxed elementor-invisible e-con e-parent\" data-id=\"697c539\" data-element_type=\"container\" data-e-type=\"container\" data-settings=\"{&quot;background_background&quot;:&quot;classic&quot;,&quot;animation&quot;:&quot;fadeIn&quot;,&quot;jet_parallax_layout_list&quot;:[]}\">\n\t\t\t\t\t<div class=\"e-con-inner\">\n\t\t<div class=\"elementor-element elementor-element-e17356d e-con-full e-flex e-con e-child\" data-id=\"e17356d\" data-element_type=\"container\" data-e-type=\"container\" data-settings=\"{&quot;jet_parallax_layout_list&quot;:[]}\">\n\t\t\t\t<div class=\"elementor-element elementor-element-b793fa7 elementor-widget elementor-widget-image\" data-id=\"b793fa7\" data-element_type=\"widget\" data-e-type=\"widget\" data-widget_type=\"image.default\">\n\t\t\t\t<div class=\"elementor-widget-container\">\n\t\t\t\t\t\t\t\t\t\t\t\t\t\t\t<img decoding=\"async\" src=\"https:\/\/poshoorn.nl\/wp-content\/uploads\/elementor\/thumbs\/de_Poshoorn_23-05-24_Website-126x-r8jdkkin57blz9gkwxj862hjjdk9v5elvsmmqvqvxk.webp\" title=\"De Poshoorn Wyck Maastricht, nourriture, boissons et h\u00e9bergement\" alt=\"De Poshoorn Wyck Maastricht, eten drinken &amp; overnachten\" loading=\"lazy\" \/>\t\t\t\t\t\t\t\t\t\t\t\t\t\t\t<\/div>\n\t\t\t\t<\/div>\n\t\t\t\t<\/div>\n\t\t<div class=\"elementor-element elementor-element-5394ca0 e-con-full e-flex e-con e-child\" data-id=\"5394ca0\" data-element_type=\"container\" data-e-type=\"container\" data-settings=\"{&quot;jet_parallax_layout_list&quot;:[]}\">\n\t\t\t\t<div class=\"elementor-element elementor-element-5d2ab57 elementor-widget elementor-widget-heading\" data-id=\"5d2ab57\" data-element_type=\"widget\" data-e-type=\"widget\" data-widget_type=\"heading.default\">\n\t\t\t\t<div class=\"elementor-widget-container\">\n\t\t\t\t\t<h2 class=\"elementor-heading-title elementor-size-default\">Une combinaison unique d'authenticit\u00e9 et de contemporan\u00e9it\u00e9<\/h2>\t\t\t\t<\/div>\n\t\t\t\t<\/div>\n\t\t\t\t<div class=\"elementor-element elementor-element-2d00184 elementor-widget elementor-widget-text-editor\" data-id=\"2d00184\" data-element_type=\"widget\" data-e-type=\"widget\" data-widget_type=\"text-editor.default\">\n\t\t\t\t<div class=\"elementor-widget-container\">\n\t\t\t\t\t\t\t\t\t<p>\"J'aime les d\u00e9fis, le d\u00e9veloppement, l'innovation. Bien que De Poshoorn soit un b\u00e2timent authentique et historique, cela ne signifie pas qu'il faille rester stagnant sur le plan professionnel. Il s'agit d'une combinaison unique d'authenticit\u00e9 et de contemporan\u00e9it\u00e9, je pense. Et c'est l\u00e0 que j'inclus le plus possible mes employ\u00e9s. Tous ceux qui souhaitent \u00e9voluer dans le secteur de l'h\u00f4tellerie ont la possibilit\u00e9 de le faire, ce qui se refl\u00e8te dans l'atmosph\u00e8re et la qualit\u00e9 de De Poshoorn.<\/p>\t\t\t\t\t\t\t\t<\/div>\n\t\t\t\t<\/div>\n\t\t\t\t<div class=\"elementor-element elementor-element-b7c78b8 elementor-widget elementor-widget-text-editor\" data-id=\"b7c78b8\" data-element_type=\"widget\" data-e-type=\"widget\" data-widget_type=\"text-editor.default\">\n\t\t\t\t<div class=\"elementor-widget-container\">\n\t\t\t\t\t\t\t\t\t<p>\"Mon objectif \u00e9tait de cr\u00e9er une famille Poshoorn et c'est d\u00e9sormais le cas. Les gens aiment travailler ici et le font savoir. Beaucoup de nos collaborateurs travaillent ici depuis que j'ai pris mes fonctions en 2017. Telle une machine bien huil\u00e9e, ils font de De Poshoorn un succ\u00e8s et l'endroit \u00e0 Maastricht o\u00f9 nos clients trouvent \u00e9galement cette atmosph\u00e8re familiale et chaleureuse. La convivialit\u00e9 dans la ville anim\u00e9e !\"<span class=\"Apple-converted-space\">\u00a0<\/span><\/p>\t\t\t\t\t\t\t\t<\/div>\n\t\t\t\t<\/div>\n\t\t\t\t<\/div>\n\t\t\t\t\t<\/div>\n\t\t\t\t<\/div>\n\t\t\t\t<\/div>","protected":false},"excerpt":{"rendered":"<p>over de poshoorn De Poshoorn wordt gerund door een team van zo\u2019n veertig horecaprofessionals. Gedreven hospitality mensen die alles uit de kast halen om het jou naar de zin te maken. Simpelweg omdat dit hun passie is. Die passie wordt aangedreven door Yves Mullenders, selfmade horecaondernemer met een drive voor gastvrijheid en innovatie. Sfeer, kwaliteit [&hellip;]<\/p>\n","protected":false},"author":1,"featured_media":0,"parent":0,"menu_order":0,"comment_status":"closed","ping_status":"closed","template":"elementor_header_footer","meta":{"footnotes":""},"class_list":["post-369","page","type-page","status-publish","hentry"],"_links":{"self":[{"href":"https:\/\/poshoorn.nl\/fr\/wp-json\/wp\/v2\/pages\/369","targetHints":{"allow":["GET"]}}],"collection":[{"href":"https:\/\/poshoorn.nl\/fr\/wp-json\/wp\/v2\/pages"}],"about":[{"href":"https:\/\/poshoorn.nl\/fr\/wp-json\/wp\/v2\/types\/page"}],"author":[{"embeddable":true,"href":"https:\/\/poshoorn.nl\/fr\/wp-json\/wp\/v2\/users\/1"}],"replies":[{"embeddable":true,"href":"https:\/\/poshoorn.nl\/fr\/wp-json\/wp\/v2\/comments?post=369"}],"version-history":[{"count":26,"href":"https:\/\/poshoorn.nl\/fr\/wp-json\/wp\/v2\/pages\/369\/revisions"}],"predecessor-version":[{"id":866,"href":"https:\/\/poshoorn.nl\/fr\/wp-json\/wp\/v2\/pages\/369\/revisions\/866"}],"wp:attachment":[{"href":"https:\/\/poshoorn.nl\/fr\/wp-json\/wp\/v2\/media?parent=369"}],"curies":[{"name":"wp","href":"https:\/\/api.w.org\/{rel}","templated":true}]}}