{"id":353,"date":"2025-07-03T13:42:24","date_gmt":"2025-07-03T11:42:24","guid":{"rendered":"https:\/\/ombouwen3.043test.nl\/menus\/"},"modified":"2025-07-03T13:43:04","modified_gmt":"2025-07-03T11:43:04","slug":"menus","status":"publish","type":"page","link":"https:\/\/poshoorn.nl\/fr\/menus\/","title":{"rendered":"MENU&#8217;S"},"content":{"rendered":"<div data-elementor-type=\"wp-page\" data-elementor-id=\"353\" class=\"elementor elementor-353\" data-elementor-post-type=\"page\">\n\t\t\t\t\t\t<section class=\"elementor-section elementor-top-section elementor-element elementor-element-5c3c3de9 elementor-section-stretched elementor-section-full_width elementor-section-height-default elementor-section-height-default elementor-invisible\" data-id=\"5c3c3de9\" data-element_type=\"section\" data-e-type=\"section\" data-settings=\"{&quot;stretch_section&quot;:&quot;section-stretched&quot;,&quot;background_background&quot;:&quot;classic&quot;,&quot;animation&quot;:&quot;fadeIn&quot;,&quot;jet_parallax_layout_list&quot;:[]}\">\n\t\t\t\t\t\t\t<div class=\"elementor-background-overlay\"><\/div>\n\t\t\t\t\t\t\t<div class=\"elementor-container elementor-column-gap-no\">\n\t\t\t\t\t<div class=\"elementor-column elementor-col-100 elementor-top-column elementor-element elementor-element-3cc36d2f\" data-id=\"3cc36d2f\" data-element_type=\"column\" data-e-type=\"column\">\n\t\t\t<div class=\"elementor-widget-wrap\">\n\t\t\t\t\t\t\t<\/div>\n\t\t<\/div>\n\t\t\t\t\t<\/div>\n\t\t<\/section>\n\t\t<div class=\"elementor-element elementor-element-322a1194 e-flex e-con-boxed e-con e-parent\" data-id=\"322a1194\" data-element_type=\"container\" data-e-type=\"container\" data-settings=\"{&quot;background_background&quot;:&quot;classic&quot;,&quot;jet_parallax_layout_list&quot;:[]}\">\n\t\t\t\t\t<div class=\"e-con-inner\">\n\t\t\t\t<div class=\"elementor-element elementor-element-62de91a0 elementor-widget elementor-widget-heading\" data-id=\"62de91a0\" data-element_type=\"widget\" data-e-type=\"widget\" data-widget_type=\"heading.default\">\n\t\t\t\t<div class=\"elementor-widget-container\">\n\t\t\t\t\t<h2 class=\"elementor-heading-title elementor-size-default\">NOS FORFAITS POUR LES GROUPES<\/h2>\t\t\t\t<\/div>\n\t\t\t\t<\/div>\n\t\t\t\t<div class=\"elementor-element elementor-element-45705d9f elementor-widget elementor-widget-text-editor\" data-id=\"45705d9f\" data-element_type=\"widget\" data-e-type=\"widget\" data-widget_type=\"text-editor.default\">\n\t\t\t\t<div class=\"elementor-widget-container\">\n\t\t\t\t\t\t\t\t\t<p><em>Nos forfaits ne peuvent \u00eatre r\u00e9serv\u00e9s qu'\u00e0 l'avance.<\/em><\/p>\t\t\t\t\t\t\t\t<\/div>\n\t\t\t\t<\/div>\n\t\t\t\t\t<\/div>\n\t\t\t\t<\/div>\n\t\t\t\t<section class=\"elementor-section elementor-top-section elementor-element elementor-element-1cfa4846 elementor-section-stretched elementor-section-full_width elementor-reverse-tablet animated-slow elementor-section-height-default elementor-section-height-default elementor-invisible\" data-id=\"1cfa4846\" data-element_type=\"section\" data-e-type=\"section\" data-settings=\"{&quot;stretch_section&quot;:&quot;section-stretched&quot;,&quot;background_background&quot;:&quot;classic&quot;,&quot;animation&quot;:&quot;fadeIn&quot;,&quot;jet_parallax_layout_list&quot;:[]}\">\n\t\t\t\t\t\t<div class=\"elementor-container elementor-column-gap-default\">\n\t\t\t\t\t<div class=\"elementor-column elementor-col-33 elementor-top-column elementor-element elementor-element-537c19bf\" data-id=\"537c19bf\" data-element_type=\"column\" data-e-type=\"column\">\n\t\t\t<div class=\"elementor-widget-wrap elementor-element-populated\">\n\t\t\t\t\t\t<div class=\"elementor-element elementor-element-761f7c43 elementor-widget__width-initial elementor-widget elementor-widget-text-editor\" data-id=\"761f7c43\" data-element_type=\"widget\" data-e-type=\"widget\" data-widget_type=\"text-editor.default\">\n\t\t\t\t<div class=\"elementor-widget-container\">\n\t\t\t\t\t\t\t\t\t<div dir=\"ltr\"><h5 class=\"p3\"><span class=\"s2\">D\u00e9jeuner de luxe \u00e0 Poshoorn<\/span><\/h5><p>D\u00e9licieux d\u00e9jeuner de luxe avec un choix d'une de nos soupes maison accompagn\u00e9e d'un assortiment de fougasses richement garnies, comprenant carpaccio, pesto de poulet, salade d'\u0153ufs et jambon serrano. Pour finir, vous aurez droit \u00e0 une bonne tasse de caf\u00e9 ou de th\u00e9. Le forfait peut \u00eatre compl\u00e9t\u00e9 par du pain brun et une croquette de votre choix moyennant un suppl\u00e9ment.\u00a0<\/p><p>Ce forfait peut \u00eatre r\u00e9serv\u00e9 \u00e0 l'avance \u00e0 partir de 4 personnes et co\u00fbte <em><span class=\"s2\">24,50 \u20ac par personne.<\/span><\/em><\/p><\/div>\t\t\t\t\t\t\t\t<\/div>\n\t\t\t\t<\/div>\n\t\t\t\t\t<\/div>\n\t\t<\/div>\n\t\t\t\t<div class=\"elementor-column elementor-col-33 elementor-top-column elementor-element elementor-element-6aa09129\" data-id=\"6aa09129\" data-element_type=\"column\" data-e-type=\"column\">\n\t\t\t<div class=\"elementor-widget-wrap elementor-element-populated\">\n\t\t\t\t\t\t<div class=\"elementor-element elementor-element-1e53a15 elementor-widget__width-initial elementor-widget elementor-widget-text-editor\" data-id=\"1e53a15\" data-element_type=\"widget\" data-e-type=\"widget\" data-widget_type=\"text-editor.default\">\n\t\t\t\t<div class=\"elementor-widget-container\">\n\t\t\t\t\t\t\t\t\t<div dir=\"ltr\"><div dir=\"ltr\"><div dir=\"ltr\"><div><h5 class=\"p3\"><span class=\"s3\">Menu de luxe \u00e0 3 plats<\/span><\/h5><\/div><\/div><div dir=\"ltr\"><p>Entr\u00e9e : <br \/>Carpaccio de b\u0153uf avec mayo aux truffes, Burrata avec tomates, m\u00e9lange de graines, roquette et vinaigrette balsamique <em>ou<\/em><br \/>notre planche \u00e0 pain, du pain fabriqu\u00e9 \u00e0 partir de notre propre bi\u00e8re Poshoorn et servi avec une trempette maison.<\/p><p>Plat principal :<span style=\"text-decoration: underline;\"><br \/><\/span>Entrec\u00f4te \u00e0 la cr\u00e8me de poivrons ou Chimichurri (accompagn\u00e9e de frites et d'une salade verte), merlu aux coques et \u00e0 la salsa verde <em>ou<\/em> <br \/>Gnocchi v\u00e9g\u00e9tariens avec une sauce verte fra\u00eeche d'\u00e9pinards, de pois chiches et de jus de citron avec de la burrata.<\/p><p>Dessert :<span style=\"text-decoration: underline;\"><br \/><\/span>Dame blanche classique ou biramisu (tiramisu \u00e0 base de bi\u00e8re)<\/p><p><em>38,50 \u20ac par personne<\/em><\/p><\/div><\/div><\/div>\t\t\t\t\t\t\t\t<\/div>\n\t\t\t\t<\/div>\n\t\t\t\t\t<\/div>\n\t\t<\/div>\n\t\t\t\t<div class=\"elementor-column elementor-col-33 elementor-top-column elementor-element elementor-element-3a12b78f\" data-id=\"3a12b78f\" data-element_type=\"column\" data-e-type=\"column\">\n\t\t\t<div class=\"elementor-widget-wrap elementor-element-populated\">\n\t\t\t\t\t\t<div class=\"elementor-element elementor-element-6704457 elementor-widget__width-initial elementor-widget elementor-widget-text-editor\" data-id=\"6704457\" data-element_type=\"widget\" data-e-type=\"widget\" data-widget_type=\"text-editor.default\">\n\t\t\t\t<div class=\"elementor-widget-container\">\n\t\t\t\t\t\t\t\t\t<div dir=\"ltr\"><div dir=\"ltr\"><div><div dir=\"ltr\"><div dir=\"ltr\"><div><h5 class=\"p3\"><span class=\"s3\">Mangeur (m)bourguignon :<\/span><\/h5><\/div><\/div><div dir=\"ltr\"><div><p class=\"p3\"><span class=\"s2\">Pour les vrais gourmets, nous avons con\u00e7u une planche de service sp\u00e9ciale d'un m\u00e8tre pour 8 personnes. Remplie de nos amuse-gueules s\u00e9lectionn\u00e9s, notamment des nachos, des croquettes, des ailes de poulet, des flammkuchen, des patates douces, des frites, des travers de porc et bien d'autres encore. La planche comprend 8 bi\u00e8res maison \u00e0 la pression.<\/span><\/p><\/div><\/div><\/div><p class=\"p3\"><em><span class=\"s2\">95 \u20ac par tablette<\/span><\/em><\/p><\/div><\/div><\/div>\t\t\t\t\t\t\t\t<\/div>\n\t\t\t\t<\/div>\n\t\t\t\t\t<\/div>\n\t\t<\/div>\n\t\t\t\t\t<\/div>\n\t\t<\/section>\n\t\t\t\t<section class=\"elementor-section elementor-top-section elementor-element elementor-element-61bfbcf7 elementor-section-stretched elementor-section-full_width elementor-reverse-tablet animated-slow elementor-section-height-default elementor-section-height-default elementor-invisible\" data-id=\"61bfbcf7\" data-element_type=\"section\" data-e-type=\"section\" data-settings=\"{&quot;stretch_section&quot;:&quot;section-stretched&quot;,&quot;background_background&quot;:&quot;classic&quot;,&quot;animation&quot;:&quot;fadeIn&quot;,&quot;jet_parallax_layout_list&quot;:[]}\">\n\t\t\t\t\t\t<div class=\"elementor-container elementor-column-gap-default\">\n\t\t\t\t\t<div class=\"elementor-column elementor-col-33 elementor-top-column elementor-element elementor-element-323bf41d\" data-id=\"323bf41d\" data-element_type=\"column\" data-e-type=\"column\">\n\t\t\t<div class=\"elementor-widget-wrap elementor-element-populated\">\n\t\t\t\t\t\t<div class=\"elementor-element elementor-element-6daa7835 elementor-widget__width-initial elementor-widget elementor-widget-text-editor\" data-id=\"6daa7835\" data-element_type=\"widget\" data-e-type=\"widget\" data-widget_type=\"text-editor.default\">\n\t\t\t\t<div class=\"elementor-widget-container\">\n\t\t\t\t\t\t\t\t\t<div dir=\"ltr\"><div class=\"elementor-element elementor-element-cc99293 elementor-widget elementor-widget-text-editor\" data-id=\"cc99293\" data-element_type=\"widget\" data-widget_type=\"text-editor.default\"><div class=\"elementor-widget-container\"><div dir=\"ltr\"><div dir=\"ltr\"><div dir=\"ltr\"><h5>Menu Bourgogne<\/h5><p>Entr\u00e9e :<br \/>D\u00e9gustation d'amuse-gueules pour 2 personnes \u00e9labor\u00e9s par notre famille de cuisiniers. Entre autres, albondigas, croquettes \u00e0 la bi\u00e8re maison, burrata et pain avec trempette.<\/p><p>Plat principal :<br \/>Comme autrefois, manger dans les marmites de sa m\u00e8re ou de sa grand-m\u00e8re ! Un partage savoureux avec toute la tabl\u00e9e et surtout un bon moment pass\u00e9 ensemble.<\/p><p>Au menu pour vous :<br \/>Viande aigre maison \/ Boulettes li\u00e9geoises \/ Satay de filet de porc \/ Gnocchi v\u00e9g\u00e9tariens \u00e0 la burrata<\/p><p>Garni de frites fra\u00eeches et de salade verte<\/p><p>D\u00e9gustation de desserts<\/p><p><em>35,00 \u20ac par personne<\/em><\/p><\/div><\/div><\/div><\/div><\/div><\/div>\t\t\t\t\t\t\t\t<\/div>\n\t\t\t\t<\/div>\n\t\t\t\t\t<\/div>\n\t\t<\/div>\n\t\t\t\t<div class=\"elementor-column elementor-col-33 elementor-top-column elementor-element elementor-element-43bd3434\" data-id=\"43bd3434\" data-element_type=\"column\" data-e-type=\"column\">\n\t\t\t<div class=\"elementor-widget-wrap elementor-element-populated\">\n\t\t\t\t\t\t<div class=\"elementor-element elementor-element-5d125a42 elementor-widget__width-initial elementor-widget elementor-widget-text-editor\" data-id=\"5d125a42\" data-element_type=\"widget\" data-e-type=\"widget\" data-widget_type=\"text-editor.default\">\n\t\t\t\t<div class=\"elementor-widget-container\">\n\t\t\t\t\t\t\t\t\t<div dir=\"ltr\"><div class=\"elementor-element elementor-element-cc99293 elementor-widget elementor-widget-text-editor\" data-id=\"cc99293\" data-element_type=\"widget\" data-widget_type=\"text-editor.default\"><div class=\"elementor-widget-container\"><div dir=\"ltr\"><div dir=\"ltr\"><div dir=\"ltr\"><h5>Forfait boissons<\/h5><p>Pour les vrais Bourguignons parmi nous, nous avons concoct\u00e9 une d\u00e9licieuse planche \u00e0 boissons sp\u00e9cialement pour vous : une d\u00e9licieuse planche \u00e0 boissons remplie de diff\u00e9rents types de charcuterie, de croquettes de chorizo, de scampi, de burrata, de pain avec trempette, d'albondigas, de calamars et d'olives. La planche est combin\u00e9e avec une surprise de 4 verres de d\u00e9gustation de bi\u00e8res pression.<\/p><p>Ce forfait peut \u00eatre r\u00e9serv\u00e9 \u00e0 partir de 4 personnes et co\u00fbte\u00a0<em>25,00 \u20ac par personne.<\/em><\/p><\/div><\/div><\/div><\/div><\/div><\/div>\t\t\t\t\t\t\t\t<\/div>\n\t\t\t\t<\/div>\n\t\t\t\t\t<\/div>\n\t\t<\/div>\n\t\t\t\t<div class=\"elementor-column elementor-col-33 elementor-top-column elementor-element elementor-element-3d72226a\" data-id=\"3d72226a\" data-element_type=\"column\" data-e-type=\"column\">\n\t\t\t<div class=\"elementor-widget-wrap\">\n\t\t\t\t\t\t\t<\/div>\n\t\t<\/div>\n\t\t\t\t\t<\/div>\n\t\t<\/section>\n\t\t<div class=\"elementor-element elementor-element-7c30f44a e-flex e-con-boxed e-con e-parent\" data-id=\"7c30f44a\" data-element_type=\"container\" data-e-type=\"container\" data-settings=\"{&quot;background_background&quot;:&quot;classic&quot;,&quot;jet_parallax_layout_list&quot;:[]}\">\n\t\t\t\t\t<div class=\"e-con-inner\">\n\t\t\t\t<div class=\"elementor-element elementor-element-490d5847 elementor-widget elementor-widget-heading\" data-id=\"490d5847\" data-element_type=\"widget\" data-e-type=\"widget\" data-widget_type=\"heading.default\">\n\t\t\t\t<div class=\"elementor-widget-container\">\n\t\t\t\t\t<h2 class=\"elementor-heading-title elementor-size-default\">Questions ou demandes sp\u00e9ciales ?<\/h2>\t\t\t\t<\/div>\n\t\t\t\t<\/div>\n\t\t\t\t<div class=\"elementor-element elementor-element-765007b1 elementor-widget elementor-widget-text-editor\" data-id=\"765007b1\" data-element_type=\"widget\" data-e-type=\"widget\" data-widget_type=\"text-editor.default\">\n\t\t\t\t<div class=\"elementor-widget-container\">\n\t\t\t\t\t\t\t\t\t<p>Des souhaits particuliers ? Nous pouvons \u00e9galement vous proposer un arrangement de groupe sur mesure. N'h\u00e9sitez pas \u00e0 nous contacter.<\/p>\t\t\t\t\t\t\t\t<\/div>\n\t\t\t\t<\/div>\n\t\t\t\t<div class=\"elementor-element elementor-element-4516714a elementor-widget elementor-widget-button\" data-id=\"4516714a\" data-element_type=\"widget\" data-e-type=\"widget\" data-widget_type=\"button.default\">\n\t\t\t\t<div class=\"elementor-widget-container\">\n\t\t\t\t\t\t\t\t\t<div class=\"elementor-button-wrapper\">\n\t\t\t\t\t<a class=\"elementor-button elementor-button-link elementor-size-sm\" href=\"mailto:info@poshoorn.nl\">\n\t\t\t\t\t\t<span class=\"elementor-button-content-wrapper\">\n\t\t\t\t\t\t<span class=\"elementor-button-icon\">\n\t\t\t\t<svg xmlns=\"http:\/\/www.w3.org\/2000\/svg\" width=\"16\" height=\"16\" viewbox=\"0 0 16 16\" fill=\"none\"><path d=\"M15.7071 8.70711C16.0976 8.31658 16.0976 7.68342 15.7071 7.29289L9.34315 0.928932C8.95262 0.538408 8.31946 0.538408 7.92893 0.928932C7.53841 1.31946 7.53841 1.95262 7.92893 2.34315L13.5858 8L7.92893 13.6569C7.53841 14.0474 7.53841 14.6805 7.92893 15.0711C8.31946 15.4616 8.95262 15.4616 9.34315 15.0711L15.7071 8.70711ZM0 9H15V7H0V9Z\" fill=\"#BB923A\"><\/path><\/svg>\t\t\t<\/span>\n\t\t\t\t\t\t\t\t\t<span class=\"elementor-button-text\">Envoyez-nous un courrier<\/span>\n\t\t\t\t\t<\/span>\n\t\t\t\t\t<\/a>\n\t\t\t\t<\/div>\n\t\t\t\t\t\t\t\t<\/div>\n\t\t\t\t<\/div>\n\t\t\t\t\t<\/div>\n\t\t\t\t<\/div>\n\t\t\t\t<\/div>","protected":false},"excerpt":{"rendered":"<p>ONZE GROEPSARRANGEMENTEN Onze arrangementen zijn alleen vooraf te boeken. Luxe Poshoorn Lunch Heerlijk luxe lunch met keuze uit een van onze huisgemaakte soepen met daarbij een assortiment van rijkelijk belegde focaccia\u2019s, waaronder carpaccio, kip-pesto, eiersalade en serranoham. Als afsluiter krijgt u een lekker kopje koffie of thee. Het arrangement kan uitgebreid worden met bruin brood [&hellip;]<\/p>\n","protected":false},"author":1,"featured_media":0,"parent":0,"menu_order":0,"comment_status":"closed","ping_status":"closed","template":"elementor_header_footer","meta":{"footnotes":""},"class_list":["post-353","page","type-page","status-publish","hentry"],"_links":{"self":[{"href":"https:\/\/poshoorn.nl\/fr\/wp-json\/wp\/v2\/pages\/353","targetHints":{"allow":["GET"]}}],"collection":[{"href":"https:\/\/poshoorn.nl\/fr\/wp-json\/wp\/v2\/pages"}],"about":[{"href":"https:\/\/poshoorn.nl\/fr\/wp-json\/wp\/v2\/types\/page"}],"author":[{"embeddable":true,"href":"https:\/\/poshoorn.nl\/fr\/wp-json\/wp\/v2\/users\/1"}],"replies":[{"embeddable":true,"href":"https:\/\/poshoorn.nl\/fr\/wp-json\/wp\/v2\/comments?post=353"}],"version-history":[{"count":4,"href":"https:\/\/poshoorn.nl\/fr\/wp-json\/wp\/v2\/pages\/353\/revisions"}],"predecessor-version":[{"id":449,"href":"https:\/\/poshoorn.nl\/fr\/wp-json\/wp\/v2\/pages\/353\/revisions\/449"}],"wp:attachment":[{"href":"https:\/\/poshoorn.nl\/fr\/wp-json\/wp\/v2\/media?parent=353"}],"curies":[{"name":"wp","href":"https:\/\/api.w.org\/{rel}","templated":true}]}}