{"id":938,"date":"2025-10-07T12:03:14","date_gmt":"2025-10-07T10:03:14","guid":{"rendered":"https:\/\/poshoorn.nl\/?page_id=938"},"modified":"2025-10-07T12:06:45","modified_gmt":"2025-10-07T10:06:45","slug":"vrienden-van-de-poshoorn","status":"publish","type":"page","link":"https:\/\/poshoorn.nl\/de\/vrienden-van-de-poshoorn\/","title":{"rendered":"Freunde des Poshoorns"},"content":{"rendered":"<div data-elementor-type=\"wp-page\" data-elementor-id=\"938\" class=\"elementor elementor-938\" data-elementor-post-type=\"page\">\n\t\t\t\t<div class=\"elementor-element elementor-element-0033ddd e-con-full e-flex elementor-invisible e-con e-parent\" data-id=\"0033ddd\" data-element_type=\"container\" data-e-type=\"container\" data-settings=\"{&quot;background_background&quot;:&quot;classic&quot;,&quot;animation&quot;:&quot;fadeIn&quot;,&quot;jet_parallax_layout_list&quot;:[]}\">\n\t\t<div class=\"elementor-element elementor-element-22b1396 e-con-full e-flex e-con e-child\" data-id=\"22b1396\" data-element_type=\"container\" data-e-type=\"container\" data-settings=\"{&quot;jet_parallax_layout_list&quot;:[]}\">\n\t\t\t\t<div class=\"elementor-element elementor-element-451697e elementor-widget elementor-widget-heading\" data-id=\"451697e\" data-element_type=\"widget\" data-e-type=\"widget\" data-widget_type=\"heading.default\">\n\t\t\t\t<div class=\"elementor-widget-container\">\n\t\t\t\t\t<h1 class=\"elementor-heading-title elementor-size-default\">Freunde des Poshoorns<\/h1>\t\t\t\t<\/div>\n\t\t\t\t<\/div>\n\t\t\t\t<\/div>\n\t\t\t\t<\/div>\n\t\t<div class=\"elementor-element elementor-element-480e160 animated-slow e-grid e-con-boxed elementor-invisible e-con e-parent\" data-id=\"480e160\" data-element_type=\"container\" data-e-type=\"container\" data-settings=\"{&quot;background_background&quot;:&quot;classic&quot;,&quot;animation&quot;:&quot;fadeIn&quot;,&quot;jet_parallax_layout_list&quot;:[]}\">\n\t\t\t\t\t<div class=\"e-con-inner\">\n\t\t<div class=\"elementor-element elementor-element-4117100 e-con-full e-flex e-con e-child\" data-id=\"4117100\" data-element_type=\"container\" data-e-type=\"container\" data-settings=\"{&quot;jet_parallax_layout_list&quot;:[]}\">\n\t\t\t\t<div class=\"elementor-element elementor-element-630544d elementor-widget elementor-widget-heading\" data-id=\"630544d\" data-element_type=\"widget\" data-e-type=\"widget\" data-widget_type=\"heading.default\">\n\t\t\t\t<div class=\"elementor-widget-container\">\n\t\t\t\t\t<h2 class=\"elementor-heading-title elementor-size-default\">Freunde der Poshoorn-Karte<\/h2>\t\t\t\t<\/div>\n\t\t\t\t<\/div>\n\t\t\t\t<div class=\"elementor-element elementor-element-30de3a2 elementor-widget__width-initial elementor-widget elementor-widget-text-editor\" data-id=\"30de3a2\" data-element_type=\"widget\" data-e-type=\"widget\" data-widget_type=\"text-editor.default\">\n\t\t\t\t<div class=\"elementor-widget-container\">\n\t\t\t\t\t\t\t\t\t<div class=\"x_elementToProof\" data-olk-copy-source=\"MessageBody\">\ud83c\udf89 Werden Sie FREUND von De Poshoorn!<\/div><div class=\"x_elementToProof\">\u00a0<\/div><div class=\"x_elementToProof\">Mit der \u201eVrienden van De Poshoorn\u201d-Karte genie\u00dfen Sie zus\u00e4tzliche Vorteile:<\/div><div class=\"x_elementToProof\">\ud83c\udf7a Burgundische Angebote<\/div><div class=\"x_elementToProof\">\ud83e\uddc0 Kostenlose Snacks<\/div><div class=\"x_elementToProof\">\ud83c\udf82 Geburtstagsleckereien<\/div><div class=\"x_elementToProof\">\u26bd Und eine besondere MVV-Spielaktion!<\/div><div class=\"x_elementToProof\">\u00a0<\/div><div class=\"x_elementToProof\">Verwenden Sie den Link oder scannen Sie den QR-Code, f\u00fcgen Sie die Karte zu Ihrer Wallet hinzu und profitieren Sie sofort von Ihrem ersten Vorteil.<\/div><div class=\"x_elementToProof\">\u00a0<\/div><div class=\"x_elementToProof\">\ud83d\udc49 Die Freundeskarte des Poshoorn: Denn Freundschaft l\u00e4sst sich am besten mit einem genussvollen Moment im Herzen von Wyck feiern!<\/div>\t\t\t\t\t\t\t\t<\/div>\n\t\t\t\t<\/div>\n\t\t\t\t<div class=\"elementor-element elementor-element-1e03305 elementor-widget elementor-widget-button\" data-id=\"1e03305\" data-element_type=\"widget\" data-e-type=\"widget\" data-widget_type=\"button.default\">\n\t\t\t\t<div class=\"elementor-widget-container\">\n\t\t\t\t\t\t\t\t\t<div class=\"elementor-button-wrapper\">\n\t\t\t\t\t<a class=\"elementor-button elementor-button-link elementor-size-sm\" href=\"https:\/\/qr.any.id\/poshoorn\" target=\"_blank\" rel=\"noopener\">\n\t\t\t\t\t\t<span class=\"elementor-button-content-wrapper\">\n\t\t\t\t\t\t\t\t\t<span class=\"elementor-button-text\">Werde Freund!<\/span>\n\t\t\t\t\t<\/span>\n\t\t\t\t\t<\/a>\n\t\t\t\t<\/div>\n\t\t\t\t\t\t\t\t<\/div>\n\t\t\t\t<\/div>\n\t\t\t\t<\/div>\n\t\t<div class=\"elementor-element elementor-element-a814adf e-grid e-con-full e-con e-child\" data-id=\"a814adf\" data-element_type=\"container\" data-e-type=\"container\" data-settings=\"{&quot;jet_parallax_layout_list&quot;:[]}\">\n\t\t\t\t<div class=\"elementor-element elementor-element-b99fffb elementor-widget elementor-widget-image\" data-id=\"b99fffb\" data-element_type=\"widget\" data-e-type=\"widget\" data-widget_type=\"image.default\">\n\t\t\t\t<div class=\"elementor-widget-container\">\n\t\t\t\t\t\t\t\t\t\t\t\t\t\t\t<img fetchpriority=\"high\" decoding=\"async\" width=\"1844\" height=\"2560\" src=\"https:\/\/poshoorn.nl\/wp-content\/uploads\/2025\/10\/A5-Front-side-Cafe-Poshoorn-NL-scaled.jpg\" class=\"attachment-full size-full wp-image-939\" alt=\"\" srcset=\"https:\/\/poshoorn.nl\/wp-content\/uploads\/2025\/10\/A5-Front-side-Cafe-Poshoorn-NL-scaled.jpg 1844w, https:\/\/poshoorn.nl\/wp-content\/uploads\/2025\/10\/A5-Front-side-Cafe-Poshoorn-NL-216x300.jpg 216w, https:\/\/poshoorn.nl\/wp-content\/uploads\/2025\/10\/A5-Front-side-Cafe-Poshoorn-NL-738x1024.jpg 738w, https:\/\/poshoorn.nl\/wp-content\/uploads\/2025\/10\/A5-Front-side-Cafe-Poshoorn-NL-768x1066.jpg 768w, https:\/\/poshoorn.nl\/wp-content\/uploads\/2025\/10\/A5-Front-side-Cafe-Poshoorn-NL-1107x1536.jpg 1107w, https:\/\/poshoorn.nl\/wp-content\/uploads\/2025\/10\/A5-Front-side-Cafe-Poshoorn-NL-1475x2048.jpg 1475w, https:\/\/poshoorn.nl\/wp-content\/uploads\/2025\/10\/A5-Front-side-Cafe-Poshoorn-NL-9x12.jpg 9w\" sizes=\"(max-width: 1844px) 100vw, 1844px\" title=\"\">\t\t\t\t\t\t\t\t\t\t\t\t\t\t\t<\/div>\n\t\t\t\t<\/div>\n\t\t\t\t<\/div>\n\t\t\t\t\t<\/div>\n\t\t\t\t<\/div>\n\t\t<div class=\"elementor-element elementor-element-22e0c08 animated-slow elementor-hidden-desktop elementor-hidden-tablet elementor-hidden-mobile e-flex e-con-boxed elementor-invisible e-con e-parent\" data-id=\"22e0c08\" data-element_type=\"container\" data-e-type=\"container\" data-settings=\"{&quot;background_background&quot;:&quot;classic&quot;,&quot;animation&quot;:&quot;fadeIn&quot;,&quot;jet_parallax_layout_list&quot;:[]}\">\n\t\t\t\t\t<div class=\"e-con-inner\">\n\t\t<div class=\"elementor-element elementor-element-78e85b4 e-con-full e-flex e-con e-child\" data-id=\"78e85b4\" data-element_type=\"container\" data-e-type=\"container\" data-settings=\"{&quot;jet_parallax_layout_list&quot;:[]}\">\n\t\t\t\t<div class=\"elementor-element elementor-element-06d536b elementor-widget elementor-widget-heading\" data-id=\"06d536b\" data-element_type=\"widget\" data-e-type=\"widget\" data-widget_type=\"heading.default\">\n\t\t\t\t<div class=\"elementor-widget-container\">\n\t\t\t\t\t<h2 class=\"elementor-heading-title elementor-size-default\">BIERVERKOSTUNGEN<\/h2>\t\t\t\t<\/div>\n\t\t\t\t<\/div>\n\t\t\t\t<div class=\"elementor-element elementor-element-4482ae9 elementor-widget elementor-widget-text-editor\" data-id=\"4482ae9\" data-element_type=\"widget\" data-e-type=\"widget\" data-widget_type=\"text-editor.default\">\n\t\t\t\t<div class=\"elementor-widget-container\">\n\t\t\t\t\t\t\t\t\t<p>Erkunden Sie mit uns die dynamische Landschaft der Bierspezialit\u00e4ten. Lernen Sie neue Geschmacksrichtungen kennen und lassen Sie sich von fantastischen Kombinationen aus Bier und Speisen inspirieren.<span class=\"Apple-converted-space\">\u00a0<\/span><\/p><p>Ausgehend von unserer eigenen Leidenschaft f\u00fcr Gourmet-Essen und -Getr\u00e4nke organisieren wir Bierdinner und Bierverkostungen in verschiedenen Zusammenstellungen. Von leicht zug\u00e4nglichen Bieren f\u00fcr neugierige \"Einsteiger\" bis zu besonderen Spezialbieren f\u00fcr Kenner - die <i>beargeeks<\/i>. Unsere speziell ausgebildeten Biersommeliers wissen alles \u00fcber den Geschmack und stellen die perfekte Kombination mit <i>bei\u00dft<\/i> <i>nebenbei bemerkt<\/i> und komplette Gerichte. Entdecken Sie <a href=\"\/de\/proeflokaal\/\">hier<\/a>\u00a0unsere Pakete.<\/p>\t\t\t\t\t\t\t\t<\/div>\n\t\t\t\t<\/div>\n\t\t\t\t<div class=\"elementor-element elementor-element-5283482 elementor-widget__width-initial elementor-widget elementor-widget-button\" data-id=\"5283482\" data-element_type=\"widget\" data-e-type=\"widget\" data-widget_type=\"button.default\">\n\t\t\t\t<div class=\"elementor-widget-container\">\n\t\t\t\t\t\t\t\t\t<div class=\"elementor-button-wrapper\">\n\t\t\t\t\t<a class=\"elementor-button elementor-button-link elementor-size-sm\" href=\"\/de\/proeflokaal\/\">\n\t\t\t\t\t\t<span class=\"elementor-button-content-wrapper\">\n\t\t\t\t\t\t\t\t\t<span class=\"elementor-button-text\">Besuchen Sie den Verkostungsraum<\/span>\n\t\t\t\t\t<\/span>\n\t\t\t\t\t<\/a>\n\t\t\t\t<\/div>\n\t\t\t\t\t\t\t\t<\/div>\n\t\t\t\t<\/div>\n\t\t\t\t<\/div>\n\t\t<div class=\"elementor-element elementor-element-fd4475d e-con-full e-flex e-con e-child\" data-id=\"fd4475d\" data-element_type=\"container\" data-e-type=\"container\" data-settings=\"{&quot;jet_parallax_layout_list&quot;:[]}\">\n\t\t\t\t<div class=\"elementor-element elementor-element-3b1ec72 elementor-widget elementor-widget-heading\" data-id=\"3b1ec72\" data-element_type=\"widget\" data-e-type=\"widget\" data-widget_type=\"heading.default\">\n\t\t\t\t<div class=\"elementor-widget-container\">\n\t\t\t\t\t<h2 class=\"elementor-heading-title elementor-size-default\">WEINVERKOSTUNGEN<\/h2>\t\t\t\t<\/div>\n\t\t\t\t<\/div>\n\t\t\t\t<div class=\"elementor-element elementor-element-735d0b6 elementor-widget elementor-widget-text-editor\" data-id=\"735d0b6\" data-element_type=\"widget\" data-e-type=\"widget\" data-widget_type=\"text-editor.default\">\n\t\t\t\t<div class=\"elementor-widget-container\">\n\t\t\t\t\t\t\t\t\t<p>Auch f\u00fcr Weinliebhaber haben wir eine gro\u00dfe Auswahl. Wei\u00df, rot, ros\u00e9, prickelnd, glasweise, flaschenweise oder in Form eines inspirierenden Weinpakets.<span class=\"Apple-converted-space\">\u00a0<\/span><\/p><p>Wir kaufen unsere Weine bei Sauter Wijnen in Cadier und Keer. Sie sind bekannt f\u00fcr ihre au\u00dfergew\u00f6hnlichen Qualit\u00e4tsweine, haupts\u00e4chlich aus Frankreich, Italien und Spanien, von jungen, authentischen, kleinen Winzern. Qualit\u00e4t muss nicht teuer sein, ist ihre \u00dcberzeugung, und wir sind damit v\u00f6llig einverstanden.<span class=\"Apple-converted-space\">\u00a0<\/span>St\u00e4ndig sind etwa 10 Flaschen ge\u00f6ffnet, fragen Sie also unbedingt nach einer \"Kostprobe\". Unsere Mitarbeiter\/Weinexperten werden Sie gerne beraten.<\/p><div dir=\"ltr\"><div><p><em>Zwei von uns ausgew\u00e4hlte Sauter Wei\u00df- oder Rotweine kombiniert mit einer von uns gef\u00fcllten Getr\u00e4nkekarte<\/em><\/p><\/div><\/div><p><em>\u20ac17,50<span class=\"Apple-converted-space\">\u00a0 <\/span>pro Kopf der Bev\u00f6lkerung<\/em><\/p>\t\t\t\t\t\t\t\t<\/div>\n\t\t\t\t<\/div>\n\t\t\t\t<\/div>\n\t\t\t\t\t<\/div>\n\t\t\t\t<\/div>\n\t\t\t\t<\/div>","protected":false},"excerpt":{"rendered":"<p>Vrienden van de Poshoorn Vrienden van de Poshoorn kaart \ud83c\udf89 Word VRIEND van De Poshoorn!\u00a0Met de Vrienden van De Poshoorn-kaart geniet je van extra\u2019s:\ud83c\udf7a Bourgondische deals\ud83e\uddc0 Gratis borrelhapjes\ud83c\udf82 Verjaardagstraktaties\u26bd En een speciale MVV-matchactie!\u00a0Gebruik de link of scan de QR code, voeg de kaart toe aan je wallet en profiteer meteen van je eerste voordeel.\u00a0\ud83d\udc49 De [&hellip;]<\/p>\n","protected":false},"author":1,"featured_media":0,"parent":0,"menu_order":0,"comment_status":"closed","ping_status":"closed","template":"elementor_header_footer","meta":{"footnotes":""},"class_list":["post-938","page","type-page","status-publish","hentry"],"_links":{"self":[{"href":"https:\/\/poshoorn.nl\/de\/wp-json\/wp\/v2\/pages\/938","targetHints":{"allow":["GET"]}}],"collection":[{"href":"https:\/\/poshoorn.nl\/de\/wp-json\/wp\/v2\/pages"}],"about":[{"href":"https:\/\/poshoorn.nl\/de\/wp-json\/wp\/v2\/types\/page"}],"author":[{"embeddable":true,"href":"https:\/\/poshoorn.nl\/de\/wp-json\/wp\/v2\/users\/1"}],"replies":[{"embeddable":true,"href":"https:\/\/poshoorn.nl\/de\/wp-json\/wp\/v2\/comments?post=938"}],"version-history":[{"count":3,"href":"https:\/\/poshoorn.nl\/de\/wp-json\/wp\/v2\/pages\/938\/revisions"}],"predecessor-version":[{"id":942,"href":"https:\/\/poshoorn.nl\/de\/wp-json\/wp\/v2\/pages\/938\/revisions\/942"}],"wp:attachment":[{"href":"https:\/\/poshoorn.nl\/de\/wp-json\/wp\/v2\/media?parent=938"}],"curies":[{"name":"wp","href":"https:\/\/api.w.org\/{rel}","templated":true}]}}