{"id":394,"date":"2025-07-03T13:42:52","date_gmt":"2025-07-03T11:42:52","guid":{"rendered":"https:\/\/ombouwen3.043test.nl\/de-stadsherberg\/"},"modified":"2025-07-03T14:02:45","modified_gmt":"2025-07-03T12:02:45","slug":"de-stadsherberg","status":"publish","type":"page","link":"https:\/\/poshoorn.nl\/de\/de-stadsherberg\/","title":{"rendered":"De Stadsherberg"},"content":{"rendered":"<div data-elementor-type=\"wp-page\" data-elementor-id=\"394\" class=\"elementor elementor-394\" data-elementor-post-type=\"page\">\n\t\t\t\t\t\t<section class=\"elementor-section elementor-top-section elementor-element elementor-element-3eff1965 elementor-section-stretched elementor-section-full_width elementor-section-height-default elementor-section-height-default elementor-invisible\" data-id=\"3eff1965\" data-element_type=\"section\" data-e-type=\"section\" data-settings=\"{&quot;stretch_section&quot;:&quot;section-stretched&quot;,&quot;background_background&quot;:&quot;classic&quot;,&quot;animation&quot;:&quot;fadeIn&quot;,&quot;jet_parallax_layout_list&quot;:[]}\">\n\t\t\t\t\t\t\t<div class=\"elementor-background-overlay\"><\/div>\n\t\t\t\t\t\t\t<div class=\"elementor-container elementor-column-gap-no\">\n\t\t\t\t\t<div class=\"elementor-column elementor-col-50 elementor-top-column elementor-element elementor-element-28cbd07a\" data-id=\"28cbd07a\" data-element_type=\"column\" data-e-type=\"column\">\n\t\t\t<div class=\"elementor-widget-wrap\">\n\t\t\t\t\t\t\t<\/div>\n\t\t<\/div>\n\t\t\t\t<div class=\"elementor-column elementor-col-50 elementor-top-column elementor-element elementor-element-4add7674\" data-id=\"4add7674\" data-element_type=\"column\" data-e-type=\"column\">\n\t\t\t<div class=\"elementor-widget-wrap elementor-element-populated\">\n\t\t\t\t\t\t<div class=\"elementor-element elementor-element-6abd1551 elementor-widget elementor-widget-heading\" data-id=\"6abd1551\" data-element_type=\"widget\" data-e-type=\"widget\" data-widget_type=\"heading.default\">\n\t\t\t\t<div class=\"elementor-widget-container\">\n\t\t\t\t\t<h1 class=\"elementor-heading-title elementor-size-default\">Das Stadtgasthaus<\/h1>\t\t\t\t<\/div>\n\t\t\t\t<\/div>\n\t\t\t\t<div class=\"elementor-element elementor-element-5ce50212 elementor-widget elementor-widget-text-editor\" data-id=\"5ce50212\" data-element_type=\"widget\" data-e-type=\"widget\" data-widget_type=\"text-editor.default\">\n\t\t\t\t<div class=\"elementor-widget-container\">\n\t\t\t\t\t\t\t\t\t<p>Im belebten Wyck, mitten im Zentrum von Maastricht und nur einen Steinwurf vom Maastrichter Hauptbahnhof entfernt, liegt das Stadsherberg De Poshoorn. Ein charakteristisches, gem\u00fctliches und gleichzeitig modernes Hotel, Restaurant und Bar, in dem eine famili\u00e4re Atmosph\u00e4re und pers\u00f6nliche Aufmerksamkeit im Vordergrund stehen. Das stimmungsvolle, authentische Geb\u00e4ude ist mit der Zeit gegangen und erm\u00f6glicht es Ihnen, eine besondere Nacht zu verbringen und gleichzeitig bequem nach Hause zu kommen. Wie in dem gem\u00fctlichen Gasthaus von damals, aber in der Gegenwart. Als Gesch\u00e4ftsreisender oder Wochenendausfl\u00fcgler finden Sie hier allen Komfort, den Sie brauchen.<span class=\"Apple-converted-space\">\u00a0<\/span><\/p>\t\t\t\t\t\t\t\t<\/div>\n\t\t\t\t<\/div>\n\t\t\t\t\t<\/div>\n\t\t<\/div>\n\t\t\t\t\t<\/div>\n\t\t<\/section>\n\t\t\t\t<section class=\"elementor-section elementor-top-section elementor-element elementor-element-4f38b519 elementor-section-stretched elementor-section-full_width elementor-reverse-tablet elementor-section-height-default elementor-section-height-default elementor-invisible\" data-id=\"4f38b519\" data-element_type=\"section\" data-e-type=\"section\" data-settings=\"{&quot;stretch_section&quot;:&quot;section-stretched&quot;,&quot;background_background&quot;:&quot;classic&quot;,&quot;animation&quot;:&quot;fadeIn&quot;,&quot;jet_parallax_layout_list&quot;:[]}\">\n\t\t\t\t\t\t<div class=\"elementor-container elementor-column-gap-default\">\n\t\t\t\t\t<div class=\"elementor-column elementor-col-50 elementor-top-column elementor-element elementor-element-33e15e49\" data-id=\"33e15e49\" data-element_type=\"column\" data-e-type=\"column\">\n\t\t\t<div class=\"elementor-widget-wrap elementor-element-populated\">\n\t\t\t\t\t\t<div class=\"elementor-element elementor-element-58fe54e4 elementor-widget elementor-widget-heading\" data-id=\"58fe54e4\" data-element_type=\"widget\" data-e-type=\"widget\" data-widget_type=\"heading.default\">\n\t\t\t\t<div class=\"elementor-widget-container\">\n\t\t\t\t\t<h2 class=\"elementor-heading-title elementor-size-default\">Guter Schlaf, gutes Fr\u00fchst\u00fcck, Mittagessen, Getr\u00e4nke und Abendessen<\/h2>\t\t\t\t<\/div>\n\t\t\t\t<\/div>\n\t\t\t\t<div class=\"elementor-element elementor-element-7225ea21 elementor-widget__width-initial elementor-widget elementor-widget-text-editor\" data-id=\"7225ea21\" data-element_type=\"widget\" data-e-type=\"widget\" data-widget_type=\"text-editor.default\">\n\t\t\t\t<div class=\"elementor-widget-container\">\n\t\t\t\t\t\t\t\t\t<p>De Poshoorn befindet sich in einem der \u00e4ltesten Geb\u00e4ude Maastrichts, und das kann man \u00fcberall sehen und sp\u00fcren. Ob Sie nun gemeinsam, mit einer Gruppe oder allein auf einem St\u00e4dtetrip oder einer Gesch\u00e4ftsreise sind, das gem\u00fctliche Wohnzimmergef\u00fchl ist immer pr\u00e4sent. Von unseren elf frisch renovierten Zimmern unterschiedlicher Gr\u00f6\u00dfe haben Sie einen direkten Blick auf das gem\u00fctliche Wyck. Wenn Sie die Treppe hinuntergehen, betreten Sie sofort die gem\u00fctliche Brasserie. Hier k\u00f6nnen Sie ein gutes Fr\u00fchst\u00fcck, k\u00f6stliches Mittagessen, Getr\u00e4nke und Abendessen genie\u00dfen. \u00dcbrigens auch auf unserer gro\u00dfen Terrasse.<span class=\"Apple-converted-space\">\u00a0<\/span><\/p>\t\t\t\t\t\t\t\t<\/div>\n\t\t\t\t<\/div>\n\t\t\t\t\t<\/div>\n\t\t<\/div>\n\t\t\t\t<div class=\"elementor-column elementor-col-50 elementor-top-column elementor-element elementor-element-52ed1cfe\" data-id=\"52ed1cfe\" data-element_type=\"column\" data-e-type=\"column\">\n\t\t\t<div class=\"elementor-widget-wrap elementor-element-populated\">\n\t\t\t\t\t\t<div class=\"elementor-element elementor-element-53a488ca elementor-widget elementor-widget-image\" data-id=\"53a488ca\" data-element_type=\"widget\" data-e-type=\"widget\" data-widget_type=\"image.default\">\n\t\t\t\t<div class=\"elementor-widget-container\">\n\t\t\t\t\t\t\t\t\t\t\t\t\t\t\t<img fetchpriority=\"high\" decoding=\"async\" width=\"800\" height=\"534\" src=\"https:\/\/poshoorn.nl\/wp-content\/uploads\/2025\/07\/poshorn-kamer-overnachten-1024x684.jpg\" class=\"attachment-large size-large wp-image-396\" alt=\"\" srcset=\"https:\/\/poshoorn.nl\/wp-content\/uploads\/2025\/07\/poshorn-kamer-overnachten-1024x684.jpg 1024w, https:\/\/poshoorn.nl\/wp-content\/uploads\/2025\/07\/poshorn-kamer-overnachten-300x200.jpg 300w, https:\/\/poshoorn.nl\/wp-content\/uploads\/2025\/07\/poshorn-kamer-overnachten-768x513.jpg 768w, https:\/\/poshoorn.nl\/wp-content\/uploads\/2025\/07\/poshorn-kamer-overnachten-1536x1025.jpg 1536w, https:\/\/poshoorn.nl\/wp-content\/uploads\/2025\/07\/poshorn-kamer-overnachten-2048x1367.jpg 2048w\" sizes=\"(max-width: 800px) 100vw, 800px\" title=\"\">\t\t\t\t\t\t\t\t\t\t\t\t\t\t\t<\/div>\n\t\t\t\t<\/div>\n\t\t\t\t\t<\/div>\n\t\t<\/div>\n\t\t\t\t\t<\/div>\n\t\t<\/section>\n\t\t\t\t<section class=\"elementor-section elementor-top-section elementor-element elementor-element-78f432a9 elementor-section-stretched elementor-section-full_width elementor-reverse-mobile elementor-section-height-default elementor-section-height-default elementor-invisible\" data-id=\"78f432a9\" data-element_type=\"section\" data-e-type=\"section\" data-settings=\"{&quot;stretch_section&quot;:&quot;section-stretched&quot;,&quot;background_background&quot;:&quot;classic&quot;,&quot;animation&quot;:&quot;fadeIn&quot;,&quot;jet_parallax_layout_list&quot;:[]}\">\n\t\t\t\t\t\t<div class=\"elementor-container elementor-column-gap-default\">\n\t\t\t\t\t<div class=\"elementor-column elementor-col-50 elementor-top-column elementor-element elementor-element-4a01cd1e\" data-id=\"4a01cd1e\" data-element_type=\"column\" data-e-type=\"column\">\n\t\t\t<div class=\"elementor-widget-wrap elementor-element-populated\">\n\t\t\t\t\t\t<div class=\"elementor-element elementor-element-3ea518af elementor-widget elementor-widget-image\" data-id=\"3ea518af\" data-element_type=\"widget\" data-e-type=\"widget\" data-widget_type=\"image.default\">\n\t\t\t\t<div class=\"elementor-widget-container\">\n\t\t\t\t\t\t\t\t\t\t\t\t\t\t\t<img decoding=\"async\" width=\"800\" height=\"534\" src=\"https:\/\/poshoorn.nl\/wp-content\/uploads\/2025\/07\/poshoorn-guy-houben-1024x683.jpg\" class=\"attachment-large size-large wp-image-391\" alt=\"\" srcset=\"https:\/\/poshoorn.nl\/wp-content\/uploads\/2025\/07\/poshoorn-guy-houben-1024x683.jpg 1024w, https:\/\/poshoorn.nl\/wp-content\/uploads\/2025\/07\/poshoorn-guy-houben-300x200.jpg 300w, https:\/\/poshoorn.nl\/wp-content\/uploads\/2025\/07\/poshoorn-guy-houben-768x512.jpg 768w, https:\/\/poshoorn.nl\/wp-content\/uploads\/2025\/07\/poshoorn-guy-houben-1536x1024.jpg 1536w, https:\/\/poshoorn.nl\/wp-content\/uploads\/2025\/07\/poshoorn-guy-houben-2048x1366.jpg 2048w\" sizes=\"(max-width: 800px) 100vw, 800px\" title=\"\">\t\t\t\t\t\t\t\t\t\t\t\t\t\t\t<\/div>\n\t\t\t\t<\/div>\n\t\t\t\t\t<\/div>\n\t\t<\/div>\n\t\t\t\t<div class=\"elementor-column elementor-col-50 elementor-top-column elementor-element elementor-element-7cf3766a\" data-id=\"7cf3766a\" data-element_type=\"column\" data-e-type=\"column\">\n\t\t\t<div class=\"elementor-widget-wrap elementor-element-populated\">\n\t\t\t\t\t\t<div class=\"elementor-element elementor-element-37e9c2e4 elementor-widget elementor-widget-heading\" data-id=\"37e9c2e4\" data-element_type=\"widget\" data-e-type=\"widget\" data-widget_type=\"heading.default\">\n\t\t\t\t<div class=\"elementor-widget-container\">\n\t\t\t\t\t<h2 class=\"elementor-heading-title elementor-size-default\">Der perfekte Ort f\u00fcr einen Tagesausflug in Maastricht <\/h2>\t\t\t\t<\/div>\n\t\t\t\t<\/div>\n\t\t\t\t<div class=\"elementor-element elementor-element-7aba5183 elementor-widget elementor-widget-text-editor\" data-id=\"7aba5183\" data-element_type=\"widget\" data-e-type=\"widget\" data-widget_type=\"text-editor.default\">\n\t\t\t\t<div class=\"elementor-widget-container\">\n\t\t\t\t\t\t\t\t\t<p>Nicht nur das Aussehen des Geb\u00e4udes macht De Poshoorn einzigartig, auch die Lage ist etwas Besonderes. In weniger als f\u00fcnf Minuten k\u00f6nnen Sie von der Maastricht CS zu unserem Stadthaus laufen, direkt im gem\u00fctlichen Wyck mit seinen zahlreichen urigen Boutiquen. F\u00fcnf Minuten sp\u00e4ter befinden Sie sich bereits auf der Sint Servaesbrug, die \u00fcber die Maas in den anderen Teil des Stadtzentrums f\u00fchrt, einschlie\u00dflich Vrijthof und Onze Lieve Vrouweplein. Parkm\u00f6glichkeiten gibt es ganz in der N\u00e4he in einem der <a href=\"https:\/\/www.maastrichtbereikbaar.nl\/hoe-reis-ik\/ik-neem-de-auto\/parkeergarages-en-terreinen\" target=\"_blank\" rel=\"noopener\"><span style=\"text-decoration: underline;\">Parkh\u00e4user<\/span><\/a><span style=\"text-decoration: underline;\">,<\/span> P&amp;R Maastricht Hauptbahnhof oder <span style=\"text-decoration: underline;\"><a href=\"https:\/\/www.maastrichtbereikbaar.nl\/parkride-limburg\" target=\"_blank\" rel=\"noopener\">P+R Maastricht Nord<\/a> <\/span>(Q-Park <span style=\"text-decoration: underline;\"><a href=\"https:\/\/www.q-park.nl\/nl-nl\/parkeren\/maastricht\/de-colonel\/\" target=\"_blank\" rel=\"noopener\">Der Oberst<\/a><\/span> ist die n\u00e4chstgelegene M\u00f6glichkeit). Sie kommen mit dem Fahrrad? Auch das ist kein Problem. Unter dem Hauptbahnhof bietet die Gemeinde Maastricht einen \u00fcberdachten und sicheren Fahrradparkplatz.<span class=\"Apple-converted-space\">\u00a0<\/span><\/p>\t\t\t\t\t\t\t\t<\/div>\n\t\t\t\t<\/div>\n\t\t\t\t\t<\/div>\n\t\t<\/div>\n\t\t\t\t\t<\/div>\n\t\t<\/section>\n\t\t\t\t<\/div>","protected":false},"excerpt":{"rendered":"<p>De stadsherberg In het bruisende Wyck, midden in het centrum van Maastricht en op steenworp afstand van Centraal Station Maastricht, ligt Stadsherberg De Poshoorn. Een karakteristiek, gezellig en tegelijkertijd modern hotel, eet- en borrelcaf\u00e9, waar huiselijke sfeer en persoonlijke aandacht bovenaan staan. Het sfeervolle authentieke pand is met haar tijd meegegaan, waardoor je bijzonder kunt [&hellip;]<\/p>\n","protected":false},"author":1,"featured_media":0,"parent":0,"menu_order":0,"comment_status":"closed","ping_status":"closed","template":"elementor_header_footer","meta":{"footnotes":""},"class_list":["post-394","page","type-page","status-publish","hentry"],"_links":{"self":[{"href":"https:\/\/poshoorn.nl\/de\/wp-json\/wp\/v2\/pages\/394","targetHints":{"allow":["GET"]}}],"collection":[{"href":"https:\/\/poshoorn.nl\/de\/wp-json\/wp\/v2\/pages"}],"about":[{"href":"https:\/\/poshoorn.nl\/de\/wp-json\/wp\/v2\/types\/page"}],"author":[{"embeddable":true,"href":"https:\/\/poshoorn.nl\/de\/wp-json\/wp\/v2\/users\/1"}],"replies":[{"embeddable":true,"href":"https:\/\/poshoorn.nl\/de\/wp-json\/wp\/v2\/comments?post=394"}],"version-history":[{"count":7,"href":"https:\/\/poshoorn.nl\/de\/wp-json\/wp\/v2\/pages\/394\/revisions"}],"predecessor-version":[{"id":482,"href":"https:\/\/poshoorn.nl\/de\/wp-json\/wp\/v2\/pages\/394\/revisions\/482"}],"wp:attachment":[{"href":"https:\/\/poshoorn.nl\/de\/wp-json\/wp\/v2\/media?parent=394"}],"curies":[{"name":"wp","href":"https:\/\/api.w.org\/{rel}","templated":true}]}}