{"id":389,"date":"2025-07-03T13:42:48","date_gmt":"2025-07-03T11:42:48","guid":{"rendered":"https:\/\/ombouwen3.043test.nl\/eten-drinken\/"},"modified":"2026-01-05T10:19:51","modified_gmt":"2026-01-05T09:19:51","slug":"eten-drinken","status":"publish","type":"page","link":"https:\/\/poshoorn.nl\/de\/eten-drinken\/","title":{"rendered":"ESSEN &amp; TRINKEN"},"content":{"rendered":"<div data-elementor-type=\"wp-page\" data-elementor-id=\"389\" class=\"elementor elementor-389\" data-elementor-post-type=\"page\">\n\t\t\t\t<div class=\"elementor-element elementor-element-0033ddd e-con-full e-flex elementor-invisible e-con e-parent\" data-id=\"0033ddd\" data-element_type=\"container\" data-e-type=\"container\" data-settings=\"{&quot;background_background&quot;:&quot;classic&quot;,&quot;animation&quot;:&quot;fadeIn&quot;,&quot;jet_parallax_layout_list&quot;:[]}\">\n\t\t<div class=\"elementor-element elementor-element-22b1396 e-con-full e-flex e-con e-child\" data-id=\"22b1396\" data-element_type=\"container\" data-e-type=\"container\" data-settings=\"{&quot;jet_parallax_layout_list&quot;:[]}\">\n\t\t\t\t<div class=\"elementor-element elementor-element-451697e elementor-widget elementor-widget-heading\" data-id=\"451697e\" data-element_type=\"widget\" data-e-type=\"widget\" data-widget_type=\"heading.default\">\n\t\t\t\t<div class=\"elementor-widget-container\">\n\t\t\t\t\t<h1 class=\"elementor-heading-title elementor-size-default\">ESSEN &amp; TRINKEN<\/h1>\t\t\t\t<\/div>\n\t\t\t\t<\/div>\n\t\t\t\t<div class=\"elementor-element elementor-element-0f4186d elementor-widget elementor-widget-text-editor\" data-id=\"0f4186d\" data-element_type=\"widget\" data-e-type=\"widget\" data-widget_type=\"text-editor.default\">\n\t\t\t\t<div class=\"elementor-widget-container\">\n\t\t\t\t\t\t\t\t\t<p>Nach einem Tag voller Eindr\u00fccke in Maastricht und dem sch\u00f6nen Limburger H\u00fcgelland m\u00f6chten Sie sich danach entspannen k\u00f6nnen. Das ist in unserer Brasserie m\u00f6glich, wo lokale Spitzengerichte, unverw\u00fcstliche Klassiker und inspirierende Weltgerichte aufeinandertreffen.<\/p>\t\t\t\t\t\t\t\t<\/div>\n\t\t\t\t<\/div>\n\t\t\t\t<\/div>\n\t\t\t\t<\/div>\n\t\t<div class=\"elementor-element elementor-element-480e160 animated-slow e-grid e-con-boxed elementor-invisible e-con e-parent\" data-id=\"480e160\" data-element_type=\"container\" data-e-type=\"container\" data-settings=\"{&quot;background_background&quot;:&quot;classic&quot;,&quot;animation&quot;:&quot;fadeIn&quot;,&quot;jet_parallax_layout_list&quot;:[]}\">\n\t\t\t\t\t<div class=\"e-con-inner\">\n\t\t<div class=\"elementor-element elementor-element-4117100 e-con-full e-flex e-con e-child\" data-id=\"4117100\" data-element_type=\"container\" data-e-type=\"container\" data-settings=\"{&quot;jet_parallax_layout_list&quot;:[]}\">\n\t\t\t\t<div class=\"elementor-element elementor-element-630544d elementor-widget elementor-widget-heading\" data-id=\"630544d\" data-element_type=\"widget\" data-e-type=\"widget\" data-widget_type=\"heading.default\">\n\t\t\t\t<div class=\"elementor-widget-container\">\n\t\t\t\t\t<h2 class=\"elementor-heading-title elementor-size-default\">Men\u00fckarte<\/h2>\t\t\t\t<\/div>\n\t\t\t\t<\/div>\n\t\t\t\t<div class=\"elementor-element elementor-element-30de3a2 elementor-widget__width-initial elementor-widget elementor-widget-text-editor\" data-id=\"30de3a2\" data-element_type=\"widget\" data-e-type=\"widget\" data-widget_type=\"text-editor.default\">\n\t\t\t\t<div class=\"elementor-widget-container\">\n\t\t\t\t\t\t\t\t\t<p data-start=\"159\" data-end=\"465\">Unsere Speisekarte bietet eine schmackhafte Mischung aus klassischem und Street Food. Denken Sie an Limburger Sauerfleisch, Rendang, Pulled-Pork-Burger und \u00fcberraschende vegetarische Optionen. Alles hausgemacht, mit saisonalen Produkten und unter Ber\u00fccksichtigung der Qualit\u00e4t. Di\u00e4tetische Anforderungen oder Allergien? Lassen Sie es uns wissen und wir werden es ber\u00fccksichtigen.<\/p><p data-start=\"159\" data-end=\"465\">\u00a0<\/p><p data-start=\"467\" data-end=\"758\">Auch unsere Getr\u00e4nkekarte kann sich sehen lassen. Wir zapfen 18 wechselnde Biere, servieren 80 Bierspezialit\u00e4ten in Flaschen, eine Auswahl an Weinen und leckere Cocktails. Speziell, aber sympathisch. Lassen Sie sich \u00fcberraschen oder fragen Sie uns um Rat - zum Beispiel bei der Wahl unseres eigenen Poshoorn-Hausbiers.<\/p>\t\t\t\t\t\t\t\t<\/div>\n\t\t\t\t<\/div>\n\t\t\t\t<\/div>\n\t\t<div class=\"elementor-element elementor-element-a814adf e-grid e-con-full e-con e-child\" data-id=\"a814adf\" data-element_type=\"container\" data-e-type=\"container\" data-settings=\"{&quot;jet_parallax_layout_list&quot;:[]}\">\n\t\t\t\t<div class=\"elementor-element elementor-element-a8aa57d elementor-widget__width-inherit elementor-widget elementor-widget-jet-listing-dynamic-field\" data-id=\"a8aa57d\" data-element_type=\"widget\" data-e-type=\"widget\" data-widget_type=\"jet-listing-dynamic-field.default\">\n\t\t\t\t<div class=\"elementor-widget-container\">\n\t\t\t\t\t<style>.elementor-element-a8aa57d{display:none !important}<\/style>\t\t\t\t<\/div>\n\t\t\t\t<\/div>\n\t\t\t\t<div class=\"elementor-element elementor-element-ac07227 elementor-widget__width-inherit elementor-widget elementor-widget-jet-listing-dynamic-field\" data-id=\"ac07227\" data-element_type=\"widget\" data-e-type=\"widget\" data-widget_type=\"jet-listing-dynamic-field.default\">\n\t\t\t\t<div class=\"elementor-widget-container\">\n\t\t\t\t\t<div class=\"jet-listing jet-listing-dynamic-field display-inline\"><div class=\"jet-listing-dynamic-field__inline-wrap\"><div class=\"jet-listing-dynamic-field__content\" ><div class=\"_df_thumb\" id=\"df_rand4059960589\"  data-title=\"\" wpoptions=\"true\" thumb=\"https:\/\/poshoorn.nl\/wp-content\/uploads\/2026\/04\/Scherm__afbeelding_2026-04-09_om_16_35_27.webp\" thumbtype=\"\" source=\"https:\/\/poshoorn.nl\/wp-content\/uploads\/2026\/04\/ENG-Menukaart-april-2026-3.pdf\" >Offenes Buch<\/div><\/div><\/div><\/div>\t\t\t\t<\/div>\n\t\t\t\t<\/div>\n\t\t\t\t<div class=\"elementor-element elementor-element-0186973 elementor-widget__width-inherit elementor-hidden-desktop elementor-hidden-tablet elementor-hidden-mobile elementor-widget elementor-widget-jet-listing-dynamic-field\" data-id=\"0186973\" data-element_type=\"widget\" data-e-type=\"widget\" data-widget_type=\"jet-listing-dynamic-field.default\">\n\t\t\t\t<div class=\"elementor-widget-container\">\n\t\t\t\t\t<div class=\"jet-listing jet-listing-dynamic-field display-inline\"><div class=\"jet-listing-dynamic-field__inline-wrap\"><div class=\"jet-listing-dynamic-field__content\" ><div class=\"_df_thumb\" id=\"df_rand3311296925\"  data-title=\"\" wpoptions=\"true\" thumb=\"https:\/\/poshoorn.nl\/wp-content\/uploads\/2025\/10\/Kerst-2025-1-Large.jpeg\" thumbtype=\"\" source=\"https:\/\/poshoorn.nl\/wp-content\/uploads\/2025\/10\/Kerst-2025-1.pdf\" >Offenes Buch<\/div><\/div><\/div><\/div>\t\t\t\t<\/div>\n\t\t\t\t<\/div>\n\t\t\t\t<\/div>\n\t\t\t\t\t<\/div>\n\t\t\t\t<\/div>\n\t\t<div class=\"elementor-element elementor-element-22e0c08 animated-slow elementor-hidden-desktop elementor-hidden-tablet elementor-hidden-mobile e-flex e-con-boxed elementor-invisible e-con e-parent\" data-id=\"22e0c08\" data-element_type=\"container\" data-e-type=\"container\" data-settings=\"{&quot;background_background&quot;:&quot;classic&quot;,&quot;animation&quot;:&quot;fadeIn&quot;,&quot;jet_parallax_layout_list&quot;:[]}\">\n\t\t\t\t\t<div class=\"e-con-inner\">\n\t\t<div class=\"elementor-element elementor-element-78e85b4 e-con-full e-flex e-con e-child\" data-id=\"78e85b4\" data-element_type=\"container\" data-e-type=\"container\" data-settings=\"{&quot;jet_parallax_layout_list&quot;:[]}\">\n\t\t\t\t<div class=\"elementor-element elementor-element-06d536b elementor-widget elementor-widget-heading\" data-id=\"06d536b\" data-element_type=\"widget\" data-e-type=\"widget\" data-widget_type=\"heading.default\">\n\t\t\t\t<div class=\"elementor-widget-container\">\n\t\t\t\t\t<h2 class=\"elementor-heading-title elementor-size-default\">BIERVERKOSTUNGEN<\/h2>\t\t\t\t<\/div>\n\t\t\t\t<\/div>\n\t\t\t\t<div class=\"elementor-element elementor-element-4482ae9 elementor-widget elementor-widget-text-editor\" data-id=\"4482ae9\" data-element_type=\"widget\" data-e-type=\"widget\" data-widget_type=\"text-editor.default\">\n\t\t\t\t<div class=\"elementor-widget-container\">\n\t\t\t\t\t\t\t\t\t<p>Erkunden Sie mit uns die dynamische Landschaft der Bierspezialit\u00e4ten. Lernen Sie neue Geschmacksrichtungen kennen und lassen Sie sich von fantastischen Kombinationen aus Bier und Speisen inspirieren.<span class=\"Apple-converted-space\">\u00a0<\/span><\/p><p>Ausgehend von unserer eigenen Leidenschaft f\u00fcr Gourmet-Essen und -Getr\u00e4nke organisieren wir Bierdinner und Bierverkostungen in verschiedenen Zusammenstellungen. Von leicht zug\u00e4nglichen Bieren f\u00fcr neugierige \"Einsteiger\" bis zu besonderen Spezialbieren f\u00fcr Kenner - die <i>beargeeks<\/i>. Unsere speziell ausgebildeten Biersommeliers wissen alles \u00fcber den Geschmack und stellen die perfekte Kombination mit <i>bei\u00dft<\/i> <i>nebenbei bemerkt<\/i> und komplette Gerichte. Entdecken Sie <a href=\"\/de\/proeflokaal\/\">hier<\/a>\u00a0unsere Pakete.<\/p>\t\t\t\t\t\t\t\t<\/div>\n\t\t\t\t<\/div>\n\t\t\t\t<div class=\"elementor-element elementor-element-5283482 elementor-widget__width-initial elementor-widget elementor-widget-button\" data-id=\"5283482\" data-element_type=\"widget\" data-e-type=\"widget\" data-widget_type=\"button.default\">\n\t\t\t\t<div class=\"elementor-widget-container\">\n\t\t\t\t\t\t\t\t\t<div class=\"elementor-button-wrapper\">\n\t\t\t\t\t<a class=\"elementor-button elementor-button-link elementor-size-sm\" href=\"\/de\/proeflokaal\/\">\n\t\t\t\t\t\t<span class=\"elementor-button-content-wrapper\">\n\t\t\t\t\t\t\t\t\t<span class=\"elementor-button-text\">Besuchen Sie den Verkostungsraum<\/span>\n\t\t\t\t\t<\/span>\n\t\t\t\t\t<\/a>\n\t\t\t\t<\/div>\n\t\t\t\t\t\t\t\t<\/div>\n\t\t\t\t<\/div>\n\t\t\t\t<\/div>\n\t\t<div class=\"elementor-element elementor-element-fd4475d e-con-full e-flex e-con e-child\" data-id=\"fd4475d\" data-element_type=\"container\" data-e-type=\"container\" data-settings=\"{&quot;jet_parallax_layout_list&quot;:[]}\">\n\t\t\t\t<div class=\"elementor-element elementor-element-3b1ec72 elementor-widget elementor-widget-heading\" data-id=\"3b1ec72\" data-element_type=\"widget\" data-e-type=\"widget\" data-widget_type=\"heading.default\">\n\t\t\t\t<div class=\"elementor-widget-container\">\n\t\t\t\t\t<h2 class=\"elementor-heading-title elementor-size-default\">WEINVERKOSTUNGEN<\/h2>\t\t\t\t<\/div>\n\t\t\t\t<\/div>\n\t\t\t\t<div class=\"elementor-element elementor-element-735d0b6 elementor-widget elementor-widget-text-editor\" data-id=\"735d0b6\" data-element_type=\"widget\" data-e-type=\"widget\" data-widget_type=\"text-editor.default\">\n\t\t\t\t<div class=\"elementor-widget-container\">\n\t\t\t\t\t\t\t\t\t<p>Auch f\u00fcr Weinliebhaber haben wir eine gro\u00dfe Auswahl. Wei\u00df, rot, ros\u00e9, prickelnd, glasweise, flaschenweise oder in Form eines inspirierenden Weinpakets.<span class=\"Apple-converted-space\">\u00a0<\/span><\/p><p>Wir kaufen unsere Weine bei Sauter Wijnen in Cadier und Keer. Sie sind bekannt f\u00fcr ihre au\u00dfergew\u00f6hnlichen Qualit\u00e4tsweine, haupts\u00e4chlich aus Frankreich, Italien und Spanien, von jungen, authentischen, kleinen Winzern. Qualit\u00e4t muss nicht teuer sein, ist ihre \u00dcberzeugung, und wir sind damit v\u00f6llig einverstanden.<span class=\"Apple-converted-space\">\u00a0<\/span>St\u00e4ndig sind etwa 10 Flaschen ge\u00f6ffnet, fragen Sie also unbedingt nach einer \"Kostprobe\". Unsere Mitarbeiter\/Weinexperten werden Sie gerne beraten.<\/p><div dir=\"ltr\"><div><p><em>Zwei von uns ausgew\u00e4hlte Sauter Wei\u00df- oder Rotweine kombiniert mit einer von uns gef\u00fcllten Getr\u00e4nkekarte<\/em><\/p><\/div><\/div><p><em>\u20ac17,50<span class=\"Apple-converted-space\">\u00a0 <\/span>pro Kopf der Bev\u00f6lkerung<\/em><\/p>\t\t\t\t\t\t\t\t<\/div>\n\t\t\t\t<\/div>\n\t\t\t\t<\/div>\n\t\t\t\t\t<\/div>\n\t\t\t\t<\/div>\n\t\t\t\t<\/div>","protected":false},"excerpt":{"rendered":"<p>ETEN &amp; DRINKEN Na een dag vol indrukken in Maastricht en het prachtige Limburgse heuvelland wil je hier ontspannen van kunnen nagenieten. Dat kan in onze brasserie, waar lokale toppers, onverwoestbare klassiekers en inspirerende wereldgerechten samenkomen. Menukaart Onze menukaart biedt een smaakvolle mix van klassiek en streetfood. Denk aan Limburgs zuurvlees, rendang, pulled pork burgers [&hellip;]<\/p>\n","protected":false},"author":1,"featured_media":0,"parent":0,"menu_order":0,"comment_status":"closed","ping_status":"closed","template":"elementor_header_footer","meta":{"footnotes":""},"class_list":["post-389","page","type-page","status-publish","hentry"],"_links":{"self":[{"href":"https:\/\/poshoorn.nl\/de\/wp-json\/wp\/v2\/pages\/389","targetHints":{"allow":["GET"]}}],"collection":[{"href":"https:\/\/poshoorn.nl\/de\/wp-json\/wp\/v2\/pages"}],"about":[{"href":"https:\/\/poshoorn.nl\/de\/wp-json\/wp\/v2\/types\/page"}],"author":[{"embeddable":true,"href":"https:\/\/poshoorn.nl\/de\/wp-json\/wp\/v2\/users\/1"}],"replies":[{"embeddable":true,"href":"https:\/\/poshoorn.nl\/de\/wp-json\/wp\/v2\/comments?post=389"}],"version-history":[{"count":109,"href":"https:\/\/poshoorn.nl\/de\/wp-json\/wp\/v2\/pages\/389\/revisions"}],"predecessor-version":[{"id":1023,"href":"https:\/\/poshoorn.nl\/de\/wp-json\/wp\/v2\/pages\/389\/revisions\/1023"}],"wp:attachment":[{"href":"https:\/\/poshoorn.nl\/de\/wp-json\/wp\/v2\/media?parent=389"}],"curies":[{"name":"wp","href":"https:\/\/api.w.org\/{rel}","templated":true}]}}