{"id":375,"date":"2025-07-03T13:42:39","date_gmt":"2025-07-03T11:42:39","guid":{"rendered":"https:\/\/ombouwen3.043test.nl\/proeflokaal\/"},"modified":"2025-11-03T16:26:47","modified_gmt":"2025-11-03T15:26:47","slug":"groepen","status":"publish","type":"page","link":"https:\/\/poshoorn.nl\/de\/groepen\/","title":{"rendered":"Gruppen"},"content":{"rendered":"<div data-elementor-type=\"wp-page\" data-elementor-id=\"375\" class=\"elementor elementor-375\" data-elementor-post-type=\"page\">\n\t\t\t\t<div class=\"elementor-element elementor-element-4258a8e e-flex e-con-boxed elementor-invisible e-con e-parent\" data-id=\"4258a8e\" data-element_type=\"container\" data-e-type=\"container\" data-settings=\"{&quot;background_background&quot;:&quot;classic&quot;,&quot;animation&quot;:&quot;fadeIn&quot;,&quot;jet_parallax_layout_list&quot;:[]}\">\n\t\t\t\t\t<div class=\"e-con-inner\">\n\t\t<div class=\"elementor-element elementor-element-a26b282 e-con-full e-flex e-con e-child\" data-id=\"a26b282\" data-element_type=\"container\" data-e-type=\"container\" data-settings=\"{&quot;background_background&quot;:&quot;classic&quot;,&quot;jet_parallax_layout_list&quot;:[]}\">\n\t\t\t\t<div class=\"elementor-element elementor-element-b2effdc elementor-widget elementor-widget-heading\" data-id=\"b2effdc\" data-element_type=\"widget\" data-e-type=\"widget\" data-widget_type=\"heading.default\">\n\t\t\t\t<div class=\"elementor-widget-container\">\n\t\t\t\t\t<h1 class=\"elementor-heading-title elementor-size-default\">Gruppen<\/h1>\t\t\t\t<\/div>\n\t\t\t\t<\/div>\n\t\t\t\t<div class=\"elementor-element elementor-element-6a0c64f elementor-widget elementor-widget-text-editor\" data-id=\"6a0c64f\" data-element_type=\"widget\" data-e-type=\"widget\" data-widget_type=\"text-editor.default\">\n\t\t\t\t<div class=\"elementor-widget-container\">\n\t\t\t\t\t\t\t\t\t<p>Sind Sie auf der Suche nach einem gem\u00fctlichen, originellen und stimmungsvollen Ort, um sich mit einer Gruppe zu treffen? Ob es sich um einen Geburtstag, eine Babyparty, ein Wanderessen, einen Umtrunk, ein Treffen oder einen Betriebsausflug handelt: Bei De Poshoorn im Herzen von Maastricht sind Sie an der richtigen Adresse. Wir bieten Ihnen verschiedene Arrangements und Locations, von unserem intimen Verkostungsraum bis zur lebhaften Terrasse. Lassen Sie sich von unserer Gastfreundschaft und unseren kulinarischen M\u00f6glichkeiten \u00fcberraschen.<\/p>\t\t\t\t\t\t\t\t<\/div>\n\t\t\t\t<\/div>\n\t\t\t\t<\/div>\n\t\t\t\t\t<\/div>\n\t\t\t\t<\/div>\n\t\t<div class=\"elementor-element elementor-element-6eb33c2 e-flex e-con-boxed elementor-invisible e-con e-parent\" data-id=\"6eb33c2\" data-element_type=\"container\" data-e-type=\"container\" data-settings=\"{&quot;background_background&quot;:&quot;classic&quot;,&quot;animation&quot;:&quot;fadeIn&quot;,&quot;jet_parallax_layout_list&quot;:[]}\">\n\t\t\t\t\t<div class=\"e-con-inner\">\n\t\t<div class=\"elementor-element elementor-element-6303720 e-con-full e-flex e-con e-child\" data-id=\"6303720\" data-element_type=\"container\" data-e-type=\"container\" data-settings=\"{&quot;jet_parallax_layout_list&quot;:[]}\">\n\t\t\t\t<div class=\"elementor-element elementor-element-8d9ad10 elementor-widget elementor-widget-heading\" data-id=\"8d9ad10\" data-element_type=\"widget\" data-e-type=\"widget\" data-widget_type=\"heading.default\">\n\t\t\t\t<div class=\"elementor-widget-container\">\n\t\t\t\t\t<h2 class=\"elementor-heading-title elementor-size-default\">Der Verkostungsraum<\/h2>\t\t\t\t<\/div>\n\t\t\t\t<\/div>\n\t\t\t\t<div class=\"elementor-element elementor-element-0f2a8fc elementor-widget__width-initial elementor-widget elementor-widget-text-editor\" data-id=\"0f2a8fc\" data-element_type=\"widget\" data-e-type=\"widget\" data-widget_type=\"text-editor.default\">\n\t\t\t\t<div class=\"elementor-widget-container\">\n\t\t\t\t\t\t\t\t\t<p data-start=\"868\" data-end=\"1213\">Unser Verkostungsraum ist das Wohnzimmer und die Suite von De Poshoorn. Ein gem\u00fctlicher, warmer Raum mit Platz f\u00fcr bis zu 20 Personen. Ideal f\u00fcr alle, die etwas mehr Privatsph\u00e4re suchen, ohne dabei auf Atmosph\u00e4re und Erlebnis verzichten zu m\u00fcssen. Hier veranstalten wir unsere Bier- und Weinverkostungen, Walking Dinners, kleine Partys, Gesch\u00e4ftstreffen und Quizabende.<br \/><br \/><strong data-start=\"1369\" data-end=\"1377\">Tipp:<\/strong> Sie m\u00f6chten Besprechungen in einer anderen Atmosph\u00e4re als in Ihrem normalen B\u00fcro abhalten? Im Verkostungsraum k\u00f6nnen Sie Ihr Brainstorming frisch und frei gestalten und mit einem Mittagessen oder Getr\u00e4nken abschlie\u00dfen. Der Raum ist perfekt f\u00fcr Gruppen von bis zu 12 Personen und verf\u00fcgt sogar \u00fcber eine eigene Zapfanlage.<\/p>\t\t\t\t\t\t\t\t<\/div>\n\t\t\t\t<\/div>\n\t\t\t\t<\/div>\n\t\t<div class=\"elementor-element elementor-element-89f8ea1 e-con-full e-flex e-con e-child\" data-id=\"89f8ea1\" data-element_type=\"container\" data-e-type=\"container\" data-settings=\"{&quot;jet_parallax_layout_list&quot;:[]}\">\n\t\t\t\t<div class=\"elementor-element elementor-element-ad81b25 elementor-widget elementor-widget-image\" data-id=\"ad81b25\" data-element_type=\"widget\" data-e-type=\"widget\" data-widget_type=\"image.default\">\n\t\t\t\t<div class=\"elementor-widget-container\">\n\t\t\t\t\t\t\t\t\t\t\t\t\t\t\t<img fetchpriority=\"high\" decoding=\"async\" width=\"1980\" height=\"1667\" src=\"https:\/\/poshoorn.nl\/wp-content\/uploads\/2025\/07\/poshoorn-vergaderen-1-1.jpg\" class=\"attachment-full size-full wp-image-860\" alt=\"\" srcset=\"https:\/\/poshoorn.nl\/wp-content\/uploads\/2025\/07\/poshoorn-vergaderen-1-1.jpg 1980w, https:\/\/poshoorn.nl\/wp-content\/uploads\/2025\/07\/poshoorn-vergaderen-1-1-300x253.jpg 300w, https:\/\/poshoorn.nl\/wp-content\/uploads\/2025\/07\/poshoorn-vergaderen-1-1-1024x862.jpg 1024w, https:\/\/poshoorn.nl\/wp-content\/uploads\/2025\/07\/poshoorn-vergaderen-1-1-768x647.jpg 768w, https:\/\/poshoorn.nl\/wp-content\/uploads\/2025\/07\/poshoorn-vergaderen-1-1-1536x1293.jpg 1536w, https:\/\/poshoorn.nl\/wp-content\/uploads\/2025\/07\/poshoorn-vergaderen-1-1-14x12.jpg 14w\" sizes=\"(max-width: 1980px) 100vw, 1980px\" title=\"\">\t\t\t\t\t\t\t\t\t\t\t\t\t\t\t<\/div>\n\t\t\t\t<\/div>\n\t\t\t\t<\/div>\n\t\t\t\t\t<\/div>\n\t\t\t\t<\/div>\n\t\t<div class=\"elementor-element elementor-element-77b748a e-flex e-con-boxed elementor-invisible e-con e-parent\" data-id=\"77b748a\" data-element_type=\"container\" data-e-type=\"container\" data-settings=\"{&quot;background_background&quot;:&quot;classic&quot;,&quot;animation&quot;:&quot;fadeIn&quot;,&quot;jet_parallax_layout_list&quot;:[]}\">\n\t\t\t\t\t<div class=\"e-con-inner\">\n\t\t<div class=\"elementor-element elementor-element-4408153 e-con-full elementor-hidden-mobile e-flex e-con e-child\" data-id=\"4408153\" data-element_type=\"container\" data-e-type=\"container\" data-settings=\"{&quot;jet_parallax_layout_list&quot;:[]}\">\n\t\t\t\t<div class=\"elementor-element elementor-element-ff3a139 elementor-widget elementor-widget-image\" data-id=\"ff3a139\" data-element_type=\"widget\" data-e-type=\"widget\" data-widget_type=\"image.default\">\n\t\t\t\t<div class=\"elementor-widget-container\">\n\t\t\t\t\t\t\t\t\t\t\t\t\t\t\t<img decoding=\"async\" src=\"https:\/\/poshoorn.nl\/wp-content\/uploads\/elementor\/thumbs\/de_Poshoorn_23-05-24_Website-148x-r8jdkhp4kp7r0fkodebcgl75r7y6823eveo6b1v2g8.webp\" title=\"De Poshoorn Wyck Maastricht, Essen, Getr\u00e4nke und Unterkunft\" alt=\"De Poshoorn Wyck Maastricht, eten drinken &amp; overnachten\" loading=\"lazy\" \/>\t\t\t\t\t\t\t\t\t\t\t\t\t\t\t<\/div>\n\t\t\t\t<\/div>\n\t\t\t\t<\/div>\n\t\t<div class=\"elementor-element elementor-element-f2288c9 e-con-full e-flex e-con e-child\" data-id=\"f2288c9\" data-element_type=\"container\" data-e-type=\"container\" data-settings=\"{&quot;jet_parallax_layout_list&quot;:[]}\">\n\t\t\t\t<div class=\"elementor-element elementor-element-ea87e7c elementor-widget elementor-widget-heading\" data-id=\"ea87e7c\" data-element_type=\"widget\" data-e-type=\"widget\" data-widget_type=\"heading.default\">\n\t\t\t\t<div class=\"elementor-widget-container\">\n\t\t\t\t\t<h2 class=\"elementor-heading-title elementor-size-default\">Arrangements<\/h2>\t\t\t\t<\/div>\n\t\t\t\t<\/div>\n\t\t\t\t<div class=\"elementor-element elementor-element-0dc43e2 elementor-widget elementor-widget-text-editor\" data-id=\"0dc43e2\" data-element_type=\"widget\" data-e-type=\"widget\" data-widget_type=\"text-editor.default\">\n\t\t\t\t<div class=\"elementor-widget-container\">\n\t\t\t\t\t\t\t\t\t<p>Unsere Gruppenpakete sind sorgf\u00e4ltig zusammengestellt und k\u00f6nnen nur im Voraus gebucht werden. Unten die Pakete f\u00fcr die M\u00f6glichkeiten:<\/p>\t\t\t\t\t\t\t\t<\/div>\n\t\t\t\t<\/div>\n\t\t<div class=\"elementor-element elementor-element-b43d6cd e-con-full e-grid e-con e-child\" data-id=\"b43d6cd\" data-element_type=\"container\" data-e-type=\"container\" data-settings=\"{&quot;jet_parallax_layout_list&quot;:[]}\">\n\t\t\t\t<div class=\"elementor-element elementor-element-3c4e547 elementor-widget__width-inherit elementor-widget elementor-widget-jet-listing-dynamic-field\" data-id=\"3c4e547\" data-element_type=\"widget\" data-e-type=\"widget\" data-widget_type=\"jet-listing-dynamic-field.default\">\n\t\t\t\t<div class=\"elementor-widget-container\">\n\t\t\t\t\t<div class=\"jet-listing jet-listing-dynamic-field display-inline\"><div class=\"jet-listing-dynamic-field__inline-wrap\"><div class=\"jet-listing-dynamic-field__content\" ><div class=\"_df_thumb\" id=\"df_rand3003302838\"  data-title=\"\" wpoptions=\"true\" thumb=\"https:\/\/poshoorn.nl\/wp-content\/uploads\/2026\/04\/Scherm__afbeelding_2026-04-09_om_16_26_36.webp\" thumbtype=\"\" source=\"https:\/\/poshoorn.nl\/wp-content\/uploads\/2026\/04\/Arrangementen-2026-Stadsherberg-Tapperij-de-Poshoorn-1.pdf\" >Offenes Buch<\/div><\/div><\/div><\/div>\t\t\t\t<\/div>\n\t\t\t\t<\/div>\n\t\t\t\t<\/div>\n\t\t\t\t<\/div>\n\t\t\t\t\t<\/div>\n\t\t\t\t<\/div>\n\t\t<div class=\"elementor-element elementor-element-78cadb3 e-grid e-con-boxed elementor-invisible e-con e-parent\" data-id=\"78cadb3\" data-element_type=\"container\" data-e-type=\"container\" data-settings=\"{&quot;background_background&quot;:&quot;classic&quot;,&quot;animation&quot;:&quot;fadeIn&quot;,&quot;jet_parallax_layout_list&quot;:[]}\">\n\t\t\t\t\t<div class=\"e-con-inner\">\n\t\t<div class=\"elementor-element elementor-element-a2dfcfa e-con-full e-flex e-con e-child\" data-id=\"a2dfcfa\" data-element_type=\"container\" data-e-type=\"container\" data-settings=\"{&quot;jet_parallax_layout_list&quot;:[]}\">\n\t\t\t\t<div class=\"elementor-element elementor-element-03774db elementor-widget elementor-widget-heading\" data-id=\"03774db\" data-element_type=\"widget\" data-e-type=\"widget\" data-widget_type=\"heading.default\">\n\t\t\t\t<div class=\"elementor-widget-container\">\n\t\t\t\t\t<h4 class=\"elementor-heading-title elementor-size-default\">Gruppen auf der Terrasse<\/h4>\t\t\t\t<\/div>\n\t\t\t\t<\/div>\n\t\t\t\t<div class=\"elementor-element elementor-element-35906d2 elementor-widget elementor-widget-text-editor\" data-id=\"35906d2\" data-element_type=\"widget\" data-e-type=\"widget\" data-widget_type=\"text-editor.default\">\n\t\t\t\t<div class=\"elementor-widget-container\">\n\t\t\t\t\t\t\t\t\t<p data-start=\"3429\" data-end=\"3709\">Unsere ger\u00e4umige, lebhafte Terrasse im Herzen von Wyck ist der perfekte Ort f\u00fcr Gruppen. Hier k\u00f6nnen Sie die Dynamik von Maastricht sp\u00fcren, ohne dass es zu voll wird. Speziell f\u00fcr Gruppen haben wir gro\u00dfe Picknicktische (f\u00fcr 12 bis 24 Personen), an denen Sie Getr\u00e4nke, Mittag- oder Abendessen einnehmen k\u00f6nnen.<\/p><p data-start=\"3711\" data-end=\"3934\">Ob Sie nach einem Sightseeing-Tag, einer Radtour durch die Limburger H\u00fcgel oder einfach nur zum Feiern vorbeikommen - unsere Terrasse ist immer der richtige Ort. Und bei sch\u00f6nem Wetter k\u00f6nnen Sie die Sonne vom fr\u00fchen Morgen bis sp\u00e4t in die Nacht genie\u00dfen!<\/p>\t\t\t\t\t\t\t\t<\/div>\n\t\t\t\t<\/div>\n\t\t\t\t<\/div>\n\t\t<div class=\"elementor-element elementor-element-6f3784b e-con-full e-flex e-con e-child\" data-id=\"6f3784b\" data-element_type=\"container\" data-e-type=\"container\" data-settings=\"{&quot;jet_parallax_layout_list&quot;:[]}\">\n\t\t\t\t<div class=\"elementor-element elementor-element-5cb4000 elementor-widget elementor-widget-heading\" data-id=\"5cb4000\" data-element_type=\"widget\" data-e-type=\"widget\" data-widget_type=\"heading.default\">\n\t\t\t\t<div class=\"elementor-widget-container\">\n\t\t\t\t\t<h4 class=\"elementor-heading-title elementor-size-default\">Walking Dinner &amp; Gesch\u00e4ftstreffen\n<\/h4>\t\t\t\t<\/div>\n\t\t\t\t<\/div>\n\t\t\t\t<div class=\"elementor-element elementor-element-6f41fcb elementor-widget elementor-widget-text-editor\" data-id=\"6f41fcb\" data-element_type=\"widget\" data-e-type=\"widget\" data-widget_type=\"text-editor.default\">\n\t\t\t\t<div class=\"elementor-widget-container\">\n\t\t\t\t\t\t\t\t\t<p data-start=\"2969\" data-end=\"3140\">Sie m\u00f6chten Ihre G\u00e4ste mit kulinarischen K\u00f6stlichkeiten verw\u00f6hnen, ohne ein formelles Abendessen zu veranstalten? Dann ist ein Walking Dinner ideal. Wir servieren verschiedene Snacks und Gerichte f\u00fcr Gruppen ab 25 Personen.<\/p><p data-start=\"3142\" data-end=\"3399\">Wir bieten auch ma\u00dfgeschneiderte Pakete f\u00fcr Gesch\u00e4ftstreffen an, bei denen Treffen und Vergn\u00fcgen zusammenkommen. Denken Sie an eine kreative Sitzung im Verkostungsraum, gefolgt von Getr\u00e4nken und H\u00e4ppchen. Erkundigen Sie sich nach den M\u00f6glichkeiten - wir denken gerne mit Ihnen mit.<\/p>\t\t\t\t\t\t\t\t<\/div>\n\t\t\t\t<\/div>\n\t\t\t\t<\/div>\n\t\t\t\t\t<\/div>\n\t\t\t\t<\/div>\n\t\t<div class=\"elementor-element elementor-element-6aec2ac e-flex e-con-boxed elementor-invisible e-con e-parent\" data-id=\"6aec2ac\" data-element_type=\"container\" data-e-type=\"container\" data-settings=\"{&quot;background_background&quot;:&quot;classic&quot;,&quot;animation&quot;:&quot;fadeIn&quot;,&quot;jet_parallax_layout_list&quot;:[]}\">\n\t\t\t\t\t<div class=\"e-con-inner\">\n\t\t<div class=\"elementor-element elementor-element-9305e84 e-con-full e-flex e-con e-child\" data-id=\"9305e84\" data-element_type=\"container\" data-e-type=\"container\" data-settings=\"{&quot;jet_parallax_layout_list&quot;:[]}\">\n\t\t\t\t<div class=\"elementor-element elementor-element-9666a6d elementor-widget elementor-widget-heading\" data-id=\"9666a6d\" data-element_type=\"widget\" data-e-type=\"widget\" data-widget_type=\"heading.default\">\n\t\t\t\t<div class=\"elementor-widget-container\">\n\t\t\t\t\t<h2 class=\"elementor-heading-title elementor-size-default\">Interessiert? Buchen Sie Ihren Gruppenmoment<\/h2>\t\t\t\t<\/div>\n\t\t\t\t<\/div>\n\t\t\t\t<div class=\"elementor-element elementor-element-0768820 elementor-widget elementor-widget-text-editor\" data-id=\"0768820\" data-element_type=\"widget\" data-e-type=\"widget\" data-widget_type=\"text-editor.default\">\n\t\t\t\t<div class=\"elementor-widget-container\">\n\t\t\t\t\t\t\t\t\t<p>Unsere Pakete k\u00f6nnen nur mit Reservierung gebucht werden. Hinterlassen Sie Ihre Anforderungen und Details unten und wir werden Sie so schnell wie m\u00f6glich kontaktieren.<\/p>\t\t\t\t\t\t\t\t<\/div>\n\t\t\t\t<\/div>\n\t\t\t\t<div class=\"elementor-element elementor-element-0c3fb3e elementor-widget elementor-widget-jet-form-builder-form\" data-id=\"0c3fb3e\" data-element_type=\"widget\" data-e-type=\"widget\" data-widget_type=\"jet-form-builder-form.default\">\n\t\t\t\t<div class=\"elementor-widget-container\">\n\t\t\t\t\t<link rel='stylesheet' id='wp-block-library-css' href='https:\/\/poshoorn.nl\/wp-includes\/css\/dist\/block-library\/style.min.css?ver=4abcb6dca37a17eafe1dc58b85136866' media='all' \/>\n<style id=\"jet-form-builder-702-inline-css\"><\/style><form  class=\"jet-form-builder layout-column submit-type-reload\" action=\"https:\/\/poshoorn.nl\/de\/wp-json\/wp\/v2\/pages\/375\/?GRH3dY=ygKqFWKc6n&#038;method=reload\" method=\"POST\" data-form-id=\"702\" data-layout=\"column\" enctype=\"multipart\/form-data\" data-clear=\"1\" novalidate=\"null\" ssr_validation_method=\"rest\" data-trp-original-action=\"https:\/\/poshoorn.nl\/de\/wp-json\/wp\/v2\/pages\/375\/?GRH3dY=ygKqFWKc6n&amp;method=reload\">\r\n<input type=\"hidden\" name=\"_jfb_current_render_states[]\" value=\"DEFAULT.STATE\" data-jfb-sync \/><input type=\"hidden\" class=\"jet-form-builder__field hidden-field\" name=\"_jet_engine_booking_form_id\" data-field-name=\"_jet_engine_booking_form_id\" value=\"702\">\n<input type=\"hidden\" class=\"jet-form-builder__field hidden-field\" name=\"_jet_engine_refer\" data-field-name=\"_jet_engine_refer\" value=\"https:\/\/poshoorn.nl\/de\/wp-json\/wp\/v2\/pages\/375\/\">\n<input type=\"hidden\" class=\"jet-form-builder__field hidden-field\" name=\"__queried_post_id\" data-field-name=\"__queried_post_id\" value=\"375\">\n<div  class=\"jet-form-builder-row field-type-text-field\" >\n<div class=\"jet-form-builder__label\">\r\n<div class=\"jet-form-builder__label-text\">Name<\/div><\/div><div class=\"jet-form-builder__field-wrap\">\n\t\t\t\t<input name=\"naam\" id=\"naam\" type=\"text\" data-field-name=\"naam\" class=\"jet-form-builder__field text-field\" data-jfb-sync=\"null\" autocomplete=\"off_fcmO60rU\">\n\t\t\t\t\t<\/div>\n<\/div>\n\n<div  class=\"jet-form-builder-row field-type-text-field\" >\n<div class=\"jet-form-builder__label\">\r\n<div class=\"jet-form-builder__label-text\">E-Mail<\/div><\/div><div class=\"jet-form-builder__field-wrap\">\n\t\t\t\t<input name=\"email\" id=\"email\" type=\"email\" data-field-name=\"email\" class=\"jet-form-builder__field text-field\" data-jfb-sync=\"null\" autocomplete=\"off_oYHz128d\">\n\t\t\t\t\t<\/div>\n<\/div>\n\n<div  class=\"jet-form-builder-row field-type-text-field\" >\n<div class=\"jet-form-builder__label\">\r\n<div class=\"jet-form-builder__label-text\">Rufnummer<\/div><\/div><div class=\"jet-form-builder__field-wrap\">\n\t\t\t\t<input name=\"telefoonnummer\" id=\"telefoonnummer\" type=\"text\" data-field-name=\"telefoonnummer\" class=\"jet-form-builder__field text-field\" data-jfb-sync=\"null\" autocomplete=\"off_iq97Rpln\">\n\t\t\t\t\t<\/div>\n<\/div>\n\n\n<div class=\"wp-block-columns is-layout-flex wp-container-core-columns-is-layout-28f84493 wp-block-columns-is-layout-flex\">\n<div class=\"wp-block-column is-layout-flow wp-block-column-is-layout-flow\" style=\"flex-basis:50%\"><div  class=\"jet-form-builder-row field-type-date-field\" >\n<div class=\"jet-form-builder__label\">\r\n<div class=\"jet-form-builder__label-text\">Datum<\/div><\/div><input class=\"jet-form-builder__field date-field\" name=\"datum\" type=\"date\" data-field-name=\"datum\" id=\"datum\" data-jfb-sync=\"null\" data-min=\"&#039;%CT::CurrentDate|toDate%&#039;\">\n<\/div><\/div>\n\n\n\n<div class=\"wp-block-column is-layout-flow wp-block-column-is-layout-flow\" style=\"flex-basis:50%\"><div  class=\"jet-form-builder-row field-type-text-field\" >\n<div class=\"jet-form-builder__label\">\r\n<div class=\"jet-form-builder__label-text\">Zeit<\/div><\/div><div class=\"jet-form-builder__field-wrap\">\n\t\t\t\t<input name=\"tijd_uur\" id=\"tijd_uur\" type=\"text\" data-field-name=\"tijd_uur\" class=\"jet-form-builder__field text-field\" data-jfb-sync=\"null\" autocomplete=\"off_GAdQvtLk\">\n\t\t\t\t\t<\/div>\n<\/div><\/div>\n<\/div>\n\n\n\n<div class=\"wp-block-columns is-layout-flex wp-container-core-columns-is-layout-28f84493 wp-block-columns-is-layout-flex\">\n<div class=\"wp-block-column is-layout-flow wp-block-column-is-layout-flow\"><div  class=\"jet-form-builder-row field-type-select-field wp-block-jet-forms-select-field\">\n<div class=\"jet-form-builder__label\">\r\n<div class=\"jet-form-builder__label-text\">Thema<\/div><\/div><div class=\"jet-form-builder__field-wrap\">\n\t<select class=\"jet-form-builder__field select-field\" name=\"onderwerp\" data-field-name=\"onderwerp\" id=\"onderwerp\" data-jfb-sync=\"null\">\n\t\t<option value=\"Lunch\" >Mittagessen<\/option><option value=\"Diner\" >Abendessen<\/option><option value=\"Vergadering\" >Treffen<\/option><option value=\"Anders\" >Ansonsten...<\/option>\t<\/select>\n<\/div>\n<\/div><\/div>\n\n\n\n<div class=\"wp-block-column is-layout-flow wp-block-column-is-layout-flow\"><div  class=\"jet-form-builder-row field-type-number-field\" >\n<div class=\"jet-form-builder__label\">\r\n<div class=\"jet-form-builder__label-text\">Anzahl der Personen<\/div><\/div><div class=\"jet-form-builder__field-wrap\">\n\t\t<input type=\"number\" class=\"jet-form-builder__field text-field\" min=\"12\" step=\"1\" name=\"aantal_personen\" data-field-name=\"aantal_personen\" id=\"aantal_personen\" data-jfb-sync=\"null\">\n\t<\/div>\n<\/div><\/div>\n<\/div>\n\n\n<div  class=\"jet-form-builder-row field-type-textarea-field\" >\n<div class=\"jet-form-builder__label\">\r\n<div class=\"jet-form-builder__label-text\">Kommentare<\/div><\/div><div class=\"jet-form-builder__field-wrap\">\n\t\t<textarea class=\"jet-form-builder__field textarea-field\" placeholder=\"Denken Sie an Allergien usw. \" name=\"opmerkingen\" data-field-name=\"opmerkingen\" id=\"opmerkingen\" data-jfb-sync=\"null\"><\/textarea>\n\t<\/div>\n<\/div>\n\n<input type=\"hidden\" class=\"captcha-token\" name=\"_captcha_token\" value=\"\"\/><div  class=\"jet-form-builder-row field-type-submit-field\" >\n\t<div data-type=\"submit\" class=\"jet-form-builder__action-button-wrapper jet-form-builder__submit-wrap\">\n\t<button class=\"jet-form-builder__action-button jet-form-builder__submit submit-type-reload\" type=\"submit\">Buchung<\/button>\n\t<\/div>\n\t\n<\/div>\t<div class=\"jet-form-builder-messages-wrap\" data-form-id=\"702\"><\/div>\n<input type=\"hidden\" name=\"trp-form-language\" value=\"de\"\/><\/form>\n\t\t\t\t<\/div>\n\t\t\t\t<\/div>\n\t\t\t\t<\/div>\n\t\t\t\t\t<\/div>\n\t\t\t\t<\/div>\n\t\t\t\t<\/div>","protected":false},"excerpt":{"rendered":"<p>Groepen Ben je op zoek naar een gezellige, originele en sfeervolle plek om samen te komen met een groep? Of het nu gaat om een verjaardag, babyshower, walking dinner, borrel, vergadering of bedrijfsuitje: bij De Poshoorn in hartje Maastricht ben je aan het juiste adres. We bieden verschillende arrangementen en locaties aan, van ons intieme [&hellip;]<\/p>\n","protected":false},"author":1,"featured_media":0,"parent":0,"menu_order":0,"comment_status":"closed","ping_status":"closed","template":"elementor_header_footer","meta":{"footnotes":""},"class_list":["post-375","page","type-page","status-publish","hentry"],"_links":{"self":[{"href":"https:\/\/poshoorn.nl\/de\/wp-json\/wp\/v2\/pages\/375","targetHints":{"allow":["GET"]}}],"collection":[{"href":"https:\/\/poshoorn.nl\/de\/wp-json\/wp\/v2\/pages"}],"about":[{"href":"https:\/\/poshoorn.nl\/de\/wp-json\/wp\/v2\/types\/page"}],"author":[{"embeddable":true,"href":"https:\/\/poshoorn.nl\/de\/wp-json\/wp\/v2\/users\/1"}],"replies":[{"embeddable":true,"href":"https:\/\/poshoorn.nl\/de\/wp-json\/wp\/v2\/comments?post=375"}],"version-history":[{"count":104,"href":"https:\/\/poshoorn.nl\/de\/wp-json\/wp\/v2\/pages\/375\/revisions"}],"predecessor-version":[{"id":960,"href":"https:\/\/poshoorn.nl\/de\/wp-json\/wp\/v2\/pages\/375\/revisions\/960"}],"wp:attachment":[{"href":"https:\/\/poshoorn.nl\/de\/wp-json\/wp\/v2\/media?parent=375"}],"curies":[{"name":"wp","href":"https:\/\/api.w.org\/{rel}","templated":true}]}}