{"id":369,"date":"2025-07-03T13:42:35","date_gmt":"2025-07-03T11:42:35","guid":{"rendered":"https:\/\/ombouwen3.043test.nl\/over\/"},"modified":"2025-07-10T07:20:46","modified_gmt":"2025-07-10T05:20:46","slug":"de-poshoorn","status":"publish","type":"page","link":"https:\/\/poshoorn.nl\/de\/de-poshoorn\/","title":{"rendered":"De Poshoorn"},"content":{"rendered":"<div data-elementor-type=\"wp-page\" data-elementor-id=\"369\" class=\"elementor elementor-369\" data-elementor-post-type=\"page\">\n\t\t\t\t<div class=\"elementor-element elementor-element-b7491d0 e-flex e-con-boxed elementor-invisible e-con e-parent\" data-id=\"b7491d0\" data-element_type=\"container\" data-e-type=\"container\" data-settings=\"{&quot;background_background&quot;:&quot;classic&quot;,&quot;animation&quot;:&quot;fadeIn&quot;,&quot;jet_parallax_layout_list&quot;:[]}\">\n\t\t\t\t\t<div class=\"e-con-inner\">\n\t\t<div class=\"elementor-element elementor-element-2aea75e animated-slow e-con-full e-flex elementor-invisible e-con e-child\" data-id=\"2aea75e\" data-element_type=\"container\" data-e-type=\"container\" data-settings=\"{&quot;animation&quot;:&quot;fadeIn&quot;,&quot;background_background&quot;:&quot;classic&quot;,&quot;jet_parallax_layout_list&quot;:[]}\">\n\t\t\t\t<div class=\"elementor-element elementor-element-c020630 elementor-widget elementor-widget-heading\" data-id=\"c020630\" data-element_type=\"widget\" data-e-type=\"widget\" data-widget_type=\"heading.default\">\n\t\t\t\t<div class=\"elementor-widget-container\">\n\t\t\t\t\t<h1 class=\"elementor-heading-title elementor-size-default\">\u00fcber De Poshoorn<\/h1>\t\t\t\t<\/div>\n\t\t\t\t<\/div>\n\t\t\t\t<div class=\"elementor-element elementor-element-1ef5b1e elementor-widget__width-initial elementor-widget elementor-widget-text-editor\" data-id=\"1ef5b1e\" data-element_type=\"widget\" data-e-type=\"widget\" data-widget_type=\"text-editor.default\">\n\t\t\t\t<div class=\"elementor-widget-container\">\n\t\t\t\t\t\t\t\t\t<p>De Poshoorn wird von einem Team von etwa vierzig professionellen Gastronomen gef\u00fchrt. Engagierte Gastronomen, die alle Register ziehen, damit Sie sich wie zu Hause f\u00fchlen. Ganz einfach, weil dies ihre Leidenschaft ist. Angetrieben wird diese Leidenschaft von Yves Mullenders, Selfmade-Unternehmer im Gastgewerbe mit einer <i>Antrieb<\/i> f\u00fcr Gastfreundschaft und Innovation.<\/p>\t\t\t\t\t\t\t\t<\/div>\n\t\t\t\t<\/div>\n\t\t\t\t<\/div>\n\t\t\t\t\t<\/div>\n\t\t\t\t<\/div>\n\t\t<div class=\"elementor-element elementor-element-026cf3b e-flex e-con-boxed elementor-invisible e-con e-parent\" data-id=\"026cf3b\" data-element_type=\"container\" data-e-type=\"container\" data-settings=\"{&quot;background_background&quot;:&quot;classic&quot;,&quot;animation&quot;:&quot;fadeIn&quot;,&quot;jet_parallax_layout_list&quot;:[]}\">\n\t\t\t\t\t<div class=\"e-con-inner\">\n\t\t<div class=\"elementor-element elementor-element-b8bd894 e-con-full e-flex e-con e-child\" data-id=\"b8bd894\" data-element_type=\"container\" data-e-type=\"container\" data-settings=\"{&quot;jet_parallax_layout_list&quot;:[]}\">\n\t\t\t\t<div class=\"elementor-element elementor-element-b13ff01 elementor-widget elementor-widget-heading\" data-id=\"b13ff01\" data-element_type=\"widget\" data-e-type=\"widget\" data-widget_type=\"heading.default\">\n\t\t\t\t<div class=\"elementor-widget-container\">\n\t\t\t\t\t<h2 class=\"elementor-heading-title elementor-size-default\">Atmosph\u00e4re, Qualit\u00e4t und Komfort<\/h2>\t\t\t\t<\/div>\n\t\t\t\t<\/div>\n\t\t\t\t<div class=\"elementor-element elementor-element-f7bcfdf elementor-widget__width-initial elementor-widget elementor-widget-text-editor\" data-id=\"f7bcfdf\" data-element_type=\"widget\" data-e-type=\"widget\" data-widget_type=\"text-editor.default\">\n\t\t\t\t<div class=\"elementor-widget-container\">\n\t\t\t\t\t\t\t\t\t<p>Yves entdeckte vor etwa 20 Jahren seine Liebe zum Gastgewerbe, als er als Student bei De Poshoorn anfing. Gleichzeitig studierte er Marketing und Kommunikation. Als Inhaber von De Poshoorn kombiniert er nun diese beiden F\u00e4higkeiten, nachdem er in den letzten zwanzig Jahren seine Berufserfahrung als Manager mehrerer Gastgewerbebetriebe in Maastricht erweitert hat. Indem er sehr genau auf Atmosph\u00e4re, Qualit\u00e4t und Komfort achtet, gelingt es ihm, unterschiedliche Zielgruppen anzusprechen. Von jung bis alt und von Tourist bis <i>.<\/i>.<span class=\"Apple-converted-space\">\u00a0<\/span><\/p>\t\t\t\t\t\t\t\t<\/div>\n\t\t\t\t<\/div>\n\t\t\t\t<\/div>\n\t\t<div class=\"elementor-element elementor-element-47438cd e-con-full e-flex e-con e-child\" data-id=\"47438cd\" data-element_type=\"container\" data-e-type=\"container\" data-settings=\"{&quot;jet_parallax_layout_list&quot;:[]}\">\n\t\t\t\t<div class=\"elementor-element elementor-element-e01234f elementor-widget elementor-widget-image\" data-id=\"e01234f\" data-element_type=\"widget\" data-e-type=\"widget\" data-widget_type=\"image.default\">\n\t\t\t\t<div class=\"elementor-widget-container\">\n\t\t\t\t\t\t\t\t\t\t\t\t\t\t\t<img decoding=\"async\" src=\"https:\/\/poshoorn.nl\/wp-content\/uploads\/elementor\/thumbs\/de_Poshoorn_23-05-24_Website-150x-r8jdkfthevx1imgur7oswkol7xyv6j4hhggjgxw3s8.webp\" title=\"De Poshoorn Wyck Maastricht, Essen, Getr\u00e4nke und Unterkunft\" alt=\"De Poshoorn Wyck Maastricht, eten drinken &amp; overnachten\" loading=\"lazy\" \/>\t\t\t\t\t\t\t\t\t\t\t\t\t\t\t<\/div>\n\t\t\t\t<\/div>\n\t\t\t\t<\/div>\n\t\t\t\t\t<\/div>\n\t\t\t\t<\/div>\n\t\t<div class=\"elementor-element elementor-element-697c539 animated-slow e-flex e-con-boxed elementor-invisible e-con e-parent\" data-id=\"697c539\" data-element_type=\"container\" data-e-type=\"container\" data-settings=\"{&quot;background_background&quot;:&quot;classic&quot;,&quot;animation&quot;:&quot;fadeIn&quot;,&quot;jet_parallax_layout_list&quot;:[]}\">\n\t\t\t\t\t<div class=\"e-con-inner\">\n\t\t<div class=\"elementor-element elementor-element-e17356d e-con-full e-flex e-con e-child\" data-id=\"e17356d\" data-element_type=\"container\" data-e-type=\"container\" data-settings=\"{&quot;jet_parallax_layout_list&quot;:[]}\">\n\t\t\t\t<div class=\"elementor-element elementor-element-b793fa7 elementor-widget elementor-widget-image\" data-id=\"b793fa7\" data-element_type=\"widget\" data-e-type=\"widget\" data-widget_type=\"image.default\">\n\t\t\t\t<div class=\"elementor-widget-container\">\n\t\t\t\t\t\t\t\t\t\t\t\t\t\t\t<img decoding=\"async\" src=\"https:\/\/poshoorn.nl\/wp-content\/uploads\/elementor\/thumbs\/de_Poshoorn_23-05-24_Website-126x-r8jdkkin57blz9gkwxj862hjjdk9v5elvsmmqvqvxk.webp\" title=\"De Poshoorn Wyck Maastricht, Essen, Getr\u00e4nke und Unterkunft\" alt=\"De Poshoorn Wyck Maastricht, eten drinken &amp; overnachten\" loading=\"lazy\" \/>\t\t\t\t\t\t\t\t\t\t\t\t\t\t\t<\/div>\n\t\t\t\t<\/div>\n\t\t\t\t<\/div>\n\t\t<div class=\"elementor-element elementor-element-5394ca0 e-con-full e-flex e-con e-child\" data-id=\"5394ca0\" data-element_type=\"container\" data-e-type=\"container\" data-settings=\"{&quot;jet_parallax_layout_list&quot;:[]}\">\n\t\t\t\t<div class=\"elementor-element elementor-element-5d2ab57 elementor-widget elementor-widget-heading\" data-id=\"5d2ab57\" data-element_type=\"widget\" data-e-type=\"widget\" data-widget_type=\"heading.default\">\n\t\t\t\t<div class=\"elementor-widget-container\">\n\t\t\t\t\t<h2 class=\"elementor-heading-title elementor-size-default\">Einzigartige Kombination aus Authentizit\u00e4t und Zeitgem\u00e4\u00dfheit<\/h2>\t\t\t\t<\/div>\n\t\t\t\t<\/div>\n\t\t\t\t<div class=\"elementor-element elementor-element-2d00184 elementor-widget elementor-widget-text-editor\" data-id=\"2d00184\" data-element_type=\"widget\" data-e-type=\"widget\" data-widget_type=\"text-editor.default\">\n\t\t\t\t<div class=\"elementor-widget-container\">\n\t\t\t\t\t\t\t\t\t<p>\"Ich liebe Herausforderungen, Entwicklung und Innovation. Obwohl De Poshoorn ein authentisches und historisches Geb\u00e4ude ist, bedeutet das nicht, dass man beruflich stagnieren muss. Ich denke, es geht um diese einzigartige Kombination aus Authentizit\u00e4t und Zeitgem\u00e4\u00dfheit. Und hier beziehe ich meine Mitarbeiter so weit wie m\u00f6glich mit ein. Jeder, der sich im Gastgewerbe weiterentwickeln m\u00f6chte, bekommt die M\u00f6glichkeit dazu, und das spiegelt sich in der Atmosph\u00e4re und Qualit\u00e4t von De Poshoorn wider.\"<\/p>\t\t\t\t\t\t\t\t<\/div>\n\t\t\t\t<\/div>\n\t\t\t\t<div class=\"elementor-element elementor-element-b7c78b8 elementor-widget elementor-widget-text-editor\" data-id=\"b7c78b8\" data-element_type=\"widget\" data-e-type=\"widget\" data-widget_type=\"text-editor.default\">\n\t\t\t\t<div class=\"elementor-widget-container\">\n\t\t\t\t\t\t\t\t\t<p>\"Mein Ziel war es, eine Poshoorn-Familie zu schaffen, und die haben wir jetzt. Die Menschen arbeiten gerne hier und das strahlen sie auch aus. Viele unserer Mitarbeiter arbeiten hier, seit ich 2017 die Leitung \u00fcbernommen habe. Wie eine gut ge\u00f6lte Maschine machen sie De Poshoorn zu einem Erfolg und zu dem Ort in Maastricht, an dem auch unsere G\u00e4ste diese famili\u00e4re und gem\u00fctliche Atmosph\u00e4re finden. Gem\u00fctlichkeit in der hektischen Stadt!\"<span class=\"Apple-converted-space\">\u00a0<\/span><\/p>\t\t\t\t\t\t\t\t<\/div>\n\t\t\t\t<\/div>\n\t\t\t\t<\/div>\n\t\t\t\t\t<\/div>\n\t\t\t\t<\/div>\n\t\t\t\t<\/div>","protected":false},"excerpt":{"rendered":"<p>over de poshoorn De Poshoorn wordt gerund door een team van zo\u2019n veertig horecaprofessionals. Gedreven hospitality mensen die alles uit de kast halen om het jou naar de zin te maken. Simpelweg omdat dit hun passie is. Die passie wordt aangedreven door Yves Mullenders, selfmade horecaondernemer met een drive voor gastvrijheid en innovatie. Sfeer, kwaliteit [&hellip;]<\/p>\n","protected":false},"author":1,"featured_media":0,"parent":0,"menu_order":0,"comment_status":"closed","ping_status":"closed","template":"elementor_header_footer","meta":{"footnotes":""},"class_list":["post-369","page","type-page","status-publish","hentry"],"_links":{"self":[{"href":"https:\/\/poshoorn.nl\/de\/wp-json\/wp\/v2\/pages\/369","targetHints":{"allow":["GET"]}}],"collection":[{"href":"https:\/\/poshoorn.nl\/de\/wp-json\/wp\/v2\/pages"}],"about":[{"href":"https:\/\/poshoorn.nl\/de\/wp-json\/wp\/v2\/types\/page"}],"author":[{"embeddable":true,"href":"https:\/\/poshoorn.nl\/de\/wp-json\/wp\/v2\/users\/1"}],"replies":[{"embeddable":true,"href":"https:\/\/poshoorn.nl\/de\/wp-json\/wp\/v2\/comments?post=369"}],"version-history":[{"count":26,"href":"https:\/\/poshoorn.nl\/de\/wp-json\/wp\/v2\/pages\/369\/revisions"}],"predecessor-version":[{"id":866,"href":"https:\/\/poshoorn.nl\/de\/wp-json\/wp\/v2\/pages\/369\/revisions\/866"}],"wp:attachment":[{"href":"https:\/\/poshoorn.nl\/de\/wp-json\/wp\/v2\/media?parent=369"}],"curies":[{"name":"wp","href":"https:\/\/api.w.org\/{rel}","templated":true}]}}